{"id":7542,"date":"2024-02-16T13:18:11","date_gmt":"2024-02-16T12:18:11","guid":{"rendered":"https:\/\/www.elektrofix.nl\/services\/"},"modified":"2024-02-16T13:18:11","modified_gmt":"2024-02-16T12:18:11","slug":"services","status":"publish","type":"page","link":"https:\/\/www.elektrofix.nl\/fr\/services\/","title":{"rendered":"Services"},"content":{"rendered":"<p>[vc_row][vc_column][vc_column_text]<\/p>\n<h2>Elektrofix : pour toutes vos solutions mat\u00e9rielles et logicielles pour l&rsquo;automobile<\/h2>\n<p>Elektrofix est l\u00e0 pour tous vos probl\u00e8mes d&rsquo;\u00e9lectronique automobile et pour des solutions rapides et efficaces. Nous sommes sp\u00e9cialis\u00e9s dans les r\u00e9parations \u00e9lectroniques BMW, mais vous pouvez \u00e9galement vous adresser \u00e0 nous pour la plupart des r\u00e9parations concernant de nombreuses autres marques de voitures.[\/vc_column_text][\/vc_column][\/vc_row][vc_row][vc_column][vc_column_text]<\/p>\n<h2>Services pour toutes les marques de voitures<\/h2>\n<p>[\/vc_column_text][\/vc_column][\/vc_row][vc_row full_width=\u00a0\u00bbstretch_row\u00a0\u00bb equal_height=\u00a0\u00bbyes\u00a0\u00bb css=\u00a0\u00bb.vc_custom_1612444970484{padding-top: 20px !important;padding-bottom: 20px !important;}\u00a0\u00bb el_class=\u00a0\u00bbicon-box\u00a0\u00bb][vc_column css=\u00a0\u00bb.vc_custom_1612178382879{padding-top: 0px !important;padding-bottom: 0px !important;}\u00a0\u00bb][vc_row_inner equal_height=\u00a0\u00bbyes\u00a0\u00bb css=\u00a0\u00bb.vc_custom_1612179828511{margin-right: 0px !important;margin-left: 0px !important;padding-top: 0px !important;padding-bottom: 0px !important;}\u00a0\u00bb][vc_column_inner width=\u00a0\u00bb1\/3&Prime; css=\u00a0\u00bb.vc_custom_1620037416537{padding-top: 0px !important;padding-bottom: 0px !important;}\u00a0\u00bb column_link=\u00a0\u00bburl:%2Fautonavigatie-reparatie%2F|title:Reparatie%20Autonavigatie||\u00a0\u00bb][vc_column_text css=\u00a0\u00bb.vc_custom_1613650558232{margin-bottom: 0px !important;}\u00a0\u00bb]<img decoding=\"async\" class=\"alignnone size-full wp-image-235 lazyload\" data-src=\"\/wp-content\/uploads\/Group-46.png\" alt=\"r\u00e9paration du syst\u00e8me de navigation automobile elektrofix\" width=\"45\" height=\"45\" src=\"data:image\/svg+xml;base64,PHN2ZyB3aWR0aD0iMSIgaGVpZ2h0PSIxIiB4bWxucz0iaHR0cDovL3d3dy53My5vcmcvMjAwMC9zdmciPjwvc3ZnPg==\" style=\"--smush-placeholder-width: 45px; --smush-placeholder-aspect-ratio: 45\/45;\"><\/p>\n<h6>Voiture<br \/>\nnavigation<\/h6>\n<p>Le syst\u00e8me de navigation de la voiture ne fonctionne pas ou affiche un message d&rsquo;erreur ? R\u00e9paration, montage ou installation de syst\u00e8mes de navigation automobile.[\/vc_column_text][\/vc_column_inner][vc_column_inner width=\u00a0\u00bb1\/3&Prime; css=\u00a0\u00bb.vc_custom_1620037427459{padding-top: 0px !important;padding-bottom: 0px !important;}\u00a0\u00bb column_link=\u00a0\u00bburl:%2Fcd-wisselaar-reparatie%2F|title:Reparatie%20CD%2FDVD%20wisselaar||\u00a0\u00bb][vc_column_text css=\u00a0\u00bb.vc_custom_1613647722905{margin-bottom: 0px !important;}\u00a0\u00bb]<img decoding=\"async\" class=\"alignnone size-full wp-image-236 lazyload\" data-src=\"\/wp-content\/uploads\/Group-47.png\" alt=\"r\u00e9paration du lecteur cd elektrofix\" width=\"45\" height=\"45\" src=\"data:image\/svg+xml;base64,PHN2ZyB3aWR0aD0iMSIgaGVpZ2h0PSIxIiB4bWxucz0iaHR0cDovL3d3dy53My5vcmcvMjAwMC9zdmciPjwvc3ZnPg==\" style=\"--smush-placeholder-width: 45px; --smush-placeholder-aspect-ratio: 45\/45;\"><\/p>\n<h6>Lecteurs de CD<br \/>\nvoiture<\/h6>\n<p>Le lecteur CD ne fonctionne pas correctement ou s&rsquo;arr\u00eate de s&rsquo;ouvrir ? Appelez Elektrofix ![\/vc_column_text][\/vc_column_inner][vc_column_inner width=\u00a0\u00bb1\/3&Prime; css=\u00a0\u00bb.vc_custom_1620037441524{padding-top: 0px !important;padding-bottom: 0px !important;}\u00a0\u00bb column_link=\u00a0\u00bburl:%2Fautoradio-reparatie%2F|title:Inbouw%2Freparatie%20Autoradio||\u00a0\u00bb][vc_column_text css=\u00a0\u00bb.vc_custom_1613647747428{margin-bottom: 0px !important;}\u00a0\u00bb]<img decoding=\"async\" class=\"alignnone size-full wp-image-237 lazyload\" data-src=\"\/wp-content\/uploads\/Group-48.png\" alt=\"installation d'un autoradio\" width=\"45\" height=\"36\" src=\"data:image\/svg+xml;base64,PHN2ZyB3aWR0aD0iMSIgaGVpZ2h0PSIxIiB4bWxucz0iaHR0cDovL3d3dy53My5vcmcvMjAwMC9zdmciPjwvc3ZnPg==\" style=\"--smush-placeholder-width: 45px; --smush-placeholder-aspect-ratio: 45\/36;\"><\/p>\n<h6>Autoradio<br \/>\ninstaller<\/h6>\n<p>Autoradio ou autre syst\u00e8me de sonorisation install\u00e9 ? Consultez nos options.[\/vc_column_text][\/vc_column_inner][\/vc_row_inner][vc_row_inner equal_height=\u00a0\u00bbyes\u00a0\u00bb css=\u00a0\u00bb.vc_custom_1612179828511{margin-right: 0px !important;margin-left: 0px !important;padding-top: 0px !important;padding-bottom: 0px !important;}\u00a0\u00bb][vc_column_inner width=\u00a0\u00bb1\/3&Prime; css=\u00a0\u00bb.vc_custom_1620037404632{padding-top: 0px !important;padding-bottom: 0px !important;}\u00a0\u00bb column_link=\u00a0\u00bburl:%2Fautospeaker-reparatie%2F|title:Autospeaker%20reparatie||\u00a0\u00bb][vc_column_text css=\u00a0\u00bb.vc_custom_1613647762014{margin-bottom: 0px !important;}\u00a0\u00bb]<img decoding=\"async\" class=\"alignnone size-full wp-image-238 lazyload\" data-src=\"\/wp-content\/uploads\/Group-49.png\" alt=\"r\u00e9paration de mat\u00e9riel audio elektrofix\" width=\"32\" height=\"38\" src=\"data:image\/svg+xml;base64,PHN2ZyB3aWR0aD0iMSIgaGVpZ2h0PSIxIiB4bWxucz0iaHR0cDovL3d3dy53My5vcmcvMjAwMC9zdmciPjwvc3ZnPg==\" style=\"--smush-placeholder-width: 32px; --smush-placeholder-aspect-ratio: 32\/38;\"><\/p>\n<h6>Mat\u00e9riel de sonorisation <span class=\"sub-title\"> (amplificateurs <\/span>)  <\/h6>\n<p>Nous r\u00e9parons les \u00e9quipements sonores, les haut-parleurs et les amplificateurs cass\u00e9s dans votre voiture.[\/vc_column_text][\/vc_column_inner][vc_column_inner width=\u00a0\u00bb1\/3&Prime; css=\u00a0\u00bb.vc_custom_1620037369621{padding-top: 0px !important;padding-bottom: 0px !important;}\u00a0\u00bb column_link=\u00a0\u00bburl:%2Fnavigatiekaart-updates%2F|title:Navigatiecode%20kwijt%3F||\u00a0\u00bb][vc_column_text css=\u00a0\u00bb.vc_custom_1614608580909{margin-bottom: 0px !important;}\u00a0\u00bb]<img decoding=\"async\" class=\"alignnone size-full wp-image-235 lazyload\" data-src=\"\/wp-content\/uploads\/Group-46.png\" alt=\"r\u00e9paration du syst\u00e8me de navigation automobile elektrofix\" width=\"45\" height=\"45\" src=\"data:image\/svg+xml;base64,PHN2ZyB3aWR0aD0iMSIgaGVpZ2h0PSIxIiB4bWxucz0iaHR0cDovL3d3dy53My5vcmcvMjAwMC9zdmciPjwvc3ZnPg==\" style=\"--smush-placeholder-width: 45px; --smush-placeholder-aspect-ratio: 45\/45;\"><\/p>\n<h6>Perte du code de navigation<\/h6>\n<p>Code de navigation automobile perdu cass\u00e9 ? Elektrofix aide ![\/vc_column_text][\/vc_column_inner][vc_column_inner width=\u00a0\u00bb1\/3&Prime; css=\u00a0\u00bb.vc_custom_1620037343363{padding-top: 0px !important;padding-bottom: 0px !important;}\u00a0\u00bb column_link=\u00a0\u00bburl:%2Fachteruitcamera-inbouw%2F|title:Inbouw%20Achteruitrijcamera||\u00a0\u00bb][\/vc_column_inner][\/vc_row_inner][\/vc_column][\/vc_row][vc_row][vc_column][vc_column_text]<\/p>\n<h2>R\u00e9parations sp\u00e9ciales pour BMW et Mini<\/h2>\n<p>[\/vc_column_text][\/vc_column][\/vc_row][vc_row full_width=\u00a0\u00bbstretch_row\u00a0\u00bb equal_height=\u00a0\u00bbyes\u00a0\u00bb css=\u00a0\u00bb.vc_custom_1612444970484{padding-top: 20px !important;padding-bottom: 20px !important;}\u00a0\u00bb el_class=\u00a0\u00bbicon-box\u00a0\u00bb][vc_column css=\u00a0\u00bb.vc_custom_1612178382879{padding-top: 0px !important;padding-bottom: 0px !important;}\u00a0\u00bb][vc_row_inner equal_height=\u00a0\u00bbyes\u00a0\u00bb css=\u00a0\u00bb.vc_custom_1612179828511{margin-right: 0px !important;margin-left: 0px !important;padding-top: 0px !important;padding-bottom: 0px !important;}\u00a0\u00bb][vc_column_inner width=\u00a0\u00bb1\/3&Prime; column_link=\u00a0\u00bburl:%2Fbmw-ccc%2F|||\u00a0\u00bb][vc_column_text css=\u00a0\u00bb.vc_custom_1619775005685{margin-bottom: 0px !important;}\u00a0\u00bb]<img decoding=\"async\" class=\"alignnone size-full wp-image-235 lazyload\" data-src=\"\/wp-content\/uploads\/Group-46.png\" alt=\"r\u00e9paration du syst\u00e8me de navigation automobile elektrofix\" width=\"45\" height=\"45\" src=\"data:image\/svg+xml;base64,PHN2ZyB3aWR0aD0iMSIgaGVpZ2h0PSIxIiB4bWxucz0iaHR0cDovL3d3dy53My5vcmcvMjAwMC9zdmciPjwvc3ZnPg==\" style=\"--smush-placeholder-width: 45px; --smush-placeholder-aspect-ratio: 45\/45;\"><\/p>\n<h6>BMW CCC Navigation r\u00e9paration<\/h6>\n<p>Votre expert en r\u00e9paration de BMW CCC[\/vc_column_text][\/vc_column_inner][vc_column_inner width=\u00a0\u00bb1\/3&Prime; css=\u00a0\u00bb.vc_custom_1620037315652{padding-top: 0px !important;padding-bottom: 0px !important;}\u00a0\u00bb column_link=\u00a0\u00bburl:%2Fnavigatiekaart-updates%2F|title:Updaten%20navigatiekaart||\u00a0\u00bb][vc_column_text css=\u00a0\u00bb.vc_custom_1613647823535{margin-bottom: 0px !important;}\u00a0\u00bb]<img decoding=\"async\" class=\"alignnone size-full wp-image-241 lazyload\" data-src=\"\/wp-content\/uploads\/Group-53.png\" alt=\"mettre \u00e0 jour la carte de navigation\" width=\"43\" height=\"43\" src=\"data:image\/svg+xml;base64,PHN2ZyB3aWR0aD0iMSIgaGVpZ2h0PSIxIiB4bWxucz0iaHR0cDovL3d3dy53My5vcmcvMjAwMC9zdmciPjwvc3ZnPg==\" style=\"--smush-placeholder-width: 43px; --smush-placeholder-aspect-ratio: 43\/43;\"><\/p>\n<h6>Mises \u00e0 jour des cartes de navigation <span class=\"sub-title\"> (logiciel <\/span>)  <\/h6>\n<p>Toujours le bon chemin sur la route ? Nous fournissons les mises \u00e0 jour n\u00e9cessaires des cartes de navigation.[\/vc_column_text][\/vc_column_inner][vc_column_inner width=\u00a0\u00bb1\/3&Prime; column_link=\u00a0\u00bburl:%2Fautosleutel-reparatie%2F|title:Autosleutel%20reparatie||\u00a0\u00bb][vc_column_text]<img decoding=\"async\" class=\"alignnone size-full wp-image-232 lazyload\" data-src=\"\/wp-content\/uploads\/Group-55.png\" alt=\"r\u00e9paration de cl\u00e9s de voiture\" width=\"42\" height=\"42\" src=\"data:image\/svg+xml;base64,PHN2ZyB3aWR0aD0iMSIgaGVpZ2h0PSIxIiB4bWxucz0iaHR0cDovL3d3dy53My5vcmcvMjAwMC9zdmciPjwvc3ZnPg==\" style=\"--smush-placeholder-width: 42px; --smush-placeholder-aspect-ratio: 42\/42;\"><\/p>\n<h6>Cl\u00e9 de voiture<br \/>\nr\u00e9paration<\/h6>\n<p>Votre communiqu\u00e9 \u00e9lectronique ne fonctionne plus ? Appelez Elektrofix pour la r\u00e9paration des cl\u00e9s de voiture.[\/vc_column_text][\/vc_column_inner][\/vc_row_inner][vc_row_inner equal_height=\u00a0\u00bbyes\u00a0\u00bb css=\u00a0\u00bb.vc_custom_1612179828511{margin-right: 0px !important;margin-left: 0px !important;padding-top: 0px !important;padding-bottom: 0px !important;}\u00a0\u00bb][vc_column_inner width=\u00a0\u00bb1\/3&Prime; column_link=\u00a0\u00bburl:%2Fcarkit-inbouw%2F|title:Bluetooth%20carkit%20inbouw||\u00a0\u00bb][vc_column_text]<img decoding=\"async\" class=\"alignnone size-full wp-image-239 lazyload\" data-src=\"\/wp-content\/uploads\/Group-51.png\" alt=\"t\u00e9l\u00e9phones blue-tooth\" width=\"31\" height=\"41\" src=\"data:image\/svg+xml;base64,PHN2ZyB3aWR0aD0iMSIgaGVpZ2h0PSIxIiB4bWxucz0iaHR0cDovL3d3dy53My5vcmcvMjAwMC9zdmciPjwvc3ZnPg==\" style=\"--smush-placeholder-width: 31px; --smush-placeholder-aspect-ratio: 31\/41;\"><\/p>\n<h6>Blue-tooth<br \/>\nt\u00e9l\u00e9phones \/ kits de voiture<\/h6>\n<p>Nous installons votre kit voiture blue-tooth ou votre t\u00e9l\u00e9phone dans la voiture et r\u00e9parons les accessoires blue-tooth.[\/vc_column_text][\/vc_column_inner][vc_column_inner width=\u00a0\u00bb1\/3&Prime; css=\u00a0\u00bb.vc_custom_1620037250951{padding-top: 0px !important;padding-bottom: 0px !important;}\u00a0\u00bb column_link=\u00a0\u00bburl:%2Fapple-carplay%2F|title:Apple%20CarPlay%20installatie||\u00a0\u00bb][vc_column_text css=\u00a0\u00bb.vc_custom_1614607728452{margin-bottom: 0px !important;}\u00a0\u00bb]<img decoding=\"async\" class=\"alignnone size-full wp-image-233 lazyload\" data-src=\"https:\/\/www.elektrofix.nl\/wp-content\/uploads\/Group-64.png\" alt=\"r\u00e9paration\/programmation de l'\u00e9lectronique automobile\" width=\"52\" height=\"41\" src=\"data:image\/svg+xml;base64,PHN2ZyB3aWR0aD0iMSIgaGVpZ2h0PSIxIiB4bWxucz0iaHR0cDovL3d3dy53My5vcmcvMjAwMC9zdmciPjwvc3ZnPg==\" style=\"--smush-placeholder-width: 52px; --smush-placeholder-aspect-ratio: 52\/41;\"><\/p>\n<h6>Apple CarPlay<\/h6>\n<p>Installer ou r\u00e9parer Apple CarPlay dans votre voiture ? Elektrofix le r\u00e9pare pour vous ![\/vc_column_text][\/vc_column_inner][vc_column_inner width=\u00a0\u00bb1\/3&Prime; column_link=\u00a0\u00bburl:%2Fecu-reparatie%2F|title:Electronic%20control%20unit%20(ECU)%20reparatie||\u00a0\u00bb][vc_column_text css=\u00a0\u00bb.vc_custom_1613650406276{margin-bottom: 0px !important;}\u00a0\u00bb]<img decoding=\"async\" class=\"alignnone size-full wp-image-233 lazyload\" data-src=\"https:\/\/www.elektrofix.nl\/wp-content\/uploads\/Group-64.png\" alt=\"r\u00e9paration\/programmation de l'\u00e9lectronique automobile\" width=\"52\" height=\"41\" src=\"data:image\/svg+xml;base64,PHN2ZyB3aWR0aD0iMSIgaGVpZ2h0PSIxIiB4bWxucz0iaHR0cDovL3d3dy53My5vcmcvMjAwMC9zdmciPjwvc3ZnPg==\" style=\"--smush-placeholder-width: 52px; --smush-placeholder-aspect-ratio: 52\/41;\"><\/p>\n<h6>R\u00e9paration \/ programmation du calculateur<\/h6>\n<p>Votre expert pour la r\u00e9paration\/programmation d&rsquo;ECU, DME, DDE, DSC, CAS, FEM et plus encore.[\/vc_column_text][\/vc_column_inner][\/vc_row_inner][\/vc_column][\/vc_row]<\/p>\n","protected":false},"excerpt":{"rendered":"<p>[vc_row][vc_column][vc_column_text] Elektrofix : pour toutes vos solutions mat\u00e9rielles et logicielles pour l&rsquo;automobile Elektrofix est l\u00e0 pour tous vos probl\u00e8mes d&rsquo;\u00e9lectronique automobile et pour des solutions<a class=\"moretag\" href=\"https:\/\/www.elektrofix.nl\/fr\/services\/\">&#8230;<\/a><\/p>\n","protected":false},"author":2,"featured_media":0,"parent":0,"menu_order":0,"comment_status":"closed","ping_status":"closed","template":"","meta":{"footnotes":""},"class_list":["post-7542","page","type-page","status-publish","hentry"],"_links":{"self":[{"href":"https:\/\/www.elektrofix.nl\/fr\/wp-json\/wp\/v2\/pages\/7542","targetHints":{"allow":["GET"]}}],"collection":[{"href":"https:\/\/www.elektrofix.nl\/fr\/wp-json\/wp\/v2\/pages"}],"about":[{"href":"https:\/\/www.elektrofix.nl\/fr\/wp-json\/wp\/v2\/types\/page"}],"author":[{"embeddable":true,"href":"https:\/\/www.elektrofix.nl\/fr\/wp-json\/wp\/v2\/users\/2"}],"replies":[{"embeddable":true,"href":"https:\/\/www.elektrofix.nl\/fr\/wp-json\/wp\/v2\/comments?post=7542"}],"version-history":[{"count":0,"href":"https:\/\/www.elektrofix.nl\/fr\/wp-json\/wp\/v2\/pages\/7542\/revisions"}],"wp:attachment":[{"href":"https:\/\/www.elektrofix.nl\/fr\/wp-json\/wp\/v2\/media?parent=7542"}],"curies":[{"name":"wp","href":"https:\/\/api.w.org\/{rel}","templated":true}]}}