{"id":7532,"date":"2024-02-16T13:18:09","date_gmt":"2024-02-16T12:18:09","guid":{"rendered":"https:\/\/www.elektrofix.nl\/reparation-de-la-navigation-automobile\/"},"modified":"2024-02-16T13:18:09","modified_gmt":"2024-02-16T12:18:09","slug":"reparation-de-la-navigation-automobile","status":"publish","type":"page","link":"https:\/\/www.elektrofix.nl\/fr\/reparation-de-la-navigation-automobile\/","title":{"rendered":"R\u00e9paration de la navigation automobile"},"content":{"rendered":"<p>[vc_row full_width=\u00a0\u00bbstretch_row\u00a0\u00bb css=\u00a0\u00bb.vc_custom_1612202182063{padding-top: 30px !important;padding-bottom: 15px !important;}\u00a0\u00bb][vc_column css=\u00a0\u00bb.vc_custom_1612180223540{padding-top: 0px !important;padding-bottom: 0px !important;}\u00a0\u00bb][vc_column_text]<\/p>\n<h5>Elektrofix est votre partenaire de A \u00e0 Z<\/h5>\n<h2>Mise \u00e0 jour et r\u00e9paration de votre syst\u00e8me de navigation<\/h2>\n<p>[\/vc_column_text][vc_row_inner equal_height=\u00a0\u00bbyes\u00a0\u00bb css=\u00a0\u00bb.vc_custom_1614158970828{padding-top: 0px !important;padding-bottom: 0px !important;}\u00a0\u00bb][vc_column_inner width=\u00a0\u00bb1\/2&Prime; css=\u00a0\u00bb.vc_custom_1612180239327{padding-top: 0px !important;padding-bottom: 0px !important;}\u00a0\u00bb][vc_column_text]<img decoding=\"async\" class=\"alignnone size-full wp-image-499 lazyload\" data-src=\"\/wp-content\/uploads\/image-10.jpeg\" alt=\"R\u00e9paration de la navigation automobile\" width=\"100%\" height=\"auto\" data-srcset=\"https:\/\/www.elektrofix.nl\/wp-content\/uploads\/image-10.jpeg 500w, https:\/\/www.elektrofix.nl\/wp-content\/uploads\/image-10-300x200.jpeg 300w\" data-sizes=\"(max-width: 500px) 100vw, 500px\" src=\"data:image\/svg+xml;base64,PHN2ZyB3aWR0aD0iMSIgaGVpZ2h0PSIxIiB4bWxucz0iaHR0cDovL3d3dy53My5vcmcvMjAwMC9zdmciPjwvc3ZnPg==\" style=\"--smush-placeholder-width: 500px; --smush-placeholder-aspect-ratio: 500\/334;\" \/>[\/vc_column_text][\/vc_column_inner][vc_column_inner width=\u00a0\u00bb1\/2&Prime; css=\u00a0\u00bb.vc_custom_1612180248955{padding-top: 0px !important;padding-bottom: 0px !important;}\u00a0\u00bb][vc_column_text]Le syst\u00e8me de navigation de votre voiture ne fonctionne pas ? Ou bien votre syst\u00e8me ne fonctionne plus comme il le devrait ? Ou bien votre syst\u00e8me de navigation (automobile) est-il \u00ab\u00a0simplement en panne\u00a0\u00bb ? Dans la plupart des cas, nous pouvons le r\u00e9parer dans notre atelier \u00e0 Arnhem. Les travaux les plus courants sur un syst\u00e8me de navigation automobile sont le remplacement de la batterie, la r\u00e9paration\/le remplacement d&rsquo;un \u00e9cran fissur\u00e9, un connecteur USB cass\u00e9 ou endommag\u00e9 ou une mise \u00e0 jour du logiciel de navigation et une mise \u00e0 jour ou une r\u00e9initialisation des cartes install\u00e9es.<\/p>\n<p>Nous r\u00e9parons votre syst\u00e8me de navigation s&rsquo;il est en panne. Parce qu&rsquo;il n&rsquo;y a rien de plus ennuyeux que des appareils \u00e9lectroniques qui ne fonctionnent pas dans la voiture. D&rsquo;autant plus que vous en \u00eates parfois tr\u00e8s d\u00e9pendant, comme dans le cas d&rsquo;un syst\u00e8me de navigation. La r\u00e9paration des syst\u00e8mes de navigation de presque toutes les marques est une sp\u00e9cialit\u00e9 d&rsquo;Elektrofix ![\/vc_column_text][vc_btn title=\u00a0\u00bbDemande de devis\u00a0\u00bb style=\u00a0\u00bbcustom\u00a0\u00bb custom_text=\u00a0\u00bb#666666&Prime; el_class=\u00a0\u00bbblue-btn\u00a0\u00bb link=\u00a0\u00bburl:%23offerte|||\u00a0\u00bb][\/vc_column_inner][\/vc_row_inner][\/vc_column][\/vc_row][vc_row full_width=\u00a0\u00bbstretch_row\u00a0\u00bb css=\u00a0\u00bb.vc_custom_1612202018327{padding-top: 50px !important;padding-bottom: 15px !important;}\u00a0\u00bb][vc_column css=\u00a0\u00bb.vc_custom_1612180223540{padding-top: 0px !important;padding-bottom: 0px !important;}\u00a0\u00bb][vc_column_text]<\/p>\n<h5>La r\u00e9paration chez Elektrofix est moins ch\u00e8re<\/h5>\n<h2>La r\u00e9paration du syst\u00e8me de navigation automobile est plus \u00e9conomique que son remplacement<\/h2>\n<p>[\/vc_column_text][vc_row_inner css=\u00a0\u00bb.vc_custom_1612260131186{padding-top: 0px !important;padding-bottom: 0px !important;}\u00a0\u00bb][vc_column_inner css=\u00a0\u00bb.vc_custom_1612180239327{padding-top: 0px !important;padding-bottom: 0px !important;}\u00a0\u00bb][vc_column_text]Vous partez bient\u00f4t en vacances ? Ou bien vous partez \u00e0 l&rsquo;\u00e9tranger avec votre voiture. Votre syst\u00e8me de navigation a-t-il \u00e9t\u00e9 mis \u00e0 jour avec les derni\u00e8res mises \u00e0 jour du logiciel de navigation ? Et avez-vous une batterie ou une pile qui vous permettra de tenir quelques heures de plus ? Si ce n&rsquo;est pas le cas, le service de r\u00e9paration de navigation automobile d&rsquo;Elektrofix est fait pour vous. Chez Elektrofix, vous pouvez obtenir une r\u00e9paration de navigation peu co\u00fbteuse, rapide et de qualit\u00e9. Nous r\u00e9parons les modules pour une fraction du prix du neuf, avec garantie bien s\u00fbr ! En faisant r\u00e9parer les pi\u00e8ces \u00e9lectroniques de votre voiture par nos soins, vous \u00e9conomiserez beaucoup d&rsquo;argent. Souvent, l&rsquo;achat d&rsquo;une pi\u00e8ce d\u00e9fectueuse aupr\u00e8s d&rsquo;un revendeur est tr\u00e8s co\u00fbteux.<\/p>\n<p>En outre, les concessionnaires facturent des taux horaires d\u00e9cents pour le montage et le d\u00e9montage des pi\u00e8ces. Souvent, l&rsquo;apprentissage de la nouvelle pi\u00e8ce est \u00e9galement factur\u00e9. Chez Elektrofix, l&rsquo;installation et le d\u00e9montage de votre syst\u00e8me de navigation sont toujours gratuits et vous ne devez pas vous rendre chez le concessionnaire pour faire r\u00e9installer la pi\u00e8ce r\u00e9par\u00e9e. Nous effectuons toutes les r\u00e9parations de navigation automobile dans notre propre atelier.[\/vc_column_text][\/vc_column_inner][\/vc_row_inner][\/vc_column][\/vc_row][vc_row full_width=\u00a0\u00bbstretch_row\u00a0\u00bb css=\u00a0\u00bb.vc_custom_1614932124599{padding-top: 30px !important;padding-bottom: 15px !important;}\u00a0\u00bb][vc_column][vc_column_text]<\/p>\n<h2>Code de navigation ou de radio perdu ? Elektrofix le d\u00e9couvre !<\/h2>\n<p>Nous calculons pour vous tous les codes de radio et de navigation ! Les num\u00e9ros de s\u00e9rie commencent souvent par l&rsquo;une de ces lettres :<\/p>\n<ul>\n<li>VWZ<\/li>\n<li>AUZ<\/li>\n<li>SKZ<\/li>\n<\/ul>\n<p>[\/vc_column_text][vc_column_text]Nous connaissons les marques telles que Audi, Volkswagen, Seat, Skoda, Opel, Nissan, Ford, Alfa Romeo, Reanult, Becker. Nos mod\u00e8les standard sont les suivants :<\/p>\n<ul>\n<li>Volkswagen RNS 315<\/li>\n<li>Seat \/ Skoda RNS 315<\/li>\n<li>Volkswagen \/ Seat \/ Skoda RCD 200 \/ 210 \/ 300 \/ 310<\/li>\n<li>Volkswagen \/ Seat \/ Skoda MFD \/ MFD2<\/li>\n<li>Audi RNS-E \/ RNS-E \/ PU<\/li>\n<\/ul>\n<p>Si vous envoyez le num\u00e9ro de s\u00e9rie de votre syst\u00e8me de navigation ou de votre radio par Whatsapp ou via le formulaire de contact, vous recevrez le code original \u00e0 quatre chiffres dans un d\u00e9lai d&rsquo;un jour.[\/vc_column_text][\/vc_column][\/vc_row][vc_row full_width=\u00a0\u00bbstretch_row\u00a0\u00bb css=\u00a0\u00bb.vc_custom_1612199972923{margin-top: 50px !important;margin-bottom: 50px !important;padding-top: 0px !important;padding-bottom: 0px !important;background-image: url(https:\/\/www.elektrofix.nl\/wp-content\/uploads\/pexels-ingo-joseph-13781-1.png?id=250) !important;background-position: center !important;background-repeat: no-repeat !important;background-size: cover !important;}\u00a0\u00bb el_class=\u00a0\u00bbcta-box\u00a0\u00bb][vc_column css=\u00a0\u00bb.vc_custom_1612180223540{padding-top: 0px !important;padding-bottom: 0px !important;}\u00a0\u00bb][vc_row_inner equal_height=\u00a0\u00bbyes\u00a0\u00bb content_placement=\u00a0\u00bbmiddle\u00a0\u00bb css=\u00a0\u00bb.vc_custom_1612260422676{padding-top: 0px !important;padding-bottom: 0px !important;}\u00a0\u00bb][vc_column_inner el_class=\u00a0\u00bbcta-gradient-box\u00a0\u00bb width=\u00a0\u00bb1\/2&Prime; css=\u00a0\u00bb.vc_custom_1612200066371{padding-top: 65px !important;padding-bottom: 35px !important;}\u00a0\u00bb][vc_column_text]<\/p>\n<h2>Curieux de savoir<br \/>\nles possibilit\u00e9s ?<\/h2>\n<p>Elektrofix est un sp\u00e9cialiste des r\u00e9parations \u00e9lectroniques automobiles et du codage de logiciels. Contactez-nous d\u00e8s aujourd&rsquo;hui pour un rendez-vous ![\/vc_column_text][vc_btn title=\u00a0\u00bbDemande de devis\u00a0\u00bb style=\u00a0\u00bbcustom\u00a0\u00bb custom_text=\u00a0\u00bb#666666&Prime; el_class=\u00a0\u00bbwhite-btn\u00a0\u00bb link=\u00a0\u00bburl:%23offerte|||\u00a0\u00bb][\/vc_column_inner][vc_column_inner width=\u00a0\u00bb1\/2&Prime; css=\u00a0\u00bb.vc_custom_1612180248955{padding-top: 0px !important;padding-bottom: 0px !important;}\u00a0\u00bb][\/vc_column_inner][\/vc_row_inner][\/vc_column][\/vc_row][vc_row full_width=\u00a0\u00bbstretch_row\u00a0\u00bb css=\u00a0\u00bb.vc_custom_1612199714486{padding-top: 50px !important;padding-bottom: 15px !important;}\u00a0\u00bb][vc_column][vc_column_text]<\/p>\n<h2>Pourquoi choisir la r\u00e9paration du syst\u00e8me de navigation automobile par Elektrofix ?<\/h2>\n<p>[\/vc_column_text][vc_row_inner][vc_column_inner width=\u00a0\u00bb1\/2&Prime;][vc_column_text]Le remplacement de votre syst\u00e8me de navigation n&rsquo;est pas toujours l&rsquo;option la meilleure ou la plus \u00e9conomique. Si votre syst\u00e8me de navigation est d\u00e9fectueux, il y a plusieurs bonnes raisons d&rsquo;opter pour la r\u00e9paration de votre syst\u00e8me de navigation par Elektrofix.<\/p>\n<ul>\n<li>R\u00e9paration de syst\u00e8mes de navigation pour toutes les marques de voitures<\/li>\n<li>Plus de 20 ans d&rsquo;exp\u00e9rience<\/li>\n<li>R\u00e9paration rapide (dans les 2 jours)<\/li>\n<li>1 an de garantie apr\u00e8s r\u00e9paration<\/li>\n<li>Montage \/ extension, y compris<\/li>\n<li>Sp\u00e9cialiste BMW<\/li>\n<\/ul>\n<p>[\/vc_column_text][vc_btn title=\u00a0\u00bbDemande de devis\u00a0\u00bb style=\u00a0\u00bbcustom\u00a0\u00bb custom_text=\u00a0\u00bb#666666&Prime; el_class=\u00a0\u00bbblue-btn\u00a0\u00bb link=\u00a0\u00bburl:%23offerte|||\u00a0\u00bb][\/vc_column_inner][vc_column_inner width=\u00a0\u00bb1\/2&Prime;][vc_column_text]<img decoding=\"async\" class=\"alignnone size-full wp-image-498 lazyload\" data-src=\"\/wp-content\/uploads\/image-9.jpeg\" alt=\"\" width=\"100%\" height=\"auto\" data-srcset=\"https:\/\/www.elektrofix.nl\/wp-content\/uploads\/image-9.jpeg 500w, https:\/\/www.elektrofix.nl\/wp-content\/uploads\/image-9-300x200.jpeg 300w\" data-sizes=\"(max-width: 500px) 100vw, 500px\" src=\"data:image\/svg+xml;base64,PHN2ZyB3aWR0aD0iMSIgaGVpZ2h0PSIxIiB4bWxucz0iaHR0cDovL3d3dy53My5vcmcvMjAwMC9zdmciPjwvc3ZnPg==\" style=\"--smush-placeholder-width: 500px; --smush-placeholder-aspect-ratio: 500\/334;\" \/>[\/vc_column_text][\/vc_column_inner][\/vc_row_inner][\/vc_column][\/vc_row][vc_row full_width=\u00a0\u00bbstretch_row\u00a0\u00bb css=\u00a0\u00bb.vc_custom_1612202018327{padding-top: 50px !important;padding-bottom: 15px !important;}\u00a0\u00bb][vc_column css=\u00a0\u00bb.vc_custom_1612180223540{padding-top: 0px !important;padding-bottom: 0px !important;}\u00a0\u00bb][vc_column_text]<\/p>\n<h5>R\u00e9paration de la radio, de la navigation et des \u00e9crans<\/h5>\n<h2>Nous r\u00e9parons les radios, les syst\u00e8mes de navigation et les \u00e9crans<\/h2>\n<p>Elektrofix r\u00e9pare presque toutes les marques de voitures et de syst\u00e8mes de navigation[\/vc_column_text][vc_row_inner css=\u00a0\u00bb.vc_custom_1612260131186{padding-top: 0px !important;padding-bottom: 0px !important;}\u00a0\u00bb][vc_column_inner width=\u00a0\u00bb1\/2&Prime; css=\u00a0\u00bb.vc_custom_1612180239327{padding-top: 0px !important;padding-bottom: 0px !important;}\u00a0\u00bb][vc_column_text]<\/p>\n<ul>\n<li>Audi : Navi Plus, RNS-E et MMI MIB MIB2 Syst\u00e8mes de m\u00e9dias<\/li>\n<li>BMW et Mini : MK3, MK4, CCC, CIC, NBT, NBT_evo et syst\u00e8mes I-drive<\/li>\n<li>Citro\u00ebn : syst\u00e8mes RT3 et RT 4<\/li>\n<li>Chrysler, Doge et Jeep : Navigation de la s\u00e9rie REC<\/li>\n<li>Ford Denso : Syst\u00e8mes Travelpilot FX, DX et EX<\/li>\n<li>Jaguar : Syst\u00e8me Denso \u00e0 \u00e9cran tactile pour S-type X, XJ, XR, XCL<\/li>\n<li>Mercedes : syst\u00e8mes Comand et APS<\/li>\n<li>Range Rover et Land Rover : Freelander 3, Kenwood Dv3200<\/li>\n<\/ul>\n<p>[\/vc_column_text][\/vc_column_inner][vc_column_inner width=\u00a0\u00bb1\/2&Prime;][vc_column_text]<\/p>\n<ul>\n<li>Opel : syst\u00e8mes NCDR, DvD90, DVD100 et CD CD70<\/li>\n<li>Peugeot : syst\u00e8me RT3 et RT4<\/li>\n<li>Renault : Syst\u00e8me Carminat<\/li>\n<li>Skoda : Columbus, Amundsen, syst\u00e8mes de navigation<\/li>\n<li>Subaru : changeur 6 CD<\/li>\n<li>Si\u00e8ge : syst\u00e8mes RCD, MCD, MFD1, MFD2, RNS 315 et RNS510<\/li>\n<li>Volkswagen : Syst\u00e8mes RCD, MCD, MFD1, MFD2, RNS 315 et RNS510<\/li>\n<li>Volvo : syst\u00e8mes RTI C30, C70, S60, S80, V70, XC70, XC90, S70, V50 et S40, changeur 4 CD, changeur 6 CD<\/li>\n<\/ul>\n<p>[\/vc_column_text][\/vc_column_inner][\/vc_row_inner][\/vc_column][\/vc_row][vc_row full_width=\u00a0\u00bbstretch_row\u00a0\u00bb css=\u00a0\u00bb.vc_custom_1612202018327{padding-top: 50px !important;padding-bottom: 15px !important;}\u00a0\u00bb][vc_column css=\u00a0\u00bb.vc_custom_1612180223540{padding-top: 0px !important;padding-bottom: 0px !important;}\u00a0\u00bb][vc_column_text]<\/p>\n<h5>M\u00e9canicien polyvalent en \u00e9lectronique automobile<\/h5>\n<h2>Autres r\u00e9parations \u00e9lectroniques de voitures<\/h2>\n<p>Chez Elektrofix, vous pouvez obtenir plus qu&rsquo;une simple r\u00e9paration d&rsquo;autoradio. Nous r\u00e9parons presque tout dans le domaine de l&rsquo;\u00e9lectronique automobile, comme par exemple :[\/vc_column_text][vc_row_inner css=\u00a0\u00bb.vc_custom_1612260131186{padding-top: 0px !important;padding-bottom: 0px !important;}\u00a0\u00bb][vc_column_inner width=\u00a0\u00bb1\/2&Prime; css=\u00a0\u00bb.vc_custom_1612180239327{padding-top: 0px !important;padding-bottom: 0px !important;}\u00a0\u00bb][vc_column_text]<\/p>\n<ul>\n<li>R\u00e9paration de l&rsquo;alarme de la voiture<\/li>\n<li>Erreurs de lecture des DVD\/CD<\/li>\n<li>R\u00e9paration du tableau de bord<\/li>\n<li>R\u00e9paration de cl\u00e9s de voiture<\/li>\n<\/ul>\n<p>[\/vc_column_text][\/vc_column_inner][vc_column_inner width=\u00a0\u00bb1\/2&Prime;][vc_column_text]<\/p>\n<ul>\n<li>R\u00e9paration\/montage de la cam\u00e9ra de recul<\/li>\n<li>R\u00e9paration du compteur de tours\/kilom\u00e9trage<\/li>\n<li>Toutes les marques d&rsquo;autoradios<\/li>\n<li>Installation\/r\u00e9paration\/montage de kits automobiles<\/li>\n<\/ul>\n<p>[\/vc_column_text][\/vc_column_inner][\/vc_row_inner][vc_column_text]La pi\u00e8ce de votre voiture avec laquelle vous avez des probl\u00e8mes \u00e9lectroniques ne figure pas dans la liste ci-dessus ? Si c&rsquo;est le cas, contactez-nous. Il y a de fortes chances que nous puissions encore le r\u00e9parer pour vous.[\/vc_column_text][\/vc_column][\/vc_row][vc_row][vc_column][vc_column_text]<\/p>\n<h2>Contactez directement Elektrofix<\/h2>\n<p>Pour la r\u00e9paration de votre syst\u00e8me de navigation, adressez-vous \u00e0 Elektrofix si votre syst\u00e8me de navigation est en panne. Prenez rendez-vous \u00e0 l&rsquo;avance pour une r\u00e9paration de navigation en appelant le <a href=\"tel:+31625387023\">06 25 38 70<\/a> 23, en envoyant un courriel \u00e0 <a href=\"mailto:info@elektrofix.nl\">info@elektrofix.nl<\/a> ou en laissant un message via le formulaire de contact ici sur le site web.[\/vc_column_text][\/vc_column][\/vc_row]<\/p>\n","protected":false},"excerpt":{"rendered":"<p>[vc_row full_width=\u00a0\u00bbstretch_row\u00a0\u00bb css=\u00a0\u00bb.vc_custom_1612202182063{padding-top: 30px !important;padding-bottom: 15px !important;}\u00a0\u00bb][vc_column css=\u00a0\u00bb.vc_custom_1612180223540{padding-top: 0px !important;padding-bottom: 0px !important;}\u00a0\u00bb][vc_column_text] Elektrofix est votre partenaire de A \u00e0 Z Mise \u00e0 jour et r\u00e9paration<a class=\"moretag\" href=\"https:\/\/www.elektrofix.nl\/fr\/reparation-de-la-navigation-automobile\/\">&#8230;<\/a><\/p>\n","protected":false},"author":1,"featured_media":0,"parent":0,"menu_order":0,"comment_status":"closed","ping_status":"closed","template":"","meta":{"footnotes":""},"class_list":["post-7532","page","type-page","status-publish","hentry"],"_links":{"self":[{"href":"https:\/\/www.elektrofix.nl\/fr\/wp-json\/wp\/v2\/pages\/7532","targetHints":{"allow":["GET"]}}],"collection":[{"href":"https:\/\/www.elektrofix.nl\/fr\/wp-json\/wp\/v2\/pages"}],"about":[{"href":"https:\/\/www.elektrofix.nl\/fr\/wp-json\/wp\/v2\/types\/page"}],"author":[{"embeddable":true,"href":"https:\/\/www.elektrofix.nl\/fr\/wp-json\/wp\/v2\/users\/1"}],"replies":[{"embeddable":true,"href":"https:\/\/www.elektrofix.nl\/fr\/wp-json\/wp\/v2\/comments?post=7532"}],"version-history":[{"count":0,"href":"https:\/\/www.elektrofix.nl\/fr\/wp-json\/wp\/v2\/pages\/7532\/revisions"}],"wp:attachment":[{"href":"https:\/\/www.elektrofix.nl\/fr\/wp-json\/wp\/v2\/media?parent=7532"}],"curies":[{"name":"wp","href":"https:\/\/api.w.org\/{rel}","templated":true}]}}