{"id":7528,"date":"2024-02-16T13:18:08","date_gmt":"2024-02-16T12:18:08","guid":{"rendered":"https:\/\/www.elektrofix.nl\/declaration-de-confidentialite\/"},"modified":"2024-02-16T13:18:08","modified_gmt":"2024-02-16T12:18:08","slug":"declaration-de-confidentialite","status":"publish","type":"page","link":"https:\/\/www.elektrofix.nl\/fr\/declaration-de-confidentialite\/","title":{"rendered":"D\u00e9claration de confidentialit\u00e9"},"content":{"rendered":"<p>[vc_row][vc_column][vc_column_text]<\/p>\n<h2>Donn\u00e9es personnelles que nous traitons<\/h2>\n<p>Nous traitons vos donn\u00e9es personnelles parce que vous utilisez nos services et\/ou parce que vous nous fournissez vous-m\u00eame ces donn\u00e9es. Vous trouverez ci-dessous un aper\u00e7u des donn\u00e9es personnelles que nous traitons :<\/p>\n<p>&#8211; Pr\u00e9nom et nom<br \/>\n&#8211; Coordonn\u00e9es<br \/>\n&#8211; Num\u00e9ro de t\u00e9l\u00e9phone<br \/>\n&#8211; Adresse \u00e9lectronique<br \/>\n&#8211; Autres donn\u00e9es \u00e0 caract\u00e8re personnel que vous fournissez activement, par exemple en cr\u00e9ant un profil sur ce site web, par correspondance ou par t\u00e9l\u00e9phone.<\/p>\n<h2>Donn\u00e9es personnelles sp\u00e9ciales et\/ou sensibles que nous traitons<\/h2>\n<p>Notre site web et\/ou service n&rsquo;a pas l&rsquo;intention de collecter des donn\u00e9es sur les visiteurs du site web \u00e2g\u00e9s de moins de 16 ans. Sauf autorisation parentale ou du tuteur. Toutefois, nous ne pouvons pas v\u00e9rifier si un visiteur a plus de 16 ans. Nous conseillons donc aux parents de s&rsquo;impliquer dans les activit\u00e9s en ligne de leurs enfants afin d&rsquo;\u00e9viter la collecte de donn\u00e9es sur les enfants sans le consentement des parents. Si vous \u00eates convaincu que nous avons collect\u00e9 des donn\u00e9es personnelles sur un mineur sans ce consentement, veuillez nous contacter et nous supprimerons ces informations.<\/p>\n<h2>Dans quel but et sur quelle base nous traitons les donn\u00e9es \u00e0 caract\u00e8re personnel<\/h2>\n<p>Nous traitons vos donn\u00e9es personnelles aux fins suivantes :<\/p>\n<p>&#8211; vous appeler ou vous envoyer un courrier \u00e9lectronique si cela s&rsquo;av\u00e8re n\u00e9cessaire pour la prestation de nos services<br \/>\n&#8211; vous informer des modifications apport\u00e9es \u00e0 nos services et produits<\/p>\n<h2>Prise de d\u00e9cision automatis\u00e9e<\/h2>\n<p>Nous ne prenons pas de d\u00e9cisions sur des questions susceptibles d&rsquo;affecter (de mani\u00e8re significative) les personnes sur la base d&rsquo;un traitement automatis\u00e9. Il s&rsquo;agit de d\u00e9cisions prises par des programmes ou des syst\u00e8mes informatiques, sans qu&rsquo;un \u00eatre humain (par exemple un employ\u00e9) ne s&rsquo;interpose entre eux.<\/p>\n<h2>Dur\u00e9e de conservation des donn\u00e9es personnelles<\/h2>\n<p>Nous ne conserverons pas vos donn\u00e9es personnelles plus longtemps que ce qui est strictement n\u00e9cessaire pour atteindre les objectifs pour lesquels elles ont \u00e9t\u00e9 collect\u00e9es. Nous utilisons les p\u00e9riodes de conservation suivantes pour les (cat\u00e9gories de) donn\u00e9es \u00e0 caract\u00e8re personnel suivantes :<\/p>\n<p>&#8211; Pr\u00e9nom et nom : jusqu&rsquo;\u00e0 5 ans si cela n&rsquo;est plus l\u00e9galement n\u00e9cessaire ou requis pour l&rsquo;ex\u00e9cution de l&rsquo;accord ;<br \/>\n&#8211; Donn\u00e9es d&rsquo;adresse : jusqu&rsquo;\u00e0 5 ans si elles ne sont plus l\u00e9galement n\u00e9cessaires ou requises pour l&rsquo;ex\u00e9cution de l&rsquo;accord ;<br \/>\n&#8211; Num\u00e9ro de t\u00e9l\u00e9phone : jusqu&rsquo;\u00e0 5 ans s&rsquo;il n&rsquo;est plus l\u00e9galement n\u00e9cessaire ou requis pour l&rsquo;ex\u00e9cution de l&rsquo;accord ;<br \/>\n&#8211; Adresse \u00e9lectronique : maximum 5 ans si elle n&rsquo;est plus l\u00e9galement n\u00e9cessaire ou requise pour l&rsquo;ex\u00e9cution de l&rsquo;accord ;<br \/>\n&#8211; Autres donn\u00e9es \u00e0 caract\u00e8re personnel que vous fournissez activement, par exemple en cr\u00e9ant un profil sur ce site web, dans la correspondance et par t\u00e9l\u00e9phone : jusqu&rsquo;\u00e0 5 ans si elles ne sont plus l\u00e9galement n\u00e9cessaires ou requises pour l&rsquo;ex\u00e9cution de l&rsquo;accord ;<br \/>\n&#8211; Num\u00e9ro de compte bancaire : maximum 5 ans s&rsquo;il n&rsquo;est plus l\u00e9galement n\u00e9cessaire ou requis pour l&rsquo;ex\u00e9cution du contrat ;<\/p>\n<h2>Partage des donn\u00e9es personnelles avec des tiers<\/h2>\n<p>Nous ne vendons pas vos donn\u00e9es \u00e0 des tiers et ne les transmettons que si cela est n\u00e9cessaire \u00e0 l&rsquo;ex\u00e9cution de notre contrat avec vous ou au respect d&rsquo;une obligation l\u00e9gale. Avec les entreprises qui traitent vos donn\u00e9es en notre nom, nous concluons un accord de sous-traitance pour garantir le m\u00eame niveau de s\u00e9curit\u00e9 et de confidentialit\u00e9 de vos donn\u00e9es. Nous restons responsables de ces traitements.<\/p>\n<h2>Cookies, ou techniques similaires, que nous utilisons<\/h2>\n<p>Nous utilisons des cookies fonctionnels, analytiques et de suivi. Un cookie est un petit fichier texte qui est stock\u00e9 dans le navigateur de votre ordinateur, tablette ou smartphone lors de votre premi\u00e8re visite sur ce site web. Nous utilisons des cookies dont la fonctionnalit\u00e9 est purement technique. Ceux-ci garantissent le bon fonctionnement du site web et la m\u00e9morisation de vos pr\u00e9f\u00e9rences, par exemple. Ces cookies sont \u00e9galement utilis\u00e9s pour assurer le bon fonctionnement et l&rsquo;optimisation du site web. Nous pla\u00e7ons \u00e9galement des cookies qui suivent votre comportement de navigation afin de vous proposer un contenu et des publicit\u00e9s sur mesure. Lors de votre premi\u00e8re visite sur notre site web, nous vous avons d\u00e9j\u00e0 inform\u00e9 de l&rsquo;existence de ces cookies et nous vous avons demand\u00e9 la permission de les installer. Vous pouvez refuser les cookies en param\u00e9trant votre navigateur Internet de mani\u00e8re \u00e0 ce qu&rsquo;il ne stocke plus de cookies. En outre, vous pouvez \u00e9galement supprimer toute information pr\u00e9c\u00e9demment stock\u00e9e via les param\u00e8tres de votre navigateur. Pour une explication, voir : https:\/\/veiliginternetten.nl\/themes\/situatie\/cookies-wat-zijn-het-en-wat-doe-ik-ermee\/<\/p>\n<h2>Visualiser, modifier ou supprimer des donn\u00e9es<\/h2>\n<p>Vous avez le droit d&rsquo;acc\u00e9der \u00e0 vos donn\u00e9es personnelles, de les corriger ou de les supprimer. En outre, vous avez le droit de retirer votre \u00e9ventuel consentement au traitement des donn\u00e9es ou de vous opposer au traitement de vos donn\u00e9es personnelles par nos soins et vous avez le droit \u00e0 la portabilit\u00e9 des donn\u00e9es. Cela signifie que vous pouvez nous demander d&rsquo;envoyer les donn\u00e9es personnelles que nous d\u00e9tenons \u00e0 votre sujet dans un fichier informatique \u00e0 vous-m\u00eame ou \u00e0 une autre organisation que vous avez d\u00e9sign\u00e9e. Vous pouvez nous envoyer une demande d&rsquo;acc\u00e8s, de rectification, d&rsquo;effacement, de transfert de vos donn\u00e9es personnelles ou une demande de retrait de votre consentement ou d&rsquo;opposition au traitement de vos donn\u00e9es personnelles. Afin de s&rsquo;assurer que la demande de contr\u00f4le \u00e9mane bien de vous, nous vous demandons d&rsquo;accompagner votre demande d&rsquo;une copie de votre pi\u00e8ce d&rsquo;identit\u00e9. Sur cette copie, noircissez votre photo de passeport, la MRZ (zone de lecture automatique, la bande de chiffres au bas du passeport), le num\u00e9ro de passeport et le num\u00e9ro de service du citoyen (BSN). Ceci afin de prot\u00e9ger votre vie priv\u00e9e. Nous r\u00e9pondrons \u00e0 votre demande d\u00e8s que possible, mais dans un d\u00e9lai de quatre semaines. Nous tenons \u00e9galement \u00e0 souligner que vous avez la possibilit\u00e9 de d\u00e9poser une plainte aupr\u00e8s du r\u00e9gulateur national, l&rsquo;Autorit\u00e9 des donn\u00e9es personnelles. Vous pouvez le faire via le lien suivant : https:\/\/autoriteitpersoonsgegevens.nl\/nl\/contact-met-de-autoriteit-persoonsgegevens\/tip-ons<\/p>\n<h2>Comment nous s\u00e9curisons les donn\u00e9es personnelles<\/h2>\n<p>Nous prenons au s\u00e9rieux la protection de vos donn\u00e9es et prenons des mesures appropri\u00e9es pour lutter contre les abus, les pertes, les acc\u00e8s non autoris\u00e9s, les divulgations non d\u00e9sir\u00e9es et les modifications non autoris\u00e9es. Si vous estimez que vos donn\u00e9es ne sont pas correctement s\u00e9curis\u00e9es ou qu&rsquo;il existe des indices d&rsquo;utilisation abusive, veuillez nous contacter.<\/p>\n<p>[\/vc_column_text][\/vc_column][\/vc_row]<\/p>\n","protected":false},"excerpt":{"rendered":"<p>[vc_row][vc_column][vc_column_text] Donn\u00e9es personnelles que nous traitons Nous traitons vos donn\u00e9es personnelles parce que vous utilisez nos services et\/ou parce que vous nous fournissez vous-m\u00eame ces<a class=\"moretag\" href=\"https:\/\/www.elektrofix.nl\/fr\/declaration-de-confidentialite\/\">&#8230;<\/a><\/p>\n","protected":false},"author":1,"featured_media":0,"parent":0,"menu_order":0,"comment_status":"closed","ping_status":"open","template":"","meta":{"footnotes":""},"class_list":["post-7528","page","type-page","status-publish","hentry"],"_links":{"self":[{"href":"https:\/\/www.elektrofix.nl\/fr\/wp-json\/wp\/v2\/pages\/7528","targetHints":{"allow":["GET"]}}],"collection":[{"href":"https:\/\/www.elektrofix.nl\/fr\/wp-json\/wp\/v2\/pages"}],"about":[{"href":"https:\/\/www.elektrofix.nl\/fr\/wp-json\/wp\/v2\/types\/page"}],"author":[{"embeddable":true,"href":"https:\/\/www.elektrofix.nl\/fr\/wp-json\/wp\/v2\/users\/1"}],"replies":[{"embeddable":true,"href":"https:\/\/www.elektrofix.nl\/fr\/wp-json\/wp\/v2\/comments?post=7528"}],"version-history":[{"count":0,"href":"https:\/\/www.elektrofix.nl\/fr\/wp-json\/wp\/v2\/pages\/7528\/revisions"}],"wp:attachment":[{"href":"https:\/\/www.elektrofix.nl\/fr\/wp-json\/wp\/v2\/media?parent=7528"}],"curies":[{"name":"wp","href":"https:\/\/api.w.org\/{rel}","templated":true}]}}