{"id":7525,"date":"2024-02-16T13:17:59","date_gmt":"2024-02-16T12:17:59","guid":{"rendered":"https:\/\/www.elektrofix.nl\/contacter\/"},"modified":"2024-02-16T13:17:59","modified_gmt":"2024-02-16T12:17:59","slug":"contacter","status":"publish","type":"page","link":"https:\/\/www.elektrofix.nl\/fr\/contacter\/","title":{"rendered":"Contacter"},"content":{"rendered":"<p>[vc_row][vc_column][vc_column_text]<\/p>\n<h2>Prendre rendez-vous aujourd&rsquo;hui<\/h2>\n<p>[\/vc_column_text][vc_row_inner][vc_column_inner width=\u00a0\u00bb1\/2&Prime;][vc_column_text]Vous souhaitez obtenir plus d&rsquo;informations sur nos options de r\u00e9paration ou prendre rendez-vous pour r\u00e9parer l&rsquo;\u00e9lectronique de votre voiture ? Contactez-nous d\u00e8s aujourd&rsquo;hui ![\/vc_column_text][vc_column_text] <strong><i class=\"fas fa-phone-alt\"><\/i> T\u00e9l\u00e9phone \/ WhatsApp<br \/>\n<\/strong><a title=\"\" href=\"tel:+31625387023\">+31 6 25387023<\/a><\/p>\n<p><strong><i class=\"fas fa-envelope\"><\/i>  Courriel<\/strong><br \/>\n<a title=\"\" href=\"mailto:info@elektrofix.nl\">info@elektrofix.nl<\/a><\/p>\n<p><strong><i class=\"fas fa-map-marker-alt\"><\/i>  Adresse de visite (sur rendez-vous uniquement)<\/strong><br \/>\nDelta 141<br \/>\n6825MP Arnhem &#8211; PAYS-BAS<\/p>\n<p><strong><i class=\"fas fa-landmark\"><\/i>  KVK<\/strong><br \/>\n88742962<\/p>\n<p><strong><i class=\"fas fa-paperclip\"><\/i>  Formulaire de r\u00e9paration<\/strong>[\/vc_column_text][vc_btn title=\u00a0\u00bbN\u00e9erlandais\u00a0\u00bb style=\u00a0\u00bbcustom\u00a0\u00bb custom_text=\u00a0\u00bb#666666&Prime; align=\u00a0\u00bbleft\u00a0\u00bb i_icon_fontawesome=\u00a0\u00bbfas fa-download\u00a0\u00bb add_icon=\u00a0\u00bbtrue\u00a0\u00bb link=\u00a0\u00bburl:https%3A%2F%2Fwww.elektrofix.nl%2Fwp-content%2Fuploads%2FElektrofix-reparatieformulier-interactief-1.pdf|||\u00a0\u00bb css=\u00a0\u00bb.vc_custom_1687776672275{margin-right: 1rem !important;}\u00a0\u00bb el_class=\u00a0\u00bbblue-btn\u00a0\u00bb][vc_btn title=\u00a0\u00bbAnglais\u00a0\u00bb style=\u00a0\u00bbcustom\u00a0\u00bb custom_text=\u00a0\u00bb#666666&Prime; align=\u00a0\u00bbleft\u00a0\u00bb i_icon_fontawesome=\u00a0\u00bbfas fa-download\u00a0\u00bb add_icon=\u00a0\u00bbtrue\u00a0\u00bb link=\u00a0\u00bburl:https%3A%2F%2Fwww.elektrofix.nl%2Fwp-content%2Fuploads%2FElektrofix-reparatieformulier-interactief-en-1.pdf|||\u00a0\u00bb el_class=\u00a0\u00bbblue-btn\u00a0\u00bb][vc_btn title=\u00a0\u00bbAllemand\u00a0\u00bb style=\u00a0\u00bbcustom\u00a0\u00bb custom_text=\u00a0\u00bb#666666&Prime; align=\u00a0\u00bbleft\u00a0\u00bb i_icon_fontawesome=\u00a0\u00bbfas fa-download\u00a0\u00bb add_icon=\u00a0\u00bbtrue\u00a0\u00bb link=\u00a0\u00bburl:https%3A%2F%2Fwww.elektrofix.nl%2Fwp-content%2Fuploads%2FElektrofix-reparatieformulier-interactief-de-1.pdf|||\u00a0\u00bb el_class=\u00a0\u00bbblue-btn\u00a0\u00bb css=\u00a0\u00bb.vc_custom_1687776702324{margin-right: 1rem !important;}\u00a0\u00bb][vc_btn title=\u00a0\u00bbFran\u00e7ais\u00a0\u00bb style=\u00a0\u00bbcustom\u00a0\u00bb custom_text=\u00a0\u00bb#666666&Prime; align=\u00a0\u00bbleft\u00a0\u00bb i_icon_fontawesome=\u00a0\u00bbfas fa-download\u00a0\u00bb add_icon=\u00a0\u00bbtrue\u00a0\u00bb link=\u00a0\u00bburl:https%3A%2F%2Fwww.elektrofix.nl%2Fwp-content%2Fuploads%2FElektrofix-reparatieformulier-interactief-fr-1.pdf|||\u00a0\u00bb el_id=\u00a0\u00bbblue-btn\u00a0\u00bb el_class=\u00a0\u00bbblue-btn\u00a0\u00bb][\/vc_column_inner][vc_column_inner width=\u00a0\u00bb1\/2&Prime;][vc_gmaps link=\u00a0\u00bb#E-8_JTNDaWZyYW1lJTIwc3JjJTNEJTIyaHR0cHMlM0ElMkYlMkZ3d3cuZ29vZ2xlLmNvbSUyRm1hcHMlMkZlbWJlZCUzRnBiJTNEJTIxMW0xOCUyMTFtMTIlMjExbTMlMjExZDI0NTcuNzYzMzkzNTAwNTg5MiUyMTJkNS45NjU2OTk2MTU3ODcyMDIlMjEzZDUxLjk3NDczODI3OTcxNDYxNCUyMTJtMyUyMTFmMCUyMTJmMCUyMTNmMCUyMTNtMiUyMTFpMTAyNCUyMTJpNzY4JTIxNGYxMy4xJTIxM20zJTIxMW0yJTIxMXMweDQ3YzdhM2Y0ZThhZGJmYTUlMjUzQTB4YzFhMDc2YWZhZDFiNzE5NyUyMTJzRGVsdGElMjUyMDE0MSUyNTJDJTI1MjA2ODI1JTI1MjBNUCUyNTIwQXJuaGVtJTIxNWUwJTIxM20yJTIxMXNubCUyMTJzbmwlMjE0djE2MjA5NzU1MDA2OTYlMjE1bTIlMjExc25sJTIxMnNubCUyMiUyMHdpZHRoJTNEJTIyNjAwJTIyJTIwaGVpZ2h0JTNEJTIyNDUwJTIyJTIwc3R5bGUlM0QlMjJib3JkZXIlM0EwJTNCJTIyJTIwYWxsb3dmdWxsc2NyZWVuJTNEJTIyJTIyJTIwbG9hZGluZyUzRCUyMmxhenklMjIlM0UlM0MlMkZpZnJhbWUlM0U=\u00a0\u00bb][vc_empty_space][vc_single_image image=\u00a0\u00bb2399&Prime; img_size=\u00a0\u00bbfull\u00a0\u00bb][\/vc_column_inner][\/vc_row_inner][\/vc_column][\/vc_row][vc_row][vc_column][vc_column_text]<\/p>\n<h3>Accessibilit\u00e9<\/h3>\n<p><strong>Voiture<\/strong><\/p>\n<p>Si vous venez en voiture, r\u00e9glez la navigation sur notre adresse. Ou utilisez la carte ci-dessus de Google Maps.<\/p>\n<p><strong>Transports publics<\/strong><\/p>\n<p>Vous pouvez arriver en bus par la ligne 12. Vous devez descendre \u00e0 l&rsquo;arr\u00eat Arnhem, Delta. Dans ce cas, vous devez rattraper Delta. Prenez ensuite le premier virage \u00e0 droite. Vous nous trouverez au num\u00e9ro 141. Pour trouver le meilleur itin\u00e9raire, il est pr\u00e9f\u00e9rable d&rsquo;utiliser un planificateur de voyage. <a title=\"\" href=\"https:\/\/9292.nl\/\" target=\"_blank\" rel=\"noopener\">9292.co.uk<\/a> et <a href=\"https:\/\/www.ns.nl\/reisplanner\/#\/\" target=\"_blank\" rel=\"noopener\">NS travel planner<\/a> fonctionnent tr\u00e8s bien.[\/vc_column_text][\/vc_column][\/vc_row][vc_row][vc_column][vc_column_text][trustindex no-registration=\u00a0\u00bbgoogle\u00a0\u00bb][\/vc_column_text][\/vc_column][\/vc_row]<\/p>\n","protected":false},"excerpt":{"rendered":"<p>[vc_row][vc_column][vc_column_text] Prendre rendez-vous aujourd&rsquo;hui [\/vc_column_text][vc_row_inner][vc_column_inner width=\u00a0\u00bb1\/2&Prime;][vc_column_text]Vous souhaitez obtenir plus d&rsquo;informations sur nos options de r\u00e9paration ou prendre rendez-vous pour r\u00e9parer l&rsquo;\u00e9lectronique de votre voiture ?<a class=\"moretag\" href=\"https:\/\/www.elektrofix.nl\/fr\/contacter\/\">&#8230;<\/a><\/p>\n","protected":false},"author":2,"featured_media":0,"parent":0,"menu_order":0,"comment_status":"closed","ping_status":"closed","template":"","meta":{"footnotes":""},"class_list":["post-7525","page","type-page","status-publish","hentry"],"_links":{"self":[{"href":"https:\/\/www.elektrofix.nl\/fr\/wp-json\/wp\/v2\/pages\/7525","targetHints":{"allow":["GET"]}}],"collection":[{"href":"https:\/\/www.elektrofix.nl\/fr\/wp-json\/wp\/v2\/pages"}],"about":[{"href":"https:\/\/www.elektrofix.nl\/fr\/wp-json\/wp\/v2\/types\/page"}],"author":[{"embeddable":true,"href":"https:\/\/www.elektrofix.nl\/fr\/wp-json\/wp\/v2\/users\/2"}],"replies":[{"embeddable":true,"href":"https:\/\/www.elektrofix.nl\/fr\/wp-json\/wp\/v2\/comments?post=7525"}],"version-history":[{"count":0,"href":"https:\/\/www.elektrofix.nl\/fr\/wp-json\/wp\/v2\/pages\/7525\/revisions"}],"wp:attachment":[{"href":"https:\/\/www.elektrofix.nl\/fr\/wp-json\/wp\/v2\/media?parent=7525"}],"curies":[{"name":"wp","href":"https:\/\/api.w.org\/{rel}","templated":true}]}}