{"id":7521,"date":"2024-02-16T13:17:57","date_gmt":"2024-02-16T12:17:57","guid":{"rendered":"https:\/\/www.elektrofix.nl\/reparation-du-changeur-cd\/"},"modified":"2024-02-16T13:17:57","modified_gmt":"2024-02-16T12:17:57","slug":"reparation-du-changeur-cd","status":"publish","type":"page","link":"https:\/\/www.elektrofix.nl\/fr\/reparation-du-changeur-cd\/","title":{"rendered":"R\u00e9paration du changeur CD"},"content":{"rendered":"<p>[vc_row full_width=\u00a0\u00bbstretch_row\u00a0\u00bb css=\u00a0\u00bb.vc_custom_1612202182063{padding-top: 30px !important;padding-bottom: 15px !important;}\u00a0\u00bb][vc_column css=\u00a0\u00bb.vc_custom_1612180223540{padding-top: 0px !important;padding-bottom: 0px !important;}\u00a0\u00bb][vc_column_text]<\/p>\n<h5>Elektrofix est votre partenaire de A \u00e0 Z<\/h5>\n<h2>Changeur de CD cass\u00e9 ? Aller \u00e0 Elektrofix !<\/h2>\n<p>[\/vc_column_text][vc_row_inner equal_height=\u00a0\u00bbyes\u00a0\u00bb content_placement=\u00a0\u00bbmiddle\u00a0\u00bb css=\u00a0\u00bb.vc_custom_1612260120748{padding-top: 0px !important;padding-bottom: 0px !important;}\u00a0\u00bb][vc_column_inner width=\u00a0\u00bb1\/2&Prime; css=\u00a0\u00bb.vc_custom_1612180239327{padding-top: 0px !important;padding-bottom: 0px !important;}\u00a0\u00bb][vc_column_text]<img decoding=\"async\" class=\"alignnone size-full wp-image-501 lazyload\" data-src=\"\/wp-content\/uploads\/audio-3789704_640.jpg\" alt=\"R\u00e9paration du changeur CD\" width=\"100%\" height=\"auto\" data-srcset=\"https:\/\/www.elektrofix.nl\/wp-content\/uploads\/audio-3789704_640.jpg 640w, https:\/\/www.elektrofix.nl\/wp-content\/uploads\/audio-3789704_640-300x200.jpg 300w\" data-sizes=\"(max-width: 640px) 100vw, 640px\" src=\"data:image\/svg+xml;base64,PHN2ZyB3aWR0aD0iMSIgaGVpZ2h0PSIxIiB4bWxucz0iaHR0cDovL3d3dy53My5vcmcvMjAwMC9zdmciPjwvc3ZnPg==\" style=\"--smush-placeholder-width: 640px; --smush-placeholder-aspect-ratio: 640\/426;\" \/>[\/vc_column_text][\/vc_column_inner][vc_column_inner width=\u00a0\u00bb1\/2&Prime; css=\u00a0\u00bb.vc_custom_1612180248955{padding-top: 0px !important;padding-bottom: 0px !important;}\u00a0\u00bb][vc_column_text]Votre changeur de CD est en panne ou votre changeur de DVD ne fonctionne pas \u00e0 partir de votre syst\u00e8me de navigation ? Alors rendez-vous directement chez Elektrofix, l&rsquo;adresse pour la r\u00e9paration experte de changeurs de CD et de DVD. Dans la plupart des cas, nous sommes en mesure de r\u00e9parer votre changeur de CD et\/ou de remettre le changeur de DVD en \u00e9tat de marche. Nous r\u00e9parons les changeurs de CD et de DVD dans notre atelier \u00e0 Arnhem.<\/p>\n<p>Pour un propri\u00e9taire de voiture, il n&rsquo;y a rien de plus ennuyeux qu&rsquo;une \u00e9lectronique automobile qui ne fonctionne pas. D&rsquo;autant plus que l&rsquo;on en est parfois tr\u00e8s d\u00e9pendant. C&rsquo;est certainement le cas de la navigation automobile. Votre changeur de CD ou de DVD est-il d\u00e9fectueux ? Dans ce cas, la r\u00e9paration du changeur de CD est une option plus \u00e9conomique que de le remplacer (ou de le faire remplacer) par un nouveau changeur de DVD ou de CD.  [\/vc_column_text][vc_btn title=\u00a0\u00bbDemande de devis\u00a0\u00bb style=\u00a0\u00bbcustom\u00a0\u00bb custom_text=\u00a0\u00bb#666666&Prime; el_class=\u00a0\u00bbblue-btn\u00a0\u00bb link=\u00a0\u00bburl:%23offerte|||\u00a0\u00bb][\/vc_column_inner][\/vc_row_inner][\/vc_column][\/vc_row][vc_row full_width=\u00a0\u00bbstretch_row\u00a0\u00bb css=\u00a0\u00bb.vc_custom_1612202018327{padding-top: 50px !important;padding-bottom: 15px !important;}\u00a0\u00bb][vc_column css=\u00a0\u00bb.vc_custom_1612180223540{padding-top: 0px !important;padding-bottom: 0px !important;}\u00a0\u00bb][vc_column_text]<\/p>\n<h5>La r\u00e9paration chez Elektrofix est moins ch\u00e8re<\/h5>\n<h2>La r\u00e9paration d&rsquo;un changeur de DVD est moins co\u00fbteuse que son remplacement<\/h2>\n<p>[\/vc_column_text][vc_row_inner css=\u00a0\u00bb.vc_custom_1612260131186{padding-top: 0px !important;padding-bottom: 0px !important;}\u00a0\u00bb][vc_column_inner css=\u00a0\u00bb.vc_custom_1612180239327{padding-top: 0px !important;padding-bottom: 0px !important;}\u00a0\u00bb][vc_column_text]Depuis que nous n&rsquo;avons plus de cartes routi\u00e8res en papier dans la voiture, nous sommes devenus, en tant qu&rsquo;automobilistes, largement d\u00e9pendants du syst\u00e8me de navigation. De nombreuses voitures en sont \u00e9quip\u00e9es de s\u00e9rie. Mais cela ne sert \u00e0 rien si les cartes ne s&rsquo;affichent pas parce que le changeur de CD ou de DVD ne fonctionne pas (correctement). Vous ne voulez pas vous perdre parce que le changeur de DVD de votre syst\u00e8me de navigation est en panne, n&rsquo;est-ce pas ?<\/p>\n<p>De nombreuses personnes demandent \u00e0 leur garagiste ou \u00e0 leur concessionnaire ce qu&rsquo;il est possible de faire si leur changeur de CD est d\u00e9fectueux. Ils obtiennent alors presque tous la m\u00eame r\u00e9ponse : remplacer ! La r\u00e9paration d&rsquo;un changeur de DVD est alors une alternative int\u00e9ressante et abordable. Votre changeur de CD est-il en panne ? Alors venez directement chez Elektrofix.<br \/>\n[\/vc_column_text][\/vc_column_inner][\/vc_row_inner][\/vc_column][\/vc_row][vc_row full_width=\u00a0\u00bbstretch_row\u00a0\u00bb css=\u00a0\u00bb.vc_custom_1612199972923{margin-top: 50px !important;margin-bottom: 50px !important;padding-top: 0px !important;padding-bottom: 0px !important;background-image: url(https:\/\/www.elektrofix.nl\/wp-content\/uploads\/pexels-ingo-joseph-13781-1.png?id=250) !important;background-position: center !important;background-repeat: no-repeat !important;background-size: cover !important;}\u00a0\u00bb el_class=\u00a0\u00bbcta-box\u00a0\u00bb][vc_column css=\u00a0\u00bb.vc_custom_1612180223540{padding-top: 0px !important;padding-bottom: 0px !important;}\u00a0\u00bb][vc_row_inner equal_height=\u00a0\u00bbyes\u00a0\u00bb content_placement=\u00a0\u00bbmiddle\u00a0\u00bb css=\u00a0\u00bb.vc_custom_1612260422676{padding-top: 0px !important;padding-bottom: 0px !important;}\u00a0\u00bb][vc_column_inner el_class=\u00a0\u00bbcta-gradient-box\u00a0\u00bb width=\u00a0\u00bb1\/2&Prime; css=\u00a0\u00bb.vc_custom_1612200066371{padding-top: 65px !important;padding-bottom: 35px !important;}\u00a0\u00bb][vc_column_text]<\/p>\n<h2>Curieux de savoir<br \/>\nles possibilit\u00e9s ?<\/h2>\n<p>Elektrofix est un sp\u00e9cialiste des r\u00e9parations \u00e9lectroniques automobiles et du codage de logiciels. Contactez-nous d\u00e8s aujourd&rsquo;hui pour un rendez-vous ![\/vc_column_text][vc_btn title=\u00a0\u00bbDemande de devis\u00a0\u00bb style=\u00a0\u00bbcustom\u00a0\u00bb custom_text=\u00a0\u00bb#666666&Prime; el_class=\u00a0\u00bbwhite-btn\u00a0\u00bb link=\u00a0\u00bburl:%23offerte|||\u00a0\u00bb][\/vc_column_inner][vc_column_inner width=\u00a0\u00bb1\/2&Prime; css=\u00a0\u00bb.vc_custom_1612180248955{padding-top: 0px !important;padding-bottom: 0px !important;}\u00a0\u00bb][\/vc_column_inner][\/vc_row_inner][\/vc_column][\/vc_row][vc_row full_width=\u00a0\u00bbstretch_row\u00a0\u00bb css=\u00a0\u00bb.vc_custom_1612199714486{padding-top: 50px !important;padding-bottom: 15px !important;}\u00a0\u00bb][vc_column][vc_column_text]<\/p>\n<h2>Pourquoi choisir la r\u00e9paration du changeur CD par Elektrofix ?<\/h2>\n<p>[\/vc_column_text][vc_row_inner][vc_column_inner width=\u00a0\u00bb1\/2&Prime;][vc_column_text]Remplacer votre changeur de CD ou de DVD n&rsquo;est certainement pas toujours l&rsquo;option la meilleure ou la plus \u00e9conomique. Si votre changeur de CD ou de DVD \u00e9met des erreurs de lecture, il y a plusieurs bonnes raisons d&rsquo;opter pour une r\u00e9paration par Elektrofix.<\/p>\n<ul>\n<li>R\u00e9paration de changeurs de CD pour presque toutes les marques de voitures<\/li>\n<li>Plus de 20 ans d&rsquo;exp\u00e9rience<\/li>\n<li>R\u00e9paration rapide (dans les 2 jours)<\/li>\n<li>1 an de garantie apr\u00e8s r\u00e9paration<\/li>\n<li>Montage \/ extension, y compris<\/li>\n<li>Sp\u00e9cialiste BMW<\/li>\n<\/ul>\n<p>[\/vc_column_text][vc_btn title=\u00a0\u00bbDemande de devis\u00a0\u00bb style=\u00a0\u00bbcustom\u00a0\u00bb custom_text=\u00a0\u00bb#666666&Prime; el_class=\u00a0\u00bbblue-btn\u00a0\u00bb link=\u00a0\u00bburl:%23offerte|||\u00a0\u00bb][\/vc_column_inner][vc_column_inner width=\u00a0\u00bb1\/2&Prime;][vc_column_text]<img decoding=\"async\" class=\"alignnone size-full wp-image-515 lazyload\" data-src=\"\/wp-content\/uploads\/pexels-mike-449565-1.jpg\" alt=\"Changeur de CD cass\u00e9\" width=\"100%\" height=\"auto\" data-srcset=\"https:\/\/www.elektrofix.nl\/wp-content\/uploads\/pexels-mike-449565-1.jpg 640w, https:\/\/www.elektrofix.nl\/wp-content\/uploads\/pexels-mike-449565-1-300x169.jpg 300w\" data-sizes=\"(max-width: 640px) 100vw, 640px\" src=\"data:image\/svg+xml;base64,PHN2ZyB3aWR0aD0iMSIgaGVpZ2h0PSIxIiB4bWxucz0iaHR0cDovL3d3dy53My5vcmcvMjAwMC9zdmciPjwvc3ZnPg==\" style=\"--smush-placeholder-width: 640px; --smush-placeholder-aspect-ratio: 640\/360;\" \/>[\/vc_column_text][\/vc_column_inner][\/vc_row_inner][\/vc_column][\/vc_row][vc_row full_width=\u00a0\u00bbstretch_row\u00a0\u00bb css=\u00a0\u00bb.vc_custom_1612202018327{padding-top: 50px !important;padding-bottom: 15px !important;}\u00a0\u00bb][vc_column css=\u00a0\u00bb.vc_custom_1612180223540{padding-top: 0px !important;padding-bottom: 0px !important;}\u00a0\u00bb][vc_column_text]<\/p>\n<h5>R\u00e9paration de la radio, de la navigation et des \u00e9crans<\/h5>\n<h2>Nous r\u00e9parons les radios, les syst\u00e8mes de navigation et les \u00e9crans<\/h2>\n<p>Elektrofix r\u00e9pare presque toutes les marques de voitures et de syst\u00e8mes de navigation<\/p>\n<p>[\/vc_column_text][vc_row_inner css=\u00a0\u00bb.vc_custom_1612260131186{padding-top: 0px !important;padding-bottom: 0px !important;}\u00a0\u00bb][vc_column_inner width=\u00a0\u00bb1\/2&Prime; css=\u00a0\u00bb.vc_custom_1612180239327{padding-top: 0px !important;padding-bottom: 0px !important;}\u00a0\u00bb][vc_column_text]<\/p>\n<ul>\n<li>Audi : syst\u00e8mes Navi Plus, RNS-E et MMI<\/li>\n<li>BMW et Mini : MK2, MK3, MK4, syst\u00e8mes CCC et I-drive<\/li>\n<li>Citro\u00ebn : syst\u00e8mes RT3 et RT 4<\/li>\n<li>Chrysler, Doge et Jeep : Navigation de la s\u00e9rie REC<\/li>\n<li>Ford Denso : Syst\u00e8mes Travelpilot DX et EX<\/li>\n<li>Jaguar : Syst\u00e8me Denso \u00e0 \u00e9cran tactile pour S-type X, XJ, XR, XCL<\/li>\n<li>Mercedes : syst\u00e8mes Comand et APS<\/li>\n<li>Range Rover et Land Rover : Freelander 3, Kenwood Dv3200<\/li>\n<\/ul>\n<p>[\/vc_column_text][\/vc_column_inner][vc_column_inner width=\u00a0\u00bb1\/2&Prime;][vc_column_text]<\/p>\n<ul>\n<li>Opel : syst\u00e8mes NCDR, DvD90, DVD100 et CD CD70<\/li>\n<li>Peugeot : syst\u00e8me RT3 et RT4<\/li>\n<li>Renault : Syst\u00e8me Carminat<\/li>\n<li>Skoda : syst\u00e8mes de navigation<\/li>\n<li>Subaru : changeur 6 CD<\/li>\n<li>Si\u00e8ge : syst\u00e8mes RCD, MCD, MFD1, MFD2, RNS 315 et RNS510<\/li>\n<li>Volkswagen : RCD, MCD, MFD1, MFD2, RNS 315 et RNS510<\/li>\n<li>Volvo : syst\u00e8mes RTI C30, C70, S60, S80, V70, XC70, XC90, S70, V50 et S40<\/li>\n<\/ul>\n<p>[\/vc_column_text][\/vc_column_inner][\/vc_row_inner][\/vc_column][\/vc_row][vc_row full_width=\u00a0\u00bbstretch_row\u00a0\u00bb css=\u00a0\u00bb.vc_custom_1612202018327{padding-top: 50px !important;padding-bottom: 15px !important;}\u00a0\u00bb][vc_column css=\u00a0\u00bb.vc_custom_1612180223540{padding-top: 0px !important;padding-bottom: 0px !important;}\u00a0\u00bb][vc_column_text]<\/p>\n<h5>M\u00e9canicien polyvalent en \u00e9lectronique automobile<\/h5>\n<h2>Autres r\u00e9parations \u00e9lectroniques de voitures<\/h2>\n<p>Chez Elektrofix, vous pouvez obtenir plus qu&rsquo;une simple r\u00e9paration de changeur de CD et de DVD. Nous r\u00e9parons presque tout dans le domaine de l&rsquo;\u00e9lectronique automobile, comme par exemple :<br \/>\n[\/vc_column_text][vc_row_inner css=\u00a0\u00bb.vc_custom_1612260131186{padding-top: 0px !important;padding-bottom: 0px !important;}\u00a0\u00bb][vc_column_inner width=\u00a0\u00bb1\/2&Prime; css=\u00a0\u00bb.vc_custom_1612180239327{padding-top: 0px !important;padding-bottom: 0px !important;}\u00a0\u00bb][vc_column_text]<\/p>\n<ul>\n<li>R\u00e9paration de la navigation automobile<\/li>\n<li>R\u00e9paration du tableau de bord<\/li>\n<li>R\u00e9paration de cl\u00e9s de voiture<\/li>\n<li>Installation de la cam\u00e9ra arri\u00e8re<\/li>\n<\/ul>\n<p>[\/vc_column_text][\/vc_column_inner][vc_column_inner width=\u00a0\u00bb1\/2&Prime;][vc_column_text]<\/p>\n<ul>\n<li><span style=\"font-weight: 400;\">R\u00e9paration du compteur de tours\/kilom\u00e9trage<\/span><\/li>\n<li>Toutes les marques d&rsquo;autoradios<\/li>\n<li>Installation\/r\u00e9paration\/montage de kits automobiles<\/li>\n<\/ul>\n<p>[\/vc_column_text][\/vc_column_inner][\/vc_row_inner][vc_column_text]La pi\u00e8ce de votre voiture avec laquelle vous avez des probl\u00e8mes \u00e9lectroniques ne figure pas dans la liste ci-dessus ? Si c&rsquo;est le cas, contactez-nous. Il y a de fortes chances que nous puissions encore le r\u00e9parer pour vous.<br \/>\n[\/vc_column_text][\/vc_column][\/vc_row][vc_row][vc_column][vc_column_text]<\/p>\n<h2>Contactez directement Elektrofix<\/h2>\n<p>Votre changeur de DVD ne fonctionne pas ou donne des erreurs de lecture ? Rendez-vous ensuite chez Elektrofix pour la r\u00e9paration du changeur de DVD. Prenez rendez-vous \u00e0 l&rsquo;avance en appelant le <a href=\"tel:0625387023\">06 25 38 70<\/a> 23, par e-mail <a href=\"mailto:info@elektrofix.nl\">info@elektrofix.nl<\/a> ou en laissant un message via le formulaire de contact pr\u00e9sent sur le site.<br \/>\n[\/vc_column_text][\/vc_column][\/vc_row]<\/p>\n","protected":false},"excerpt":{"rendered":"<p>[vc_row full_width=\u00a0\u00bbstretch_row\u00a0\u00bb css=\u00a0\u00bb.vc_custom_1612202182063{padding-top: 30px !important;padding-bottom: 15px !important;}\u00a0\u00bb][vc_column css=\u00a0\u00bb.vc_custom_1612180223540{padding-top: 0px !important;padding-bottom: 0px !important;}\u00a0\u00bb][vc_column_text] Elektrofix est votre partenaire de A \u00e0 Z Changeur de CD cass\u00e9 ?<a class=\"moretag\" href=\"https:\/\/www.elektrofix.nl\/fr\/reparation-du-changeur-cd\/\">&#8230;<\/a><\/p>\n","protected":false},"author":1,"featured_media":0,"parent":0,"menu_order":0,"comment_status":"closed","ping_status":"closed","template":"","meta":{"footnotes":""},"class_list":["post-7521","page","type-page","status-publish","hentry"],"_links":{"self":[{"href":"https:\/\/www.elektrofix.nl\/fr\/wp-json\/wp\/v2\/pages\/7521","targetHints":{"allow":["GET"]}}],"collection":[{"href":"https:\/\/www.elektrofix.nl\/fr\/wp-json\/wp\/v2\/pages"}],"about":[{"href":"https:\/\/www.elektrofix.nl\/fr\/wp-json\/wp\/v2\/types\/page"}],"author":[{"embeddable":true,"href":"https:\/\/www.elektrofix.nl\/fr\/wp-json\/wp\/v2\/users\/1"}],"replies":[{"embeddable":true,"href":"https:\/\/www.elektrofix.nl\/fr\/wp-json\/wp\/v2\/comments?post=7521"}],"version-history":[{"count":0,"href":"https:\/\/www.elektrofix.nl\/fr\/wp-json\/wp\/v2\/pages\/7521\/revisions"}],"wp:attachment":[{"href":"https:\/\/www.elektrofix.nl\/fr\/wp-json\/wp\/v2\/media?parent=7521"}],"curies":[{"name":"wp","href":"https:\/\/api.w.org\/{rel}","templated":true}]}}