{"id":7497,"date":"2024-02-16T13:17:55","date_gmt":"2024-02-16T12:17:55","guid":{"rendered":"https:\/\/www.elektrofix.nl\/reparation-de-cles-de-voiture\/"},"modified":"2024-02-16T13:17:55","modified_gmt":"2024-02-16T12:17:55","slug":"reparation-de-cles-de-voiture","status":"publish","type":"page","link":"https:\/\/www.elektrofix.nl\/fr\/reparation-de-cles-de-voiture\/","title":{"rendered":"R\u00e9paration de cl\u00e9s de voiture"},"content":{"rendered":"<p>[vc_row full_width=\u00a0\u00bbstretch_row\u00a0\u00bb css=\u00a0\u00bb.vc_custom_1612202182063{padding-top: 30px !important;padding-bottom: 15px !important;}\u00a0\u00bb][vc_column][vc_column_text]<\/p>\n<h5>Elektrofix est votre partenaire de A \u00e0 Z<\/h5>\n<h2>Cl\u00e9 de voiture cass\u00e9e ? Aller \u00e0 Elektrofix !<\/h2>\n<p>[\/vc_column_text][\/vc_column][vc_column css=\u00a0\u00bb.vc_custom_1612180223540{padding-top: 0px !important;padding-bottom: 0px !important;}\u00a0\u00bb][vc_row_inner equal_height=\u00a0\u00bbyes\u00a0\u00bb content_placement=\u00a0\u00bbmiddle\u00a0\u00bb css=\u00a0\u00bb.vc_custom_1612260120748{padding-top: 0px !important;padding-bottom: 0px !important;}\u00a0\u00bb][vc_column_inner width=\u00a0\u00bb1\/2&Prime; css=\u00a0\u00bb.vc_custom_1612180239327{padding-top: 0px !important;padding-bottom: 0px !important;}\u00a0\u00bb][vc_column_text]<img decoding=\"async\" class=\"size-full wp-image-505 alignnone lazyload\" data-src=\"\/wp-content\/uploads\/car-keys-1234786_640.jpg\" alt=\"R\u00e9paration de cl\u00e9s de voiture\" width=\"100%\" height=\"auto\" data-srcset=\"https:\/\/www.elektrofix.nl\/wp-content\/uploads\/car-keys-1234786_640.jpg 640w, https:\/\/www.elektrofix.nl\/wp-content\/uploads\/car-keys-1234786_640-300x200.jpg 300w\" data-sizes=\"(max-width: 640px) 100vw, 640px\" src=\"data:image\/svg+xml;base64,PHN2ZyB3aWR0aD0iMSIgaGVpZ2h0PSIxIiB4bWxucz0iaHR0cDovL3d3dy53My5vcmcvMjAwMC9zdmciPjwvc3ZnPg==\" style=\"--smush-placeholder-width: 640px; --smush-placeholder-aspect-ratio: 640\/426;\" \/>[\/vc_column_text][\/vc_column_inner][vc_column_inner width=\u00a0\u00bb1\/2&Prime; css=\u00a0\u00bb.vc_custom_1612180248955{padding-top: 0px !important;padding-bottom: 0px !important;}\u00a0\u00bb][vc_column_text]Votre cl\u00e9 de voiture ne fonctionne pas ou est cass\u00e9e ? Allez ensuite chez Elektrofix : l&rsquo;adresse pour la r\u00e9paration des cl\u00e9s de voiture. L&rsquo;\u00e9poque o\u00f9 il suffisait de tourner une cl\u00e9 pour ouvrir une porte et d\u00e9marrer le moteur est loin derri\u00e8re nous. Tout peut se casser dans les cl\u00e9s \u00e9lectroniques des voitures modernes. La t\u00e9l\u00e9commande de votre cl\u00e9 de voiture est cass\u00e9e ou le circuit imprim\u00e9 de votre cl\u00e9 de voiture doit \u00eatre r\u00e9par\u00e9 ? Elektrofix est heureux de vous aider ! Nous sommes le sp\u00e9cialiste de la r\u00e9paration et de la programmation de cl\u00e9s de voiture, ainsi que de la r\u00e9paration et du remontage de cl\u00e9s de voiture pour presque toutes les marques. Nous fournissons la m\u00eame qualit\u00e9, mais souvent \u00e0 moindre co\u00fbt et dans des d\u00e9lais beaucoup plus courts.[\/vc_column_text][vc_btn title=\u00a0\u00bbDemande de devis\u00a0\u00bb style=\u00a0\u00bbcustom\u00a0\u00bb custom_text=\u00a0\u00bb#666666&Prime; el_class=\u00a0\u00bbblue-btn\u00a0\u00bb link=\u00a0\u00bburl:%23offerte|||\u00a0\u00bb][\/vc_column_inner][\/vc_row_inner][\/vc_column][\/vc_row][vc_row full_width=\u00a0\u00bbstretch_row\u00a0\u00bb css=\u00a0\u00bb.vc_custom_1612202018327{padding-top: 50px !important;padding-bottom: 15px !important;}\u00a0\u00bb][vc_column css=\u00a0\u00bb.vc_custom_1612180223540{padding-top: 0px !important;padding-bottom: 0px !important;}\u00a0\u00bb][vc_row_inner css=\u00a0\u00bb.vc_custom_1612260131186{padding-top: 0px !important;padding-bottom: 0px !important;}\u00a0\u00bb][vc_column_inner css=\u00a0\u00bb.vc_custom_1612180239327{padding-top: 0px !important;padding-bottom: 0px !important;}\u00a0\u00bb][vc_column_text]<\/p>\n<h2>R\u00e9paration et programmation des cl\u00e9s de voiture<\/h2>\n<p>Un probl\u00e8me courant avec les cartes-cl\u00e9s et les cl\u00e9s \u00e9lectroniques de voiture est que la voiture ne peut plus \u00eatre ouverte ou verrouill\u00e9e. Une nouvelle carte ou cl\u00e9 co\u00fbtera rapidement des centaines d&rsquo;euros chez le concessionnaire, programmation comprise. En g\u00e9n\u00e9ral, un interrupteur est d\u00e9fectueux ou la puce est mal fix\u00e9e. Nous rempla\u00e7ons le(s) interrupteur(s) et ressoudons la puce.<br \/>\nChez Elektrofix, vous pouvez obtenir une r\u00e9paration de cl\u00e9 de voiture bon march\u00e9, rapide et de qualit\u00e9. Avec garantie, bien s\u00fbr ! Il en va de m\u00eame pour la programmation d&rsquo;une cl\u00e9 de voiture. Il arrive que les codes envoy\u00e9s par la cl\u00e9 et ceux attendus par le module de verrouillage central soient d\u00e9synchronis\u00e9s. La cl\u00e9 du v\u00e9hicule doit alors \u00eatre reprogramm\u00e9e. Dans de nombreux cas, cela peut \u00eatre fait assez facilement \u00e0 l&rsquo;aide des boutons de la t\u00e9l\u00e9commande. Mais cela n&rsquo;est pas possible dans tous les cas. Parfois, la synchronisation n&rsquo;est possible qu&rsquo;\u00e0 l&rsquo;aide d&rsquo;un testeur ou d&rsquo;un \u00e9quipement de diagnostic appropri\u00e9.<br \/>\n[\/vc_column_text][\/vc_column_inner][\/vc_row_inner][\/vc_column][\/vc_row][vc_row full_width=\u00a0\u00bbstretch_row\u00a0\u00bb css=\u00a0\u00bb.vc_custom_1612202018327{padding-top: 50px !important;padding-bottom: 15px !important;}\u00a0\u00bb][vc_column css=\u00a0\u00bb.vc_custom_1612180223540{padding-top: 0px !important;padding-bottom: 0px !important;}\u00a0\u00bb][vc_column_text]<\/p>\n<h5>La r\u00e9paration chez Elektrofix est moins ch\u00e8re<\/h5>\n<h2>La r\u00e9paration d&rsquo;une cl\u00e9 de voiture est plus \u00e9conomique que l&rsquo;achat d&rsquo;une nouvelle cl\u00e9<\/h2>\n<p>En faisant r\u00e9parer les pi\u00e8ces \u00e9lectroniques de votre voiture par nos soins, vous \u00e9conomiserez beaucoup d&rsquo;argent. Souvent, l&rsquo;achat d&rsquo;une pi\u00e8ce d\u00e9fectueuse aupr\u00e8s d&rsquo;un revendeur est tr\u00e8s co\u00fbteux. En outre, les concessionnaires facturent des taux horaires d\u00e9cents pour le montage et le d\u00e9montage des pi\u00e8ces. Souvent, l&rsquo;apprentissage de la nouvelle pi\u00e8ce est \u00e9galement factur\u00e9. Ainsi, m\u00eame avec une programmation de cl\u00e9 de voiture, vous serez moins cher avec Elektrofix.<br \/>\n[\/vc_column_text][\/vc_column][\/vc_row][vc_row full_width=\u00a0\u00bbstretch_row\u00a0\u00bb css=\u00a0\u00bb.vc_custom_1612199972923{margin-top: 50px !important;margin-bottom: 50px !important;padding-top: 0px !important;padding-bottom: 0px !important;background-image: url(https:\/\/www.elektrofix.nl\/wp-content\/uploads\/pexels-ingo-joseph-13781-1.png?id=250) !important;background-position: center !important;background-repeat: no-repeat !important;background-size: cover !important;}\u00a0\u00bb el_class=\u00a0\u00bbcta-box\u00a0\u00bb][vc_column css=\u00a0\u00bb.vc_custom_1612180223540{padding-top: 0px !important;padding-bottom: 0px !important;}\u00a0\u00bb][vc_row_inner equal_height=\u00a0\u00bbyes\u00a0\u00bb content_placement=\u00a0\u00bbmiddle\u00a0\u00bb css=\u00a0\u00bb.vc_custom_1612260422676{padding-top: 0px !important;padding-bottom: 0px !important;}\u00a0\u00bb][vc_column_inner el_class=\u00a0\u00bbcta-gradient-box\u00a0\u00bb width=\u00a0\u00bb1\/2&Prime; css=\u00a0\u00bb.vc_custom_1612200066371{padding-top: 65px !important;padding-bottom: 35px !important;}\u00a0\u00bb][vc_column_text]<\/p>\n<h2>Curieux de savoir<br \/>\nles possibilit\u00e9s ?<\/h2>\n<p>Elektrofix est un sp\u00e9cialiste des r\u00e9parations \u00e9lectroniques automobiles et du codage de logiciels. Contactez-nous d\u00e8s aujourd&rsquo;hui pour un rendez-vous ![\/vc_column_text][vc_btn title=\u00a0\u00bbDemande de devis\u00a0\u00bb style=\u00a0\u00bbcustom\u00a0\u00bb custom_text=\u00a0\u00bb#666666&Prime; el_class=\u00a0\u00bbwhite-btn\u00a0\u00bb link=\u00a0\u00bburl:%23offerte|||\u00a0\u00bb][\/vc_column_inner][vc_column_inner width=\u00a0\u00bb1\/2&Prime; css=\u00a0\u00bb.vc_custom_1612180248955{padding-top: 0px !important;padding-bottom: 0px !important;}\u00a0\u00bb][\/vc_column_inner][\/vc_row_inner][\/vc_column][\/vc_row][vc_row full_width=\u00a0\u00bbstretch_row\u00a0\u00bb css=\u00a0\u00bb.vc_custom_1612199714486{padding-top: 50px !important;padding-bottom: 15px !important;}\u00a0\u00bb][vc_column][vc_column_text]<\/p>\n<h2>Pourquoi choisir la r\u00e9paration de cl\u00e9s de voiture chez Elektrofix ?<\/h2>\n<p>[\/vc_column_text][vc_row_inner][vc_column_inner width=\u00a0\u00bb1\/2&Prime;][vc_column_text]Votre cl\u00e9 de voiture est cass\u00e9e ? Dans ce cas, une nouvelle cl\u00e9 n&rsquo;est certainement pas la solution la plus \u00e9conomique. Apr\u00e8s une petite r\u00e9paration chez Elektrofix, votre cl\u00e9 fonctionnera normalement comme avant.<\/p>\n<p>Il y a plusieurs bonnes raisons de nous confier la r\u00e9paration de votre cl\u00e9 de voiture par Elektrofix :<\/p>\n<ul>\n<li>Plus de 20 ans d&rsquo;exp\u00e9rience<\/li>\n<li>R\u00e9paration rapide (dans les 2 jours)<\/li>\n<li>1 an de garantie apr\u00e8s r\u00e9paration<\/li>\n<li>Montage \/ extension, y compris<\/li>\n<li>Sp\u00e9cialiste BMW<\/li>\n<\/ul>\n<p>[\/vc_column_text][vc_btn title=\u00a0\u00bbDemande de devis\u00a0\u00bb style=\u00a0\u00bbcustom\u00a0\u00bb custom_text=\u00a0\u00bb#666666&Prime; el_class=\u00a0\u00bbblue-btn\u00a0\u00bb link=\u00a0\u00bburl:%23offerte|||\u00a0\u00bb][\/vc_column_inner][vc_column_inner width=\u00a0\u00bb1\/2&Prime;][vc_column_text]<img decoding=\"async\" class=\"alignnone size-full wp-image-506 lazyload\" data-src=\"\/wp-content\/uploads\/display-BMW.jpeg\" alt=\"R\u00e9paration de la cl\u00e9 de la voiture\" width=\"100%\" height=\"auto\" data-srcset=\"https:\/\/www.elektrofix.nl\/wp-content\/uploads\/display-BMW.jpeg 500w, https:\/\/www.elektrofix.nl\/wp-content\/uploads\/display-BMW-300x221.jpeg 300w\" data-sizes=\"(max-width: 500px) 100vw, 500px\" src=\"data:image\/svg+xml;base64,PHN2ZyB3aWR0aD0iMSIgaGVpZ2h0PSIxIiB4bWxucz0iaHR0cDovL3d3dy53My5vcmcvMjAwMC9zdmciPjwvc3ZnPg==\" style=\"--smush-placeholder-width: 500px; --smush-placeholder-aspect-ratio: 500\/369;\" \/>[\/vc_column_text][\/vc_column_inner][\/vc_row_inner][\/vc_column][\/vc_row][vc_row full_width=\u00a0\u00bbstretch_row\u00a0\u00bb css=\u00a0\u00bb.vc_custom_1612202018327{padding-top: 50px !important;padding-bottom: 15px !important;}\u00a0\u00bb][vc_column css=\u00a0\u00bb.vc_custom_1612180223540{padding-top: 0px !important;padding-bottom: 0px !important;}\u00a0\u00bb][vc_column_text]<\/p>\n<h5>M\u00e9canicien polyvalent en \u00e9lectronique automobile<\/h5>\n<h2>Autres r\u00e9parations \u00e9lectroniques de voitures<\/h2>\n<p>Chez Elektrofix, vous pouvez obtenir plus qu&rsquo;une simple r\u00e9paration de cl\u00e9 de voiture. Nous r\u00e9parons presque tout dans le domaine de l&rsquo;\u00e9lectronique automobile, y compris :<br \/>\n[\/vc_column_text][vc_row_inner css=\u00a0\u00bb.vc_custom_1612260131186{padding-top: 0px !important;padding-bottom: 0px !important;}\u00a0\u00bb][vc_column_inner width=\u00a0\u00bb1\/2&Prime; css=\u00a0\u00bb.vc_custom_1612180239327{padding-top: 0px !important;padding-bottom: 0px !important;}\u00a0\u00bb][vc_column_text]<\/p>\n<ul>\n<li>R\u00e9paration de l&rsquo;alarme de la voiture<\/li>\n<li>Erreurs de lecture des DVD\/CD<\/li>\n<li>R\u00e9paration du tableau de bord<\/li>\n<li>R\u00e9paration de cl\u00e9s de voiture<\/li>\n<\/ul>\n<p>[\/vc_column_text][\/vc_column_inner][vc_column_inner width=\u00a0\u00bb1\/2&Prime;][vc_column_text]<\/p>\n<ul>\n<li>Installation\/r\u00e9paration\/montage de cam\u00e9ras de recul<\/li>\n<li>R\u00e9paration du compteur de tours\/kilom\u00e9trage<\/li>\n<li>Toutes les marques d&rsquo;autoradios<\/li>\n<li>Installation\/r\u00e9paration\/montage de kits automobiles<\/li>\n<\/ul>\n<p>[\/vc_column_text][\/vc_column_inner][\/vc_row_inner][vc_column_text]La pi\u00e8ce de votre voiture avec laquelle vous avez des probl\u00e8mes \u00e9lectroniques ne figure pas dans la liste ci-dessus ? Si c&rsquo;est le cas, contactez-nous. Il y a de fortes chances que nous puissions encore le r\u00e9parer pour vous.<br \/>\n[\/vc_column_text][\/vc_column][\/vc_row][vc_row][vc_column][vc_column_text]<\/p>\n<h2>Contactez directement Elektrofix<\/h2>\n<p>Besoin de r\u00e9parer une cl\u00e9 de voiture ? Ou pouvons-nous programmer la cl\u00e9 de la voiture pour vous ? Allez ensuite chez Elektrofix. Prenez rendez-vous \u00e0 l&rsquo;avance en appelant le <a href=\"tel:0625387023\">06 25 38 70<\/a> 23, par e-mail <a href=\"mailto:info@elektrofix.nl\">info@elektrofix.nl<\/a> ou en laissant un message via le formulaire de contact pr\u00e9sent sur le site.<br \/>\n[\/vc_column_text][\/vc_column][\/vc_row]<\/p>\n","protected":false},"excerpt":{"rendered":"<p>[vc_row full_width=\u00a0\u00bbstretch_row\u00a0\u00bb css=\u00a0\u00bb.vc_custom_1612202182063{padding-top: 30px !important;padding-bottom: 15px !important;}\u00a0\u00bb][vc_column][vc_column_text] Elektrofix est votre partenaire de A \u00e0 Z Cl\u00e9 de voiture cass\u00e9e ? Aller \u00e0 Elektrofix ! [\/vc_column_text][\/vc_column][vc_column<a class=\"moretag\" href=\"https:\/\/www.elektrofix.nl\/fr\/reparation-de-cles-de-voiture\/\">&#8230;<\/a><\/p>\n","protected":false},"author":1,"featured_media":0,"parent":0,"menu_order":0,"comment_status":"closed","ping_status":"closed","template":"","meta":{"footnotes":""},"class_list":["post-7497","page","type-page","status-publish","hentry"],"_links":{"self":[{"href":"https:\/\/www.elektrofix.nl\/fr\/wp-json\/wp\/v2\/pages\/7497","targetHints":{"allow":["GET"]}}],"collection":[{"href":"https:\/\/www.elektrofix.nl\/fr\/wp-json\/wp\/v2\/pages"}],"about":[{"href":"https:\/\/www.elektrofix.nl\/fr\/wp-json\/wp\/v2\/types\/page"}],"author":[{"embeddable":true,"href":"https:\/\/www.elektrofix.nl\/fr\/wp-json\/wp\/v2\/users\/1"}],"replies":[{"embeddable":true,"href":"https:\/\/www.elektrofix.nl\/fr\/wp-json\/wp\/v2\/comments?post=7497"}],"version-history":[{"count":0,"href":"https:\/\/www.elektrofix.nl\/fr\/wp-json\/wp\/v2\/pages\/7497\/revisions"}],"wp:attachment":[{"href":"https:\/\/www.elektrofix.nl\/fr\/wp-json\/wp\/v2\/media?parent=7497"}],"curies":[{"name":"wp","href":"https:\/\/api.w.org\/{rel}","templated":true}]}}