{"id":7490,"date":"2024-02-16T13:17:55","date_gmt":"2024-02-16T12:17:55","guid":{"rendered":"https:\/\/www.elektrofix.nl\/reparation-dautoradio\/"},"modified":"2024-02-16T13:17:55","modified_gmt":"2024-02-16T12:17:55","slug":"reparation-dautoradio","status":"publish","type":"page","link":"https:\/\/www.elektrofix.nl\/fr\/reparation-dautoradio\/","title":{"rendered":"R\u00e9paration d&rsquo;autoradio"},"content":{"rendered":"<p>[vc_row full_width=\u00a0\u00bbstretch_row\u00a0\u00bb css=\u00a0\u00bb.vc_custom_1612202182063{padding-top: 30px !important;padding-bottom: 15px !important;}\u00a0\u00bb][vc_column css=\u00a0\u00bb.vc_custom_1612180223540{padding-top: 0px !important;padding-bottom: 0px !important;}\u00a0\u00bb][vc_column_text]<\/p>\n<h5>Elektrofix est votre partenaire de A \u00e0 Z<\/h5>\n<h2>L&rsquo;autoradio est en panne ? Aller \u00e0 Elektrofix !<\/h2>\n<p>[\/vc_column_text][vc_row_inner equal_height=\u00a0\u00bbyes\u00a0\u00bb css=\u00a0\u00bb.vc_custom_1614159794526{padding-top: 0px !important;padding-bottom: 0px !important;}\u00a0\u00bb][vc_column_inner width=\u00a0\u00bb1\/2&Prime; css=\u00a0\u00bb.vc_custom_1612180239327{padding-top: 0px !important;padding-bottom: 0px !important;}\u00a0\u00bb][vc_column_text]<img decoding=\"async\" class=\"alignnone size-full wp-image-501 lazyload\" data-src=\"\/wp-content\/uploads\/audio-3789704_640.jpg\" alt=\"R\u00e9paration d'autoradio\" width=\"100%\" height=\"auto\" data-srcset=\"https:\/\/www.elektrofix.nl\/wp-content\/uploads\/audio-3789704_640.jpg 640w, https:\/\/www.elektrofix.nl\/wp-content\/uploads\/audio-3789704_640-300x200.jpg 300w\" data-sizes=\"(max-width: 640px) 100vw, 640px\" src=\"data:image\/svg+xml;base64,PHN2ZyB3aWR0aD0iMSIgaGVpZ2h0PSIxIiB4bWxucz0iaHR0cDovL3d3dy53My5vcmcvMjAwMC9zdmciPjwvc3ZnPg==\" style=\"--smush-placeholder-width: 640px; --smush-placeholder-aspect-ratio: 640\/426;\" \/>[\/vc_column_text][\/vc_column_inner][vc_column_inner width=\u00a0\u00bb1\/2&Prime; css=\u00a0\u00bb.vc_custom_1612180248955{padding-top: 0px !important;padding-bottom: 0px !important;}\u00a0\u00bb][vc_column_text]Votre autoradio est en panne ou un de ses composants ne fonctionne pas ? Alors rendez-vous chez Elektrofix, l&rsquo;adresse pour la r\u00e9paration experte d&rsquo;autoradios. Dans la plupart des cas, nous pouvons r\u00e9parer votre autoradio dans notre atelier \u00e0 Arnhem. Votre autoradio est obsol\u00e8te ou ne r\u00e9pond plus \u00e0 vos besoins ? L&rsquo;autoradio ne fonctionne plus avec votre smartphone ?<\/p>\n<p>Nous r\u00e9parons votre autoradio s&rsquo;il est en panne. Parce qu&rsquo;il n&rsquo;y a rien de plus ennuyeux que des appareils \u00e9lectroniques qui ne fonctionnent pas dans la voiture. D&rsquo;autant plus que vous en \u00eates parfois tr\u00e8s d\u00e9pendant, comme dans le cas d&rsquo;un syst\u00e8me de navigation. Pour la r\u00e9paration d&rsquo;un autoradio, il est donc important que vous choisissiez un r\u00e9parateur qui s&rsquo;occupera de votre autoradio rapidement, \u00e0 moindre co\u00fbt et avec comp\u00e9tence. La r\u00e9paration des autoradios est une sp\u00e9cialit\u00e9 d&rsquo;Elektrofix ![\/vc_column_text][vc_btn title=\u00a0\u00bbDemande de devis\u00a0\u00bb style=\u00a0\u00bbcustom\u00a0\u00bb custom_text=\u00a0\u00bb#666666&Prime; el_class=\u00a0\u00bbblue-btn\u00a0\u00bb link=\u00a0\u00bburl:%23offerte|||\u00a0\u00bb][\/vc_column_inner][\/vc_row_inner][\/vc_column][\/vc_row][vc_row full_width=\u00a0\u00bbstretch_row\u00a0\u00bb css=\u00a0\u00bb.vc_custom_1612202018327{padding-top: 50px !important;padding-bottom: 15px !important;}\u00a0\u00bb][vc_column css=\u00a0\u00bb.vc_custom_1612180223540{padding-top: 0px !important;padding-bottom: 0px !important;}\u00a0\u00bb][vc_column_text]<\/p>\n<h5>La r\u00e9paration chez Elektrofix est moins ch\u00e8re<\/h5>\n<h2>La r\u00e9paration d&rsquo;un autoradio est plus \u00e9conomique que son remplacement<\/h2>\n<p>[\/vc_column_text][vc_row_inner css=\u00a0\u00bb.vc_custom_1612260131186{padding-top: 0px !important;padding-bottom: 0px !important;}\u00a0\u00bb][vc_column_inner css=\u00a0\u00bb.vc_custom_1612180239327{padding-top: 0px !important;padding-bottom: 0px !important;}\u00a0\u00bb][vc_column_text]<span style=\"font-weight: 400;\">Un autoradio dans votre voiture est, bien s\u00fbr, tr\u00e8s agr\u00e9able. Mais il faut que \u00e7a marche ! Il n&rsquo;y a rien de plus ennuyeux que d&rsquo;avoir un autoradio qui ne fonctionne pas. De nombreuses personnes ne peuvent pas se passer de leur autoradio. Vous devez parcourir quotidiennement de longues distances pour votre travail ? Vous partez bient\u00f4t pour un long voyage en voiture ou vous utilisez souvent votre voiture ? Un morceau de musique peut aider \u00e9norm\u00e9ment \u00e0 chasser l&rsquo;ennui des longs trajets en voiture. Mais si votre autoradio tombe en panne, comment pouvez-vous savoir o\u00f9 se trouvent les embouteillages ou quelles sont les derni\u00e8res nouvelles ? La plupart des gens demandent \u00e0 leur garagiste ou \u00e0 leur concessionnaire si leur autoradio est d\u00e9fectueux. La r\u00e9ponse est pratiquement toujours la m\u00eame : remplacer ! La r\u00e9paration d&rsquo;autoradio est alors une alternative int\u00e9ressante et abordable.  <\/span><\/p>\n<p><span style=\"font-weight: 400;\">Les plaintes relatives aux diff\u00e9rents syst\u00e8mes d&rsquo;autoradio sont de nature diverse : \u00e9cran d\u00e9fectueux, boutons qui ne r\u00e9pondent plus, r\u00e9ception radio perturb\u00e9e, etc. Votre autoradio est en panne ? Alors venez chez Elektrofix. Nous effectuons toutes les r\u00e9parations d&rsquo;autoradios dans notre propre atelier.<\/span>[\/vc_column_text][\/vc_column_inner][\/vc_row_inner][\/vc_column][\/vc_row][vc_row full_width=\u00a0\u00bbstretch_row\u00a0\u00bb css=\u00a0\u00bb.vc_custom_1612202018327{padding-top: 50px !important;padding-bottom: 15px !important;}\u00a0\u00bb][vc_column css=\u00a0\u00bb.vc_custom_1612180223540{padding-top: 0px !important;padding-bottom: 0px !important;}\u00a0\u00bb][vc_column_text]<\/p>\n<h5>R\u00e9paration de la radio, de la navigation et des \u00e9crans<\/h5>\n<h2>Nous r\u00e9parons les radios, les syst\u00e8mes de navigation et les \u00e9crans<\/h2>\n<p>Elektrofix r\u00e9pare presque toutes les marques de voitures et de syst\u00e8mes de navigation<\/p>\n<p>[\/vc_column_text][vc_row_inner css=\u00a0\u00bb.vc_custom_1612260131186{padding-top: 0px !important;padding-bottom: 0px !important;}\u00a0\u00bb][vc_column_inner width=\u00a0\u00bb1\/2&Prime; css=\u00a0\u00bb.vc_custom_1612180239327{padding-top: 0px !important;padding-bottom: 0px !important;}\u00a0\u00bb][vc_column_text]<\/p>\n<ul>\n<li>Audi : syst\u00e8mes Navi Plus, RNS-E et MMI<\/li>\n<li>BMW et Mini : MK2, MK3, MK4, syst\u00e8mes CCC et I-drive<\/li>\n<li>Citro\u00ebn : syst\u00e8mes RT3 et RT 4<\/li>\n<li>Chrysler, Doge et Jeep : Navigation de la s\u00e9rie REC<\/li>\n<li>Ford Denso : Syst\u00e8mes Travelpilot DX et EX<\/li>\n<li>Jaguar : Syst\u00e8me Denso \u00e0 \u00e9cran tactile pour S-type X, XJ, XR, XCL<\/li>\n<li>Mercedes : syst\u00e8mes Comand et APS<\/li>\n<li>Range Rover et Land Rover : Freelander 3, Kenwood Dv3200<\/li>\n<\/ul>\n<p>[\/vc_column_text][\/vc_column_inner][vc_column_inner width=\u00a0\u00bb1\/2&Prime;][vc_column_text]<\/p>\n<ul>\n<li>Opel : syst\u00e8mes NCDR, DvD90, DVD100 et CD CD70<\/li>\n<li>Peugeot : syst\u00e8me RT3 et RT4<\/li>\n<li>Renault : Syst\u00e8me Carminat<\/li>\n<li>Skoda : syst\u00e8mes de navigation<\/li>\n<li>Subaru : changeur 6 CD<\/li>\n<li>Si\u00e8ge : syst\u00e8mes RCD, MCD, MFD1, MFD2, RNS 315 et RNS510<\/li>\n<li>Volkswagen : RCD, MCD, MFD1, MFD2, RNS 315 et RNS510<\/li>\n<li>Volvo : syst\u00e8mes RTI C30, C70, S60, S80, V70, XC70, XC90, S70, V50 et S40<\/li>\n<\/ul>\n<p>[\/vc_column_text][\/vc_column_inner][\/vc_row_inner][\/vc_column][\/vc_row][vc_row full_width=\u00a0\u00bbstretch_row\u00a0\u00bb css=\u00a0\u00bb.vc_custom_1612199972923{margin-top: 50px !important;margin-bottom: 50px !important;padding-top: 0px !important;padding-bottom: 0px !important;background-image: url(https:\/\/www.elektrofix.nl\/wp-content\/uploads\/pexels-ingo-joseph-13781-1.png?id=250) !important;background-position: center !important;background-repeat: no-repeat !important;background-size: cover !important;}\u00a0\u00bb el_class=\u00a0\u00bbcta-box\u00a0\u00bb][vc_column css=\u00a0\u00bb.vc_custom_1612180223540{padding-top: 0px !important;padding-bottom: 0px !important;}\u00a0\u00bb][vc_row_inner equal_height=\u00a0\u00bbyes\u00a0\u00bb content_placement=\u00a0\u00bbmiddle\u00a0\u00bb css=\u00a0\u00bb.vc_custom_1612260422676{padding-top: 0px !important;padding-bottom: 0px !important;}\u00a0\u00bb][vc_column_inner el_class=\u00a0\u00bbcta-gradient-box\u00a0\u00bb width=\u00a0\u00bb1\/2&Prime; css=\u00a0\u00bb.vc_custom_1612200066371{padding-top: 65px !important;padding-bottom: 35px !important;}\u00a0\u00bb][vc_column_text]<\/p>\n<h2>Curieux de savoir<br \/>\nles possibilit\u00e9s ?<\/h2>\n<p>Elektrofix est un sp\u00e9cialiste des r\u00e9parations \u00e9lectroniques automobiles et du codage de logiciels. Contactez-nous d\u00e8s aujourd&rsquo;hui pour un rendez-vous ![\/vc_column_text][vc_btn title=\u00a0\u00bbDemande de devis\u00a0\u00bb style=\u00a0\u00bbcustom\u00a0\u00bb custom_text=\u00a0\u00bb#666666&Prime; el_class=\u00a0\u00bbwhite-btn\u00a0\u00bb link=\u00a0\u00bburl:%23offerte|||\u00a0\u00bb][\/vc_column_inner][vc_column_inner width=\u00a0\u00bb1\/2&Prime; css=\u00a0\u00bb.vc_custom_1612180248955{padding-top: 0px !important;padding-bottom: 0px !important;}\u00a0\u00bb][\/vc_column_inner][\/vc_row_inner][\/vc_column][\/vc_row][vc_row full_width=\u00a0\u00bbstretch_row\u00a0\u00bb css=\u00a0\u00bb.vc_custom_1612199714486{padding-top: 50px !important;padding-bottom: 15px !important;}\u00a0\u00bb][vc_column][vc_column_text]<\/p>\n<h2>Pourquoi choisir la r\u00e9paration d&rsquo;autoradio par Elektrofix ?<\/h2>\n<p>[\/vc_column_text][vc_row_inner][vc_column_inner width=\u00a0\u00bb1\/2&Prime;][vc_column_text]Le remplacement de votre autoradio n&rsquo;est pas toujours l&rsquo;option la meilleure ou la plus \u00e9conomique. Si votre autoradio est d\u00e9fectueux, il y a plusieurs bonnes raisons de choisir la r\u00e9paration d&rsquo;autoradio par Elektrofix.<\/p>\n<ul>\n<li>R\u00e9paration d&rsquo;autoradios pour toutes les marques de voitures<\/li>\n<li>Plus de 20 ans d&rsquo;exp\u00e9rience<\/li>\n<li>R\u00e9paration rapide (dans les 2 jours)<\/li>\n<li>1 an de garantie apr\u00e8s r\u00e9paration<\/li>\n<li>Montage \/ extension, y compris<\/li>\n<li>Sp\u00e9cialiste BMW<\/li>\n<\/ul>\n<p>[\/vc_column_text][vc_btn title=\u00a0\u00bbDemande de devis\u00a0\u00bb style=\u00a0\u00bbcustom\u00a0\u00bb custom_text=\u00a0\u00bb#666666&Prime; el_class=\u00a0\u00bbblue-btn\u00a0\u00bb link=\u00a0\u00bburl:%23offerte|||\u00a0\u00bb][\/vc_column_inner][vc_column_inner width=\u00a0\u00bb1\/2&Prime;][vc_column_text]<img decoding=\"async\" class=\"alignnone size-full wp-image-498 lazyload\" data-src=\"\/wp-content\/uploads\/image-9.jpeg\" alt=\"r\u00e9paration d'autoradio elektrofix\" width=\"100%\" height=\"auto\" data-srcset=\"https:\/\/www.elektrofix.nl\/wp-content\/uploads\/image-9.jpeg 500w, https:\/\/www.elektrofix.nl\/wp-content\/uploads\/image-9-300x200.jpeg 300w\" data-sizes=\"(max-width: 500px) 100vw, 500px\" src=\"data:image\/svg+xml;base64,PHN2ZyB3aWR0aD0iMSIgaGVpZ2h0PSIxIiB4bWxucz0iaHR0cDovL3d3dy53My5vcmcvMjAwMC9zdmciPjwvc3ZnPg==\" style=\"--smush-placeholder-width: 500px; --smush-placeholder-aspect-ratio: 500\/334;\" \/>[\/vc_column_text][\/vc_column_inner][\/vc_row_inner][\/vc_column][\/vc_row][vc_row full_width=\u00a0\u00bbstretch_row\u00a0\u00bb css=\u00a0\u00bb.vc_custom_1612202018327{padding-top: 50px !important;padding-bottom: 15px !important;}\u00a0\u00bb][vc_column css=\u00a0\u00bb.vc_custom_1612180223540{padding-top: 0px !important;padding-bottom: 0px !important;}\u00a0\u00bb][vc_column_text]<\/p>\n<h5>M\u00e9canicien polyvalent en \u00e9lectronique automobile<\/h5>\n<h2>Autres r\u00e9parations \u00e9lectroniques de voitures<\/h2>\n<p>Chez Elektrofix, vous pouvez obtenir plus qu&rsquo;une simple r\u00e9paration d&rsquo;autoradio. Nous r\u00e9parons presque tout dans le domaine de l&rsquo;\u00e9lectronique automobile, comme par exemple :[\/vc_column_text][vc_row_inner css=\u00a0\u00bb.vc_custom_1612260131186{padding-top: 0px !important;padding-bottom: 0px !important;}\u00a0\u00bb][vc_column_inner width=\u00a0\u00bb1\/2&Prime; css=\u00a0\u00bb.vc_custom_1612180239327{padding-top: 0px !important;padding-bottom: 0px !important;}\u00a0\u00bb][vc_column_text]<\/p>\n<ul>\n<li>R\u00e9paration\/installation\/assemblage de syst\u00e8mes de navigation automobile<\/li>\n<li>R\u00e9paration de l&rsquo;alarme de la voiture<\/li>\n<li>Erreurs de lecture des DVD\/CD<\/li>\n<li>R\u00e9paration du tableau de bord<\/li>\n<\/ul>\n<p>[\/vc_column_text][\/vc_column_inner][vc_column_inner width=\u00a0\u00bb1\/2&Prime;][vc_column_text]<\/p>\n<ul>\n<li>R\u00e9paration de cl\u00e9s de voiture<\/li>\n<li>Installation\/r\u00e9paration\/montage de cam\u00e9ras de recul<\/li>\n<li>R\u00e9paration du compteur de tours\/kilom\u00e9trage<\/li>\n<li>Installation\/r\u00e9paration\/montage de kits automobiles<\/li>\n<\/ul>\n<p>[\/vc_column_text][\/vc_column_inner][\/vc_row_inner][vc_column_text]La pi\u00e8ce de votre voiture avec laquelle vous avez des probl\u00e8mes \u00e9lectroniques ne figure pas dans la liste ci-dessus ? Si c&rsquo;est le cas, contactez-nous. Il y a de fortes chances que nous puissions encore le r\u00e9parer pour vous.[\/vc_column_text][\/vc_column][\/vc_row][vc_row][vc_column][vc_column_text]<\/p>\n<h2>Contactez directement Elektrofix<\/h2>\n<p>Votre autoradio ne fonctionne pas ? Pour la r\u00e9paration d&rsquo;autoradios, rendez-vous chez Elektrofix. Prenez rendez-vous \u00e0 l&rsquo;avance pour une r\u00e9paration de navigation en appelant le <a href=\"tel:0625387023\">06 25 38 70 23<\/a>, ou en envoyant un courriel \u00e0 <a href=\"mailto:info@elektrofix.nl\">info@elektrofix.nl,<\/a> ou en laissant un message via le formulaire de contact ici sur le site web.<br \/>\n[\/vc_column_text][\/vc_column][\/vc_row]<\/p>\n","protected":false},"excerpt":{"rendered":"<p>[vc_row full_width=\u00a0\u00bbstretch_row\u00a0\u00bb css=\u00a0\u00bb.vc_custom_1612202182063{padding-top: 30px !important;padding-bottom: 15px !important;}\u00a0\u00bb][vc_column css=\u00a0\u00bb.vc_custom_1612180223540{padding-top: 0px !important;padding-bottom: 0px !important;}\u00a0\u00bb][vc_column_text] Elektrofix est votre partenaire de A \u00e0 Z L&rsquo;autoradio est en panne ?<a class=\"moretag\" href=\"https:\/\/www.elektrofix.nl\/fr\/reparation-dautoradio\/\">&#8230;<\/a><\/p>\n","protected":false},"author":1,"featured_media":0,"parent":0,"menu_order":0,"comment_status":"closed","ping_status":"closed","template":"","meta":{"footnotes":""},"class_list":["post-7490","page","type-page","status-publish","hentry"],"_links":{"self":[{"href":"https:\/\/www.elektrofix.nl\/fr\/wp-json\/wp\/v2\/pages\/7490","targetHints":{"allow":["GET"]}}],"collection":[{"href":"https:\/\/www.elektrofix.nl\/fr\/wp-json\/wp\/v2\/pages"}],"about":[{"href":"https:\/\/www.elektrofix.nl\/fr\/wp-json\/wp\/v2\/types\/page"}],"author":[{"embeddable":true,"href":"https:\/\/www.elektrofix.nl\/fr\/wp-json\/wp\/v2\/users\/1"}],"replies":[{"embeddable":true,"href":"https:\/\/www.elektrofix.nl\/fr\/wp-json\/wp\/v2\/comments?post=7490"}],"version-history":[{"count":0,"href":"https:\/\/www.elektrofix.nl\/fr\/wp-json\/wp\/v2\/pages\/7490\/revisions"}],"wp:attachment":[{"href":"https:\/\/www.elektrofix.nl\/fr\/wp-json\/wp\/v2\/media?parent=7490"}],"curies":[{"name":"wp","href":"https:\/\/api.w.org\/{rel}","templated":true}]}}