{"id":7488,"date":"2024-02-16T13:17:54","date_gmt":"2024-02-16T12:17:54","guid":{"rendered":"https:\/\/www.elektrofix.nl\/bmw-mulf-mulf2-combox-bluetooth-module-repair\/"},"modified":"2024-02-16T13:17:54","modified_gmt":"2024-02-16T12:17:54","slug":"bmw-mulf-mulf2-combox-bluetooth-module-repair","status":"publish","type":"page","link":"https:\/\/www.elektrofix.nl\/fr\/bmw-mulf-mulf2-combox-bluetooth-module-repair\/","title":{"rendered":"Bmw Mulf Mulf2 Combox bluetooth module repair"},"content":{"rendered":"<p>[vc_row full_width=\u00a0\u00bbstretch_row\u00a0\u00bb css=\u00a0\u00bb.vc_custom_1612202182063{padding-top: 30px !important;padding-bottom: 15px !important;}\u00a0\u00bb][vc_column css=\u00a0\u00bb.vc_custom_1612180223540{padding-top: 0px !important;padding-bottom: 0px !important;}\u00a0\u00bb][vc_column_text]<\/p>\n<h5>Elektrofix, le sp\u00e9cialiste de la r\u00e9paration \u00e9lectronique de Bmw<\/h5>\n<h2>Module Bluetooth Bmw cass\u00e9 ? Elektrofix pour une r\u00e9paration experte !<\/h2>\n<p>[\/vc_column_text][vc_row_inner equal_height=\u00a0\u00bbyes\u00a0\u00bb content_placement=\u00a0\u00bbmiddle\u00a0\u00bb css=\u00a0\u00bb.vc_custom_1612260120748{padding-top: 0px !important;padding-bottom: 0px !important;}\u00a0\u00bb][vc_column_inner width=\u00a0\u00bb1\/2&Prime; css=\u00a0\u00bb.vc_custom_1612180239327{padding-top: 0px !important;padding-bottom: 0px !important;}\u00a0\u00bb][vc_column_text]<img decoding=\"async\" class=\"alignnone size-full wp-image-893 lazyload\" data-src=\"https:\/\/www.elektrofix.nl\/wp-content\/uploads\/bmw-mulf1.jpeg\" alt=\"bmw mulf\" width=\"1024\" height=\"768\" data-srcset=\"https:\/\/www.elektrofix.nl\/wp-content\/uploads\/bmw-mulf1.jpeg 1024w, https:\/\/www.elektrofix.nl\/wp-content\/uploads\/bmw-mulf1-300x225.jpeg 300w, https:\/\/www.elektrofix.nl\/wp-content\/uploads\/bmw-mulf1-768x576.jpeg 768w\" data-sizes=\"(max-width: 1024px) 100vw, 1024px\" src=\"data:image\/svg+xml;base64,PHN2ZyB3aWR0aD0iMSIgaGVpZ2h0PSIxIiB4bWxucz0iaHR0cDovL3d3dy53My5vcmcvMjAwMC9zdmciPjwvc3ZnPg==\" style=\"--smush-placeholder-width: 1024px; --smush-placeholder-aspect-ratio: 1024\/768;\" \/>[\/vc_column_text][\/vc_column_inner][vc_column_inner width=\u00a0\u00bb1\/2&Prime; css=\u00a0\u00bb.vc_custom_1612180248955{padding-top: 0px !important;padding-bottom: 0px !important;}\u00a0\u00bb][vc_column_text]Vous pr\u00e9f\u00e9rez ne pas recevoir d&rsquo;amende pour avoir tenu votre t\u00e9l\u00e9phone au volant ? Il est alors temps de r\u00e9parer vos modules Bluetooth d\u00e9fectueux. Pour un module Bluetooth, Elektrofix est l&rsquo;endroit id\u00e9al. Nous sommes pr\u00eats \u00e0 r\u00e9parer. Elektrofix est une entreprise fiable et professionnelle qui r\u00e9pare presque toutes les marques et tous les mod\u00e8les de modules Bluetooth.[\/vc_column_text][vc_btn title=\u00a0\u00bbDemande de devis\u00a0\u00bb style=\u00a0\u00bbcustom\u00a0\u00bb custom_text=\u00a0\u00bb#666666&Prime; el_class=\u00a0\u00bbblue-btn\u00a0\u00bb link=\u00a0\u00bburl:%23offerte|||\u00a0\u00bb][\/vc_column_inner][\/vc_row_inner][\/vc_column][\/vc_row][vc_row full_width=\u00a0\u00bbstretch_row\u00a0\u00bb css=\u00a0\u00bb.vc_custom_1612199972923{margin-top: 50px !important;margin-bottom: 50px !important;padding-top: 0px !important;padding-bottom: 0px !important;background-image: url(https:\/\/www.elektrofix.nl\/wp-content\/uploads\/pexels-ingo-joseph-13781-1.png?id=250) !important;background-position: center !important;background-repeat: no-repeat !important;background-size: cover !important;}\u00a0\u00bb el_class=\u00a0\u00bbcta-box\u00a0\u00bb][vc_column css=\u00a0\u00bb.vc_custom_1612180223540{padding-top: 0px !important;padding-bottom: 0px !important;}\u00a0\u00bb][vc_row_inner equal_height=\u00a0\u00bbyes\u00a0\u00bb content_placement=\u00a0\u00bbmiddle\u00a0\u00bb css=\u00a0\u00bb.vc_custom_1612260422676{padding-top: 0px !important;padding-bottom: 0px !important;}\u00a0\u00bb][vc_column_inner el_class=\u00a0\u00bbcta-gradient-box\u00a0\u00bb width=\u00a0\u00bb1\/2&Prime; css=\u00a0\u00bb.vc_custom_1612200066371{padding-top: 65px !important;padding-bottom: 35px !important;}\u00a0\u00bb][vc_column_text]<\/p>\n<h2>Curieux de savoir<br \/>\nles possibilit\u00e9s ?<\/h2>\n<p>Elektrofix est un sp\u00e9cialiste des r\u00e9parations \u00e9lectroniques automobiles et du codage de logiciels. Contactez-nous d\u00e8s aujourd&rsquo;hui pour un rendez-vous ![\/vc_column_text][vc_btn title=\u00a0\u00bbDemande de devis\u00a0\u00bb style=\u00a0\u00bbcustom\u00a0\u00bb custom_text=\u00a0\u00bb#666666&Prime; el_class=\u00a0\u00bbwhite-btn\u00a0\u00bb link=\u00a0\u00bburl:%23offerte|||\u00a0\u00bb][\/vc_column_inner][vc_column_inner width=\u00a0\u00bb1\/2&Prime; css=\u00a0\u00bb.vc_custom_1612180248955{padding-top: 0px !important;padding-bottom: 0px !important;}\u00a0\u00bb][\/vc_column_inner][\/vc_row_inner][\/vc_column][\/vc_row][vc_row full_width=\u00a0\u00bbstretch_row\u00a0\u00bb css=\u00a0\u00bb.vc_custom_1612202018327{padding-top: 50px !important;padding-bottom: 15px !important;}\u00a0\u00bb][vc_column][vc_column_text]<\/p>\n<h5>Service de r\u00e9paration du module t\u00e9l\u00e9phonique Bluetooth de BMW<\/h5>\n<h2>R\u00e9paration du module Bluetooth<\/h2>\n<p>[\/vc_column_text][vc_row_inner][vc_column_inner width=\u00a0\u00bb1\/2&Prime;][vc_column_text]Nous r\u00e9parons diff\u00e9rents modules pour la connexion de t\u00e9l\u00e9phone bluetooth \u00e0 votre BMW. Nos r\u00e9parations standard sur les mod\u00e8les BMW sont les suivantes :<\/p>\n<ul>\n<li>R\u00e9paration d&rsquo;Ulf<\/li>\n<li>R\u00e9paration de Mulf<\/li>\n<li>R\u00e9paration de Mulf2<\/li>\n<li>Mulf2 avec r\u00e9paration usb<\/li>\n<li>R\u00e9paration du Tcu<\/li>\n<li>R\u00e9paration du Combox<\/li>\n<li>R\u00e9paration du Bluetooth avec installation auxiliaire et codage<\/li>\n<\/ul>\n<p>[\/vc_column_text][\/vc_column_inner][vc_column_inner width=\u00a0\u00bb1\/2&Prime;][vc_column_text]Les types de BMW pour lesquels nous effectuons des r\u00e9parations sont les suivants :<\/p>\n<ul>\n<li>BMW s\u00e9rie 1 : e81, e82, e87, e88<\/li>\n<li>BMW s\u00e9rie 3 : e90, e92, e93<\/li>\n<li>BMW s\u00e9rie 5 : e60, e61<\/li>\n<li>BMW s\u00e9rie 6 : e63, e64<\/li>\n<li>BMW X5 : e70<\/li>\n<\/ul>\n<p>[\/vc_column_text][\/vc_column_inner][\/vc_row_inner][vc_column_text]Toutes les r\u00e9parations de modules comprennent la d\u00e9pose, l&rsquo;installation et le codage.[\/vc_column_text][\/vc_column][\/vc_row][vc_row full_width=\u00a0\u00bbstretch_row\u00a0\u00bb css=\u00a0\u00bb.vc_custom_1612199714486{padding-top: 50px !important;padding-bottom: 15px !important;}\u00a0\u00bb][vc_column][vc_row_inner][vc_column_inner width=\u00a0\u00bb1\/2&Prime;][vc_column_text]<\/p>\n<ul>\n<li>Plus de 20 ans d&rsquo;exp\u00e9rience<\/li>\n<li>R\u00e9paration rapide (dans les 2 jours)<\/li>\n<li>1 an de garantie apr\u00e8s r\u00e9paration<\/li>\n<li>Installation et codage, y compris<\/li>\n<li>Sp\u00e9cialiste BMW<\/li>\n<\/ul>\n<p>[\/vc_column_text][vc_btn title=\u00a0\u00bbDemande de devis\u00a0\u00bb style=\u00a0\u00bbcustom\u00a0\u00bb custom_text=\u00a0\u00bb#666666&Prime; el_class=\u00a0\u00bbblue-btn\u00a0\u00bb link=\u00a0\u00bburl:%23offerte|||\u00a0\u00bb][\/vc_column_inner][vc_column_inner width=\u00a0\u00bb1\/2&Prime;][vc_column_text]<img decoding=\"async\" class=\"alignnone size-full wp-image-894 lazyload\" data-src=\"https:\/\/www.elektrofix.nl\/wp-content\/uploads\/bmw-mulf2.jpeg\" alt=\"bmw mulf\" width=\"1024\" height=\"768\" data-srcset=\"https:\/\/www.elektrofix.nl\/wp-content\/uploads\/bmw-mulf2.jpeg 1024w, https:\/\/www.elektrofix.nl\/wp-content\/uploads\/bmw-mulf2-300x225.jpeg 300w, https:\/\/www.elektrofix.nl\/wp-content\/uploads\/bmw-mulf2-768x576.jpeg 768w\" data-sizes=\"(max-width: 1024px) 100vw, 1024px\" src=\"data:image\/svg+xml;base64,PHN2ZyB3aWR0aD0iMSIgaGVpZ2h0PSIxIiB4bWxucz0iaHR0cDovL3d3dy53My5vcmcvMjAwMC9zdmciPjwvc3ZnPg==\" style=\"--smush-placeholder-width: 1024px; --smush-placeholder-aspect-ratio: 1024\/768;\" \/>[\/vc_column_text][\/vc_column_inner][\/vc_row_inner][\/vc_column][\/vc_row][vc_row full_width=\u00a0\u00bbstretch_row\u00a0\u00bb css=\u00a0\u00bb.vc_custom_1612199972923{margin-top: 50px !important;margin-bottom: 50px !important;padding-top: 0px !important;padding-bottom: 0px !important;background-image: url(https:\/\/www.elektrofix.nl\/wp-content\/uploads\/pexels-ingo-joseph-13781-1.png?id=250) !important;background-position: center !important;background-repeat: no-repeat !important;background-size: cover !important;}\u00a0\u00bb el_class=\u00a0\u00bbcta-box\u00a0\u00bb][vc_column css=\u00a0\u00bb.vc_custom_1612180223540{padding-top: 0px !important;padding-bottom: 0px !important;}\u00a0\u00bb][vc_row_inner equal_height=\u00a0\u00bbyes\u00a0\u00bb content_placement=\u00a0\u00bbmiddle\u00a0\u00bb css=\u00a0\u00bb.vc_custom_1612260422676{padding-top: 0px !important;padding-bottom: 0px !important;}\u00a0\u00bb][vc_column_inner el_class=\u00a0\u00bbcta-gradient-box\u00a0\u00bb width=\u00a0\u00bb1\/2&Prime; css=\u00a0\u00bb.vc_custom_1612200066371{padding-top: 65px !important;padding-bottom: 35px !important;}\u00a0\u00bb][vc_column_text]<\/p>\n<h2>Curieux de savoir<br \/>\nles possibilit\u00e9s ?<\/h2>\n<p>Elektrofix est un sp\u00e9cialiste des r\u00e9parations \u00e9lectroniques automobiles et du codage de logiciels. Contactez-nous d\u00e8s aujourd&rsquo;hui pour un rendez-vous ![\/vc_column_text][vc_btn title=\u00a0\u00bbDemande de devis\u00a0\u00bb style=\u00a0\u00bbcustom\u00a0\u00bb custom_text=\u00a0\u00bb#666666&Prime; el_class=\u00a0\u00bbwhite-btn\u00a0\u00bb link=\u00a0\u00bburl:%23offerte|||\u00a0\u00bb][\/vc_column_inner][vc_column_inner width=\u00a0\u00bb1\/2&Prime; css=\u00a0\u00bb.vc_custom_1612180248955{padding-top: 0px !important;padding-bottom: 0px !important;}\u00a0\u00bb][\/vc_column_inner][\/vc_row_inner][\/vc_column][\/vc_row][vc_row full_width=\u00a0\u00bbstretch_row\u00a0\u00bb css=\u00a0\u00bb.vc_custom_1612202018327{padding-top: 50px !important;padding-bottom: 15px !important;}\u00a0\u00bb][vc_column css=\u00a0\u00bb.vc_custom_1612180223540{padding-top: 0px !important;padding-bottom: 0px !important;}\u00a0\u00bb][vc_column_text]<\/p>\n<h5>M\u00e9canicien polyvalent en \u00e9lectronique automobile<\/h5>\n<h2>Autres r\u00e9parations \u00e9lectroniques de voitures<\/h2>\n<p>Chez Elektrofix, vous trouverez bien plus que le montage et la r\u00e9paration de kits automobiles. Nous assemblons et r\u00e9parons presque tout dans le domaine de l&rsquo;\u00e9lectronique automobile, y compris :<br \/>\n[\/vc_column_text][vc_row_inner css=\u00a0\u00bb.vc_custom_1612260131186{padding-top: 0px !important;padding-bottom: 0px !important;}\u00a0\u00bb][vc_column_inner width=\u00a0\u00bb1\/2&Prime; css=\u00a0\u00bb.vc_custom_1612180239327{padding-top: 0px !important;padding-bottom: 0px !important;}\u00a0\u00bb][vc_column_text]<\/p>\n<ul>\n<li>R\u00e9paration de l&rsquo;alarme de la voiture<\/li>\n<li>Erreurs de lecture des DVD\/CD<\/li>\n<li>R\u00e9paration du tableau de bord<\/li>\n<li>R\u00e9paration de cl\u00e9s de voiture<\/li>\n<\/ul>\n<p>[\/vc_column_text][\/vc_column_inner][vc_column_inner width=\u00a0\u00bb1\/2&Prime;][vc_column_text]<\/p>\n<ul>\n<li>Installation\/r\u00e9paration\/montage de cam\u00e9ras de recul<\/li>\n<li>R\u00e9paration du compteur de tours\/kilom\u00e9trage<\/li>\n<li>Toutes les marques d&rsquo;autoradios<\/li>\n<li>R\u00e9paration\/installation\/assemblage de syst\u00e8mes de navigation automobile<\/li>\n<\/ul>\n<p>[\/vc_column_text][\/vc_column_inner][\/vc_row_inner][vc_column_text]La pi\u00e8ce de votre voiture avec laquelle vous avez des probl\u00e8mes \u00e9lectroniques ne figure pas dans cette liste ? Contactez-nous toujours pour vous en assurer. Il y a de fortes chances que nous puissions encore le r\u00e9parer pour vous.<br \/>\n[\/vc_column_text][\/vc_column][\/vc_row][vc_row][vc_column][vc_column_text]<\/p>\n<h2>Contactez directement Elektrofix<\/h2>\n<p>Pour la r\u00e9paration de votre syst\u00e8me de navigation, adressez-vous \u00e0 Elektrofix si votre syst\u00e8me de navigation est en panne. Prenez rendez-vous \u00e0 l&rsquo;avance pour une r\u00e9paration de navigation en appelant le <a href=\"tel:0625387023\">06 25 38 70 23<\/a>, ou en envoyant un courriel \u00e0 <a href=\"mailto:info@elektrofix.nl\">info@elektrofix.nl,<\/a> ou en laissant un message via le formulaire de contact ici sur le site web.<br \/>\n[\/vc_column_text][\/vc_column][\/vc_row]<\/p>\n","protected":false},"excerpt":{"rendered":"<p>[vc_row full_width=\u00a0\u00bbstretch_row\u00a0\u00bb css=\u00a0\u00bb.vc_custom_1612202182063{padding-top: 30px !important;padding-bottom: 15px !important;}\u00a0\u00bb][vc_column css=\u00a0\u00bb.vc_custom_1612180223540{padding-top: 0px !important;padding-bottom: 0px !important;}\u00a0\u00bb][vc_column_text] Elektrofix, le sp\u00e9cialiste de la r\u00e9paration \u00e9lectronique de Bmw Module Bluetooth Bmw cass\u00e9<a class=\"moretag\" href=\"https:\/\/www.elektrofix.nl\/fr\/bmw-mulf-mulf2-combox-bluetooth-module-repair\/\">&#8230;<\/a><\/p>\n","protected":false},"author":1,"featured_media":0,"parent":0,"menu_order":0,"comment_status":"closed","ping_status":"closed","template":"","meta":{"footnotes":""},"class_list":["post-7488","page","type-page","status-publish","hentry"],"_links":{"self":[{"href":"https:\/\/www.elektrofix.nl\/fr\/wp-json\/wp\/v2\/pages\/7488","targetHints":{"allow":["GET"]}}],"collection":[{"href":"https:\/\/www.elektrofix.nl\/fr\/wp-json\/wp\/v2\/pages"}],"about":[{"href":"https:\/\/www.elektrofix.nl\/fr\/wp-json\/wp\/v2\/types\/page"}],"author":[{"embeddable":true,"href":"https:\/\/www.elektrofix.nl\/fr\/wp-json\/wp\/v2\/users\/1"}],"replies":[{"embeddable":true,"href":"https:\/\/www.elektrofix.nl\/fr\/wp-json\/wp\/v2\/comments?post=7488"}],"version-history":[{"count":0,"href":"https:\/\/www.elektrofix.nl\/fr\/wp-json\/wp\/v2\/pages\/7488\/revisions"}],"wp:attachment":[{"href":"https:\/\/www.elektrofix.nl\/fr\/wp-json\/wp\/v2\/media?parent=7488"}],"curies":[{"name":"wp","href":"https:\/\/api.w.org\/{rel}","templated":true}]}}