{"id":7470,"date":"2024-02-16T13:14:43","date_gmt":"2024-02-16T12:14:43","guid":{"rendered":"https:\/\/www.elektrofix.nl\/reparation-de-lecran-lcd-dune-voiture\/"},"modified":"2024-02-16T13:14:43","modified_gmt":"2024-02-16T12:14:43","slug":"reparation-de-lecran-lcd-dune-voiture","status":"publish","type":"page","link":"https:\/\/www.elektrofix.nl\/fr\/reparation-de-lecran-lcd-dune-voiture\/","title":{"rendered":"R\u00e9paration de l&rsquo;\u00e9cran LCD d&rsquo;une voiture"},"content":{"rendered":"<p>[vc_row full_width=\u00a0\u00bbstretch_row\u00a0\u00bb css=\u00a0\u00bb.vc_custom_1612202182063{padding-top: 30px !important;padding-bottom: 15px !important;}\u00a0\u00bb][vc_column css=\u00a0\u00bb.vc_custom_1612180223540{padding-top: 0px !important;padding-bottom: 0px !important;}\u00a0\u00bb][vc_column_text]<\/p>\n<h5>Elektrofix est votre partenaire de A \u00e0 Z<\/h5>\n<h2>R\u00e9paration de l&rsquo;\u00e9cran LCD chez Elektrofix<\/h2>\n<p>[\/vc_column_text][vc_row_inner equal_height=\u00a0\u00bbyes\u00a0\u00bb content_placement=\u00a0\u00bbmiddle\u00a0\u00bb css=\u00a0\u00bb.vc_custom_1612260120748{padding-top: 0px !important;padding-bottom: 0px !important;}\u00a0\u00bb][vc_column_inner width=\u00a0\u00bb2\/3&Prime; css=\u00a0\u00bb.vc_custom_1612180239327{padding-top: 0px !important;padding-bottom: 0px !important;}\u00a0\u00bb][vc_column_text]L&rsquo;\u00e9cran LCD de votre voiture est-il d\u00e9fectueux ? Vous souhaitez que le probl\u00e8me soit r\u00e9solu rapidement et de mani\u00e8re professionnelle ? Pour une r\u00e9paration experte et rapide de l&rsquo;\u00e9cran Auto LCD, les sp\u00e9cialistes d&rsquo;Elektrofix sont la bonne adresse. Notre soci\u00e9t\u00e9 a plus de 20 ans d&rsquo;exp\u00e9rience dans la r\u00e9paration d&rsquo;\u00e9crans LCD, d&rsquo;\u00e9crans LED et de moniteurs pour voitures. Votre \u00e9cran LCD ne fait-il plus rien du tout, ou avez-vous des pixels morts sur votre \u00e9cran ? Nous pouvons tout arranger. Appelez-nous ou envoyez-nous un courriel pour prendre rendez-vous.[\/vc_column_text][vc_btn title=\u00a0\u00bbDemande de devis\u00a0\u00bb style=\u00a0\u00bbcustom\u00a0\u00bb custom_text=\u00a0\u00bb#666666&Prime; el_class=\u00a0\u00bbblue-btn\u00a0\u00bb link=\u00a0\u00bburl:%23offerte|||\u00a0\u00bb][\/vc_column_inner][vc_column_inner width=\u00a0\u00bb1\/3&Prime; css=\u00a0\u00bb.vc_custom_1612180248955{padding-top: 0px !important;padding-bottom: 0px !important;}\u00a0\u00bb][vc_column_text]<img decoding=\"async\" class=\"alignnone size-full wp-image-4260 lazyload\" data-src=\"https:\/\/www.elektrofix.nl\/wp-content\/uploads\/auto-lcd-scherm-repareren.jpg\" alt=\"r\u00e9paration de l'\u00e9cran LCD de la voiture\" width=\"100%\" height=\"auto\" data-srcset=\"https:\/\/www.elektrofix.nl\/wp-content\/uploads\/auto-lcd-scherm-repareren.jpg 800w, https:\/\/www.elektrofix.nl\/wp-content\/uploads\/auto-lcd-scherm-repareren-300x200.jpg 300w, https:\/\/www.elektrofix.nl\/wp-content\/uploads\/auto-lcd-scherm-repareren-768x512.jpg 768w\" data-sizes=\"(max-width: 800px) 100vw, 800px\" src=\"data:image\/svg+xml;base64,PHN2ZyB3aWR0aD0iMSIgaGVpZ2h0PSIxIiB4bWxucz0iaHR0cDovL3d3dy53My5vcmcvMjAwMC9zdmciPjwvc3ZnPg==\" style=\"--smush-placeholder-width: 800px; --smush-placeholder-aspect-ratio: 800\/533;\" \/>[\/vc_column_text][\/vc_column_inner][\/vc_row_inner][\/vc_column][\/vc_row][vc_row full_width=\u00a0\u00bbstretch_row\u00a0\u00bb css=\u00a0\u00bb.vc_custom_1612202018327{padding-top: 50px !important;padding-bottom: 15px !important;}\u00a0\u00bb][vc_column css=\u00a0\u00bb.vc_custom_1612180223540{padding-top: 0px !important;padding-bottom: 0px !important;}\u00a0\u00bb][vc_column_text]<\/p>\n<h5>La r\u00e9paration chez Elektrofix est moins ch\u00e8re<\/h5>\n<h2>R\u00e9paration de l&rsquo;\u00e9cran LCD d&rsquo;une voiture, g\u00e9n\u00e9ralement moins ch\u00e8re qu&rsquo;un nouvel \u00e9cran<\/h2>\n<p>Heureusement, lorsque l&rsquo;\u00e9cran LCD de votre voiture tombe en panne, vous n&rsquo;\u00eates pas oblig\u00e9 de le jeter imm\u00e9diatement et d&rsquo;en acheter un nouveau. Un \u00e9cran peut tout simplement rendre l&rsquo;\u00e2me spontan\u00e9ment une fois. Cela s&rsquo;applique \u00e0 presque tous les \u00e9crans LCD, quelle que soit la marque. L&rsquo;\u00e9cran se casse \u00e9galement par accident. Il n&rsquo;est donc pas toujours possible d&rsquo;\u00e9viter un \u00e9cran Auto LCD cass\u00e9. Mais ils sont g\u00e9n\u00e9ralement r\u00e9parables ! Chez Elektrofix, nous sommes experts en r\u00e9paration d&rsquo;\u00e9crans LCD automobiles. Que vous ayez un \u00e9cran brillant ou un \u00e9cran mat pratique, contactez-nous et nous r\u00e9parerons votre \u00e9cran rapidement et de mani\u00e8re experte. Nous pouvons commander la plupart des \u00e9crans LCD pour voitures. Vous n&rsquo;osez pas remplacer vous-m\u00eame l&rsquo;\u00e9cran LCD de votre voiture ? Alors laissez-nous faire. Nous pouvons remplacer votre \u00e9cran d\u00e9fectueux \u00e0 un prix comp\u00e9titif. Vous pourrez ainsi passer rapidement \u00e0 autre chose.[\/vc_column_text][\/vc_column][\/vc_row][vc_row full_width=\u00a0\u00bbstretch_row\u00a0\u00bb css=\u00a0\u00bb.vc_custom_1612199972923{margin-top: 50px !important;margin-bottom: 50px !important;padding-top: 0px !important;padding-bottom: 0px !important;background-image: url(https:\/\/www.elektrofix.nl\/wp-content\/uploads\/pexels-ingo-joseph-13781-1.png?id=250) !important;background-position: center !important;background-repeat: no-repeat !important;background-size: cover !important;}\u00a0\u00bb el_class=\u00a0\u00bbcta-box\u00a0\u00bb][vc_column css=\u00a0\u00bb.vc_custom_1612180223540{padding-top: 0px !important;padding-bottom: 0px !important;}\u00a0\u00bb][vc_row_inner equal_height=\u00a0\u00bbyes\u00a0\u00bb content_placement=\u00a0\u00bbmiddle\u00a0\u00bb css=\u00a0\u00bb.vc_custom_1612260422676{padding-top: 0px !important;padding-bottom: 0px !important;}\u00a0\u00bb][vc_column_inner el_class=\u00a0\u00bbcta-gradient-box\u00a0\u00bb width=\u00a0\u00bb1\/2&Prime; css=\u00a0\u00bb.vc_custom_1612200066371{padding-top: 65px !important;padding-bottom: 35px !important;}\u00a0\u00bb][vc_column_text]<\/p>\n<h2>Curieux de savoir<br \/>\nles possibilit\u00e9s ?<\/h2>\n<p>Elektrofix est un sp\u00e9cialiste des r\u00e9parations \u00e9lectroniques automobiles et du codage de logiciels. Contactez-nous d\u00e8s aujourd&rsquo;hui pour un rendez-vous ![\/vc_column_text][vc_btn title=\u00a0\u00bbDemande de devis\u00a0\u00bb style=\u00a0\u00bbcustom\u00a0\u00bb custom_text=\u00a0\u00bb#666666&Prime; el_class=\u00a0\u00bbwhite-btn\u00a0\u00bb link=\u00a0\u00bburl:%23offerte|||\u00a0\u00bb][\/vc_column_inner][vc_column_inner width=\u00a0\u00bb1\/2&Prime; css=\u00a0\u00bb.vc_custom_1612180248955{padding-top: 0px !important;padding-bottom: 0px !important;}\u00a0\u00bb][\/vc_column_inner][\/vc_row_inner][\/vc_column][\/vc_row][vc_row full_width=\u00a0\u00bbstretch_row\u00a0\u00bb css=\u00a0\u00bb.vc_custom_1612199714486{padding-top: 50px !important;padding-bottom: 15px !important;}\u00a0\u00bb][vc_column][vc_column_text]<\/p>\n<h2>Pourquoi choisir la r\u00e9paration d&rsquo;\u00e9cran LCD chez Elektrofix ?<\/h2>\n<p>[\/vc_column_text][vc_row_inner][vc_column_inner][vc_column_text]L&rsquo;\u00e9cran LCD de votre voiture est cass\u00e9 ou doit \u00eatre remplac\u00e9 ? L&rsquo;achat d&rsquo;un nouvel \u00e9quipement n&rsquo;est donc g\u00e9n\u00e9ralement pas la solution la plus \u00e9conomique. Apr\u00e8s une r\u00e9paration de l&rsquo;\u00e9cran LCD de votre voiture chez Elektrofix, votre \u00e9quipement fonctionnera \u00e0 nouveau comme il se doit. Il y a plusieurs bonnes raisons de nous choisir :<\/p>\n<ul>\n<li>Plus de 20 ans d&rsquo;exp\u00e9rience<\/li>\n<li>R\u00e9paration rapide (dans les 2 jours)<\/li>\n<li>Garantie de 6 mois sur la r\u00e9paration de l&rsquo;\u00e9cran LCD de votre voiture<\/li>\n<\/ul>\n<p>[\/vc_column_text][\/vc_column_inner][\/vc_row_inner][\/vc_column][\/vc_row][vc_row full_width=\u00a0\u00bbstretch_row\u00a0\u00bb css=\u00a0\u00bb.vc_custom_1612199714486{padding-top: 50px !important;padding-bottom: 15px !important;}\u00a0\u00bb][vc_column][vc_column_text]<\/p>\n<h2>Probl\u00e8mes les plus courants avec les moniteurs de voiture et les \u00e9crans LCD<\/h2>\n<p>[\/vc_column_text][vc_row_inner][vc_column_inner width=\u00a0\u00bb2\/3&Prime;][vc_column_text]<\/p>\n<ul>\n<li>L&rsquo;\u00e9cran a une lueur rouge<\/li>\n<li>Pas d&rsquo;image \u00e0 l&rsquo;\u00e9cran<\/li>\n<li>L&rsquo;\u00e9cran est tr\u00e8s sombre<\/li>\n<li>L&rsquo;\u00e9cran clignote de fa\u00e7on intermittente<\/li>\n<li>L&rsquo;\u00e9cran s&rsquo;allume avec une lueur rouge, puis revient \u00e0 la normale.<\/li>\n<li>\u00c9cran fissur\u00e9 apr\u00e8s une m\u00e9saventure<\/li>\n<\/ul>\n<p>[\/vc_column_text][vc_btn title=\u00a0\u00bbDemande de devis\u00a0\u00bb style=\u00a0\u00bbcustom\u00a0\u00bb custom_text=\u00a0\u00bb#666666&Prime; el_class=\u00a0\u00bbblue-btn\u00a0\u00bb link=\u00a0\u00bburl:%23offerte|||\u00a0\u00bb][\/vc_column_inner][vc_column_inner width=\u00a0\u00bb1\/3&Prime;][vc_column_text]<img decoding=\"async\" class=\"alignnone size-full wp-image-4259 lazyload\" data-src=\"https:\/\/www.elektrofix.nl\/wp-content\/uploads\/kapot-auto-lcd-scherm.jpg\" alt=\"\u00e9cran lcd de voiture cass\u00e9\" width=\"100%\" height=\"auto\" data-srcset=\"https:\/\/www.elektrofix.nl\/wp-content\/uploads\/kapot-auto-lcd-scherm.jpg 800w, https:\/\/www.elektrofix.nl\/wp-content\/uploads\/kapot-auto-lcd-scherm-300x193.jpg 300w, https:\/\/www.elektrofix.nl\/wp-content\/uploads\/kapot-auto-lcd-scherm-768x494.jpg 768w\" data-sizes=\"(max-width: 800px) 100vw, 800px\" src=\"data:image\/svg+xml;base64,PHN2ZyB3aWR0aD0iMSIgaGVpZ2h0PSIxIiB4bWxucz0iaHR0cDovL3d3dy53My5vcmcvMjAwMC9zdmciPjwvc3ZnPg==\" style=\"--smush-placeholder-width: 800px; --smush-placeholder-aspect-ratio: 800\/515;\" \/>[\/vc_column_text][\/vc_column_inner][\/vc_row_inner][\/vc_column][\/vc_row][vc_row][vc_column][vc_column_text]<\/p>\n<h2>Contactez directement Elektrofix<\/h2>\n<p>Faites appel \u00e0 Elektrofix pour la r\u00e9paration de l&rsquo;\u00e9cran LCD de votre voiture ! Prenez rendez-vous \u00e0 l&rsquo;avance en appelant le <a href=\"tel:0625387023\">06 25 38 70<\/a> 23, par e-mail <a href=\"mailto:info@elektrofix.nl\">info@elektrofix.nl<\/a> ou en laissant un message via le formulaire de contact pr\u00e9sent sur le site.[\/vc_column_text][\/vc_column][\/vc_row]<\/p>\n","protected":false},"excerpt":{"rendered":"<p>[vc_row full_width=\u00a0\u00bbstretch_row\u00a0\u00bb css=\u00a0\u00bb.vc_custom_1612202182063{padding-top: 30px !important;padding-bottom: 15px !important;}\u00a0\u00bb][vc_column css=\u00a0\u00bb.vc_custom_1612180223540{padding-top: 0px !important;padding-bottom: 0px !important;}\u00a0\u00bb][vc_column_text] Elektrofix est votre partenaire de A \u00e0 Z R\u00e9paration de l&rsquo;\u00e9cran LCD chez<a class=\"moretag\" href=\"https:\/\/www.elektrofix.nl\/fr\/reparation-de-lecran-lcd-dune-voiture\/\">&#8230;<\/a><\/p>\n","protected":false},"author":1,"featured_media":0,"parent":0,"menu_order":0,"comment_status":"closed","ping_status":"closed","template":"","meta":{"footnotes":""},"class_list":["post-7470","page","type-page","status-publish","hentry"],"_links":{"self":[{"href":"https:\/\/www.elektrofix.nl\/fr\/wp-json\/wp\/v2\/pages\/7470","targetHints":{"allow":["GET"]}}],"collection":[{"href":"https:\/\/www.elektrofix.nl\/fr\/wp-json\/wp\/v2\/pages"}],"about":[{"href":"https:\/\/www.elektrofix.nl\/fr\/wp-json\/wp\/v2\/types\/page"}],"author":[{"embeddable":true,"href":"https:\/\/www.elektrofix.nl\/fr\/wp-json\/wp\/v2\/users\/1"}],"replies":[{"embeddable":true,"href":"https:\/\/www.elektrofix.nl\/fr\/wp-json\/wp\/v2\/comments?post=7470"}],"version-history":[{"count":0,"href":"https:\/\/www.elektrofix.nl\/fr\/wp-json\/wp\/v2\/pages\/7470\/revisions"}],"wp:attachment":[{"href":"https:\/\/www.elektrofix.nl\/fr\/wp-json\/wp\/v2\/media?parent=7470"}],"curies":[{"name":"wp","href":"https:\/\/api.w.org\/{rel}","templated":true}]}}