{"id":7409,"date":"2024-02-16T13:14:26","date_gmt":"2024-02-16T12:14:26","guid":{"rendered":"https:\/\/www.elektrofix.nl\/elektrofix-reparation-de-lelectronique-automobile\/"},"modified":"2024-02-16T13:14:26","modified_gmt":"2024-02-16T12:14:26","slug":"elektrofix-reparation-de-lelectronique-automobile","status":"publish","type":"page","link":"https:\/\/www.elektrofix.nl\/fr\/elektrofix-reparation-de-lelectronique-automobile\/","title":{"rendered":"Elektrofix : r\u00e9paration de l&rsquo;\u00e9lectronique automobile"},"content":{"rendered":"<p>[vc_row full_width=\u00a0\u00bbstretch_row\u00a0\u00bb css=\u00a0\u00bb.vc_custom_1612202182063{padding-top: 30px !important;padding-bottom: 15px !important;}\u00a0\u00bb][vc_column css=\u00a0\u00bb.vc_custom_1612180223540{padding-top: 0px !important;padding-bottom: 0px !important;}\u00a0\u00bb][vc_column_text]<\/p>\n<h5>Elektrofix est votre partenaire de A \u00e0 Z<\/h5>\n<h2>Nous r\u00e9parons les syst\u00e8mes de navigation, la radio, l&rsquo;\u00e9cran, le kit de voiture, la cl\u00e9 de voiture, l&rsquo;appareil photo et bien d&rsquo;autres choses encore.<\/h2>\n<p>[\/vc_column_text][vc_row_inner equal_height=\u00a0\u00bbyes\u00a0\u00bb content_placement=\u00a0\u00bbmiddle\u00a0\u00bb css=\u00a0\u00bb.vc_custom_1612260120748{padding-top: 0px !important;padding-bottom: 0px !important;}\u00a0\u00bb][vc_column_inner width=\u00a0\u00bb1\/2&Prime; css=\u00a0\u00bb.vc_custom_1612180239327{padding-top: 0px !important;padding-bottom: 0px !important;}\u00a0\u00bb][vc_column_text]<img decoding=\"async\" class=\"alignnone size-full wp-image-506 lazyload\" data-src=\"\/wp-content\/uploads\/display-BMW.jpeg\" alt=\"r\u00e9paration de l'\u00e9lectronique automobile\" width=\"100%\" height=\"auto\" data-srcset=\"https:\/\/www.elektrofix.nl\/wp-content\/uploads\/display-BMW.jpeg 500w, https:\/\/www.elektrofix.nl\/wp-content\/uploads\/display-BMW-300x221.jpeg 300w\" data-sizes=\"(max-width: 500px) 100vw, 500px\" src=\"data:image\/svg+xml;base64,PHN2ZyB3aWR0aD0iMSIgaGVpZ2h0PSIxIiB4bWxucz0iaHR0cDovL3d3dy53My5vcmcvMjAwMC9zdmciPjwvc3ZnPg==\" style=\"--smush-placeholder-width: 500px; --smush-placeholder-aspect-ratio: 500\/369;\" \/>[\/vc_column_text][\/vc_column_inner][vc_column_inner width=\u00a0\u00bb1\/2&Prime; css=\u00a0\u00bb.vc_custom_1612180248955{padding-top: 0px !important;padding-bottom: 0px !important;}\u00a0\u00bb][vc_column_text]Vous avez un probl\u00e8me \u00e9lectronique dans votre voiture ? Elektrofix offre une r\u00e9paration rapide de l&rsquo;\u00e9lectronique automobile pour toutes les marques de voitures courantes. Vous rencontrez des probl\u00e8mes avec votre kit voiture, votre syst\u00e8me de navigation, votre autoradio et\/ou lecteur CD, l&rsquo;\u00e9cran de votre voiture ou le tableau de bord ? En gros, tout ce qui rend la conduite plus agr\u00e9able d&rsquo;une mani\u00e8re \u00e9lectronique.<\/p>\n<p>Nous le r\u00e9parons en cas de panne inattendue. Parce qu&rsquo;il n&rsquo;y a rien de plus ennuyeux que les appareils \u00e9lectroniques de la voiture qui ne fonctionnent pas. D&rsquo;autant plus que vous en \u00eates parfois tr\u00e8s d\u00e9pendant, comme dans le cas d&rsquo;un syst\u00e8me de navigation. La r\u00e9paration de l&rsquo;\u00e9lectronique automobile est la sp\u00e9cialit\u00e9 d&rsquo;Elektrofix !<br \/>\n[\/vc_column_text][vc_btn title=\u00a0\u00bbDemande de devis\u00a0\u00bb style=\u00a0\u00bbcustom\u00a0\u00bb custom_text=\u00a0\u00bb#666666&Prime; el_class=\u00a0\u00bbblue-btn\u00a0\u00bb link=\u00a0\u00bburl:%23offerte|||\u00a0\u00bb][\/vc_column_inner][\/vc_row_inner][\/vc_column][\/vc_row][vc_row full_width=\u00a0\u00bbstretch_row\u00a0\u00bb css=\u00a0\u00bb.vc_custom_1612202018327{padding-top: 50px !important;padding-bottom: 15px !important;}\u00a0\u00bb][vc_column css=\u00a0\u00bb.vc_custom_1612180223540{padding-top: 0px !important;padding-bottom: 0px !important;}\u00a0\u00bb][vc_column_text]<\/p>\n<h5>La r\u00e9paration chez Elektrofix est moins ch\u00e8re<\/h5>\n<h2>La r\u00e9paration de l&rsquo;\u00e9lectronique automobile est plus \u00e9conomique que le remplacement<\/h2>\n<p>[\/vc_column_text][vc_row_inner css=\u00a0\u00bb.vc_custom_1612260131186{padding-top: 0px !important;padding-bottom: 0px !important;}\u00a0\u00bb][vc_column_inner css=\u00a0\u00bb.vc_custom_1612180239327{padding-top: 0px !important;padding-bottom: 0px !important;}\u00a0\u00bb][vc_column_text]Elektrofix est l&rsquo;adresse pour une r\u00e9paration \u00e9lectronique automobile bon march\u00e9, rapide et de qualit\u00e9. Nous r\u00e9parons les modules pour une fraction du prix du neuf, avec garantie bien s\u00fbr ! En faisant r\u00e9parer les pi\u00e8ces \u00e9lectroniques de votre voiture chez Elektrofix, vous \u00e9conomisez beaucoup d&rsquo;argent. Souvent, l&rsquo;achat de la pi\u00e8ce d\u00e9fectueuse aupr\u00e8s d&rsquo;un revendeur est tr\u00e8s co\u00fbteux.<\/p>\n<p>En outre, le concessionnaire facture des taux horaires d\u00e9cents pour le montage et le d\u00e9montage des pi\u00e8ces. Souvent, l&rsquo;apprentissage de la nouvelle pi\u00e8ce est \u00e9galement factur\u00e9. Chez Elektrofix, le montage et le d\u00e9montage sont toujours gratuits et vous ne devez pas vous rendre chez le revendeur pour faire r\u00e9installer la pi\u00e8ce r\u00e9par\u00e9e. Nous effectuons toutes les r\u00e9parations dans notre propre atelier.<br \/>\n[\/vc_column_text][\/vc_column_inner][\/vc_row_inner][\/vc_column][\/vc_row][vc_row full_width=\u00a0\u00bbstretch_row\u00a0\u00bb css=\u00a0\u00bb.vc_custom_1612199972923{margin-top: 50px !important;margin-bottom: 50px !important;padding-top: 0px !important;padding-bottom: 0px !important;background-image: url(https:\/\/www.elektrofix.nl\/wp-content\/uploads\/pexels-ingo-joseph-13781-1.png?id=250) !important;background-position: center !important;background-repeat: no-repeat !important;background-size: cover !important;}\u00a0\u00bb el_class=\u00a0\u00bbcta-box\u00a0\u00bb][vc_column css=\u00a0\u00bb.vc_custom_1612180223540{padding-top: 0px !important;padding-bottom: 0px !important;}\u00a0\u00bb][vc_row_inner equal_height=\u00a0\u00bbyes\u00a0\u00bb content_placement=\u00a0\u00bbmiddle\u00a0\u00bb css=\u00a0\u00bb.vc_custom_1612260422676{padding-top: 0px !important;padding-bottom: 0px !important;}\u00a0\u00bb][vc_column_inner el_class=\u00a0\u00bbcta-gradient-box\u00a0\u00bb width=\u00a0\u00bb1\/2&Prime; css=\u00a0\u00bb.vc_custom_1612200066371{padding-top: 65px !important;padding-bottom: 35px !important;}\u00a0\u00bb][vc_column_text]<\/p>\n<h2>Curieux de savoir<br \/>\nles possibilit\u00e9s ?<\/h2>\n<p>Elektrofix est un sp\u00e9cialiste des r\u00e9parations \u00e9lectroniques automobiles et du codage de logiciels. Contactez-nous d\u00e8s aujourd&rsquo;hui pour un rendez-vous ![\/vc_column_text][vc_btn title=\u00a0\u00bbDemande de devis\u00a0\u00bb style=\u00a0\u00bbcustom\u00a0\u00bb custom_text=\u00a0\u00bb#666666&Prime; el_class=\u00a0\u00bbwhite-btn\u00a0\u00bb link=\u00a0\u00bburl:%23offerte|||\u00a0\u00bb][\/vc_column_inner][vc_column_inner width=\u00a0\u00bb1\/2&Prime; css=\u00a0\u00bb.vc_custom_1612180248955{padding-top: 0px !important;padding-bottom: 0px !important;}\u00a0\u00bb][\/vc_column_inner][\/vc_row_inner][\/vc_column][\/vc_row][vc_row full_width=\u00a0\u00bbstretch_row\u00a0\u00bb css=\u00a0\u00bb.vc_custom_1612202018327{padding-top: 50px !important;padding-bottom: 15px !important;}\u00a0\u00bb][vc_column css=\u00a0\u00bb.vc_custom_1612180223540{padding-top: 0px !important;padding-bottom: 0px !important;}\u00a0\u00bb][vc_column_text]<\/p>\n<h5>M\u00e9canicien polyvalent en \u00e9lectronique automobile<\/h5>\n<h2>Que faisons-nous dans le domaine de l&rsquo;\u00e9lectronique automobile ?<\/h2>\n<p>Pour quelles r\u00e9parations ou installations pouvez-vous faire appel \u00e0 Elektrofix ?<br \/>\n[\/vc_column_text][vc_row_inner css=\u00a0\u00bb.vc_custom_1612260131186{padding-top: 0px !important;padding-bottom: 0px !important;}\u00a0\u00bb][vc_column_inner width=\u00a0\u00bb1\/2&Prime; css=\u00a0\u00bb.vc_custom_1612180239327{padding-top: 0px !important;padding-bottom: 0px !important;}\u00a0\u00bb][vc_column_text]<\/p>\n<ul>\n<li>R\u00e9paration\/installation\/assemblage de syst\u00e8mes de navigation automobile<\/li>\n<li>R\u00e9paration de l&rsquo;alarme de la voiture<\/li>\n<li>R\u00e9paration du tableau de bord<\/li>\n<li>R\u00e9paration de cl\u00e9s de voiture<\/li>\n<\/ul>\n<p>[\/vc_column_text][\/vc_column_inner][vc_column_inner width=\u00a0\u00bb1\/2&Prime;][vc_column_text]<\/p>\n<ul>\n<li>Installation\/r\u00e9paration\/montage de cam\u00e9ras de recul<\/li>\n<li>R\u00e9paration du compteur de tours\/kilom\u00e9trage<\/li>\n<li>Toutes les marques d&rsquo;autoradios<\/li>\n<li>Installation\/r\u00e9paration\/montage de kits automobiles<\/li>\n<\/ul>\n<p>[\/vc_column_text][\/vc_column_inner][\/vc_row_inner][vc_column_text]La pi\u00e8ce de votre voiture avec laquelle vous avez des probl\u00e8mes \u00e9lectroniques ne figure pas dans la liste ci-dessus ? Si c&rsquo;est le cas, contactez-nous. Il y a de fortes chances que nous puissions encore le r\u00e9parer pour vous.<br \/>\n[\/vc_column_text][\/vc_column][\/vc_row][vc_row full_width=\u00a0\u00bbstretch_row\u00a0\u00bb css=\u00a0\u00bb.vc_custom_1612199714486{padding-top: 50px !important;padding-bottom: 15px !important;}\u00a0\u00bb][vc_column][vc_column_text]<\/p>\n<h2>Pourquoi choisir la r\u00e9paration \u00e9lectronique par Elektrofix ?<\/h2>\n<p>[\/vc_column_text][vc_row_inner][vc_column_inner width=\u00a0\u00bb1\/2&Prime;][vc_column_text]Remplacer l&rsquo;\u00e9lectronique de votre voiture n&rsquo;est pas toujours l&rsquo;option la meilleure ou la plus \u00e9conomique.<\/p>\n<p>Il y a plusieurs bonnes raisons de choisir la r\u00e9paration \u00e9lectronique de voitures par Elektrofix.<\/p>\n<ul>\n<li>R\u00e9paration de l&rsquo;\u00e9lectronique automobile pour toutes les marques de voitures<\/li>\n<li>Plus de 20 ans d&rsquo;exp\u00e9rience<\/li>\n<li>R\u00e9paration rapide (dans les 2 jours)<\/li>\n<li>1 an de garantie apr\u00e8s r\u00e9paration<\/li>\n<li>Montage \/ extension, y compris<\/li>\n<li>Sp\u00e9cialiste BMW<\/li>\n<\/ul>\n<p>[\/vc_column_text][vc_btn title=\u00a0\u00bbDemande de devis\u00a0\u00bb style=\u00a0\u00bbcustom\u00a0\u00bb custom_text=\u00a0\u00bb#666666&Prime; el_class=\u00a0\u00bbblue-btn\u00a0\u00bb link=\u00a0\u00bburl:%23offerte|||\u00a0\u00bb][\/vc_column_inner][vc_column_inner width=\u00a0\u00bb1\/2&Prime;][vc_column_text]<img decoding=\"async\" class=\"alignnone size-full wp-image-493 lazyload\" data-src=\"\/wp-content\/uploads\/image-8.jpeg\" alt=\"R\u00e9paration \u00e9lectronique de voitures\" width=\"100%\" height=\"auto\" data-srcset=\"https:\/\/www.elektrofix.nl\/wp-content\/uploads\/image-8.jpeg 500w, https:\/\/www.elektrofix.nl\/wp-content\/uploads\/image-8-300x227.jpeg 300w\" data-sizes=\"(max-width: 500px) 100vw, 500px\" src=\"data:image\/svg+xml;base64,PHN2ZyB3aWR0aD0iMSIgaGVpZ2h0PSIxIiB4bWxucz0iaHR0cDovL3d3dy53My5vcmcvMjAwMC9zdmciPjwvc3ZnPg==\" style=\"--smush-placeholder-width: 500px; --smush-placeholder-aspect-ratio: 500\/379;\" \/>[\/vc_column_text][\/vc_column_inner][\/vc_row_inner][\/vc_column][\/vc_row][vc_row][vc_column][vc_column_text]<\/p>\n<h2>Contactez directement Elektrofix<\/h2>\n<p>Pour la r\u00e9paration de l&rsquo;\u00e9lectronique automobile, rendez-vous chez Elektrofix. Vous souhaitez soumettre un composant \u00e9lectronique pour r\u00e9paration ? Prenez donc rendez-vous \u00e0 l&rsquo;avance pour une r\u00e9paration en appelant le <a href=\"tel:0625387023\">06 25 38 70<\/a> 23, par e-mail <a href=\"mailto:info@elektrofix.nl\">info@elektrofix.nl<\/a> ou en laissant un message via le formulaire de contact ici sur le site web.<br \/>\n[\/vc_column_text][\/vc_column][\/vc_row]<\/p>\n","protected":false},"excerpt":{"rendered":"<p>[vc_row full_width=\u00a0\u00bbstretch_row\u00a0\u00bb css=\u00a0\u00bb.vc_custom_1612202182063{padding-top: 30px !important;padding-bottom: 15px !important;}\u00a0\u00bb][vc_column css=\u00a0\u00bb.vc_custom_1612180223540{padding-top: 0px !important;padding-bottom: 0px !important;}\u00a0\u00bb][vc_column_text] Elektrofix est votre partenaire de A \u00e0 Z Nous r\u00e9parons les syst\u00e8mes de<a class=\"moretag\" href=\"https:\/\/www.elektrofix.nl\/fr\/elektrofix-reparation-de-lelectronique-automobile\/\">&#8230;<\/a><\/p>\n","protected":false},"author":1,"featured_media":0,"parent":0,"menu_order":0,"comment_status":"closed","ping_status":"closed","template":"","meta":{"footnotes":""},"class_list":["post-7409","page","type-page","status-publish","hentry"],"_links":{"self":[{"href":"https:\/\/www.elektrofix.nl\/fr\/wp-json\/wp\/v2\/pages\/7409","targetHints":{"allow":["GET"]}}],"collection":[{"href":"https:\/\/www.elektrofix.nl\/fr\/wp-json\/wp\/v2\/pages"}],"about":[{"href":"https:\/\/www.elektrofix.nl\/fr\/wp-json\/wp\/v2\/types\/page"}],"author":[{"embeddable":true,"href":"https:\/\/www.elektrofix.nl\/fr\/wp-json\/wp\/v2\/users\/1"}],"replies":[{"embeddable":true,"href":"https:\/\/www.elektrofix.nl\/fr\/wp-json\/wp\/v2\/comments?post=7409"}],"version-history":[{"count":0,"href":"https:\/\/www.elektrofix.nl\/fr\/wp-json\/wp\/v2\/pages\/7409\/revisions"}],"wp:attachment":[{"href":"https:\/\/www.elektrofix.nl\/fr\/wp-json\/wp\/v2\/media?parent=7409"}],"curies":[{"name":"wp","href":"https:\/\/api.w.org\/{rel}","templated":true}]}}