{"id":7408,"date":"2024-02-16T13:14:26","date_gmt":"2024-02-16T12:14:26","guid":{"rendered":"https:\/\/www.elektrofix.nl\/envoyer-des-composants-automobiles\/"},"modified":"2024-02-16T13:14:26","modified_gmt":"2024-02-16T12:14:26","slug":"envoyer-des-composants-automobiles","status":"publish","type":"page","link":"https:\/\/www.elektrofix.nl\/fr\/envoyer-des-composants-automobiles\/","title":{"rendered":"Envoyer des composants automobiles"},"content":{"rendered":"<p>[vc_row full_width=\u00a0\u00bbstretch_row\u00a0\u00bb css=\u00a0\u00bb.vc_custom_1612202182063{padding-top: 30px !important;padding-bottom: 15px !important;}\u00a0\u00bb][vc_column css=\u00a0\u00bb.vc_custom_1612180223540{padding-top: 0px !important;padding-bottom: 0px !important;}\u00a0\u00bb][vc_column_text]<\/p>\n<h5>Elektrofix est votre partenaire de A \u00e0 Z<\/h5>\n<h2>Envoyer des pi\u00e8ces de voiture pour r\u00e9paration<\/h2>\n<p>[\/vc_column_text][vc_row_inner equal_height=\u00a0\u00bbyes\u00a0\u00bb content_placement=\u00a0\u00bbmiddle\u00a0\u00bb css=\u00a0\u00bb.vc_custom_1612260120748{padding-top: 0px !important;padding-bottom: 0px !important;}\u00a0\u00bb][vc_column_inner width=\u00a0\u00bb1\/2&Prime; css=\u00a0\u00bb.vc_custom_1612180239327{padding-top: 0px !important;padding-bottom: 0px !important;}\u00a0\u00bb][vc_single_image image=\u00a0\u00bb256&Prime; img_size=\u00a0\u00bbfull\u00a0\u00bb][\/vc_column_inner][vc_column_inner width=\u00a0\u00bb1\/2&Prime; css=\u00a0\u00bb.vc_custom_1612180248955{padding-top: 0px !important;padding-bottom: 0px !important;}\u00a0\u00bb][vc_column_text]Vous voulez faire fabriquer vos pi\u00e8ces, mais vous n&rsquo;avez pas le temps de venir \u00e0 Arnhem ? Pas de probl\u00e8me ! Vous pouvez \u00e9galement envoyer les composants de la voiture qui ont besoin d&rsquo;\u00eatre r\u00e9par\u00e9s. Nous r\u00e9parerons ensuite l&rsquo;\u00e9lectronique de votre voiture. Vous pouvez choisir de r\u00e9cup\u00e9rer la pi\u00e8ce vous-m\u00eame ou nous vous la renverrons une fois qu&rsquo;elle aura \u00e9t\u00e9 r\u00e9par\u00e9e.<\/p>\n<p>Veuillez contacter Elektrofix avant de nous envoyer un composant. Nous verrons alors comment nous pouvons vous aider au mieux. Le contact peut se faire par Whatsapp, e-mail, t\u00e9l\u00e9phone et formulaire de contact.[\/vc_column_text][vc_btn title=\u00a0\u00bbDemande de devis\u00a0\u00bb style=\u00a0\u00bbcustom\u00a0\u00bb custom_text=\u00a0\u00bb#666666&Prime; el_class=\u00a0\u00bbblue-btn\u00a0\u00bb link=\u00a0\u00bburl:%23offerte|||\u00a0\u00bb][\/vc_column_inner][\/vc_row_inner][\/vc_column][\/vc_row][vc_row full_width=\u00a0\u00bbstretch_row\u00a0\u00bb css=\u00a0\u00bb.vc_custom_1612202018327{padding-top: 50px !important;padding-bottom: 15px !important;}\u00a0\u00bb][vc_column css=\u00a0\u00bb.vc_custom_1612180223540{padding-top: 0px !important;padding-bottom: 0px !important;}\u00a0\u00bb][vc_column_text]<\/p>\n<h5>Formulaire d&rsquo;exp\u00e9dition de composants automobiles<\/h5>\n<h2>R\u00e9paration des formulaires<\/h2>\n<p>Vous souhaitez envoyer les composants de votre voiture en r\u00e9paration ? Remplissez ensuite le formulaire ci-dessous, imprimez-le et envoyez-le avec les composants de votre voiture. Ainsi, nous savons exactement ce qu&rsquo;il faut faire et nous pouvons vous conseiller.[\/vc_column_text][vc_btn title=\u00a0\u00bbFormulaire de r\u00e9paration\u00a0\u00bb style=\u00a0\u00bbcustom\u00a0\u00bb custom_text=\u00a0\u00bb#666666&Prime; i_icon_fontawesome=\u00a0\u00bbfas fa-download\u00a0\u00bb add_icon=\u00a0\u00bbtrue\u00a0\u00bb link=\u00a0\u00bburl:%2Fwp-content%2Fuploads%2FElektrofix-reparatieformulier-interactief.pdf|||\u00a0\u00bb el_class=\u00a0\u00bbblue-btn\u00a0\u00bb][\/vc_column][\/vc_row]<\/p>\n","protected":false},"excerpt":{"rendered":"<p>[vc_row full_width=\u00a0\u00bbstretch_row\u00a0\u00bb css=\u00a0\u00bb.vc_custom_1612202182063{padding-top: 30px !important;padding-bottom: 15px !important;}\u00a0\u00bb][vc_column css=\u00a0\u00bb.vc_custom_1612180223540{padding-top: 0px !important;padding-bottom: 0px !important;}\u00a0\u00bb][vc_column_text] Elektrofix est votre partenaire de A \u00e0 Z Envoyer des pi\u00e8ces de voiture<a class=\"moretag\" href=\"https:\/\/www.elektrofix.nl\/fr\/envoyer-des-composants-automobiles\/\">&#8230;<\/a><\/p>\n","protected":false},"author":1,"featured_media":0,"parent":0,"menu_order":0,"comment_status":"closed","ping_status":"closed","template":"","meta":{"footnotes":""},"class_list":["post-7408","page","type-page","status-publish","hentry"],"_links":{"self":[{"href":"https:\/\/www.elektrofix.nl\/fr\/wp-json\/wp\/v2\/pages\/7408","targetHints":{"allow":["GET"]}}],"collection":[{"href":"https:\/\/www.elektrofix.nl\/fr\/wp-json\/wp\/v2\/pages"}],"about":[{"href":"https:\/\/www.elektrofix.nl\/fr\/wp-json\/wp\/v2\/types\/page"}],"author":[{"embeddable":true,"href":"https:\/\/www.elektrofix.nl\/fr\/wp-json\/wp\/v2\/users\/1"}],"replies":[{"embeddable":true,"href":"https:\/\/www.elektrofix.nl\/fr\/wp-json\/wp\/v2\/comments?post=7408"}],"version-history":[{"count":0,"href":"https:\/\/www.elektrofix.nl\/fr\/wp-json\/wp\/v2\/pages\/7408\/revisions"}],"wp:attachment":[{"href":"https:\/\/www.elektrofix.nl\/fr\/wp-json\/wp\/v2\/media?parent=7408"}],"curies":[{"name":"wp","href":"https:\/\/api.w.org\/{rel}","templated":true}]}}