{"id":7531,"date":"2024-02-16T13:18:09","date_gmt":"2024-02-16T12:18:09","guid":{"rendered":"https:\/\/www.elektrofix.nl\/erklaerung-zum-datenschutz\/"},"modified":"2024-02-16T13:18:09","modified_gmt":"2024-02-16T12:18:09","slug":"erklaerung-zum-datenschutz","status":"publish","type":"page","link":"https:\/\/www.elektrofix.nl\/de\/erklaerung-zum-datenschutz\/","title":{"rendered":"Erkl\u00e4rung zum Datenschutz"},"content":{"rendered":"<p>[vc_row][vc_column][vc_column_text]<\/p>\n<h2>Von uns verarbeitete personenbezogene Daten<\/h2>\n<p>Wir verarbeiten Ihre personenbezogenen Daten, weil Sie unsere Dienste nutzen und\/oder weil Sie uns diese Daten selbst zur Verf\u00fcgung stellen. Nachstehend finden Sie einen \u00dcberblick \u00fcber die von uns verarbeiteten personenbezogenen Daten:<\/p>\n<p>&#8211; Vorname und Nachname<br \/>\n&#8211; Angaben zur Adresse<br \/>\n&#8211; Rufnummer<br \/>\n&#8211; E-Mail Adresse<br \/>\n&#8211; Sonstige personenbezogene Daten, die Sie uns aktiv zur Verf\u00fcgung stellen, z. B. durch die Erstellung eines Profils auf dieser Website, im Schriftverkehr und per Telefon<\/p>\n<h2>Besondere und\/oder sensible personenbezogene Daten, die wir verarbeiten<\/h2>\n<p>Unsere Website und\/oder unser Dienst beabsichtigt nicht, Daten von Website-Besuchern zu sammeln, die unter 16 Jahre alt sind. Es sei denn, sie haben die Erlaubnis ihrer Eltern oder Erziehungsberechtigten. Wir k\u00f6nnen jedoch nicht \u00fcberpr\u00fcfen, ob ein Besucher \u00fcber 16 Jahre alt ist. Wir raten daher den Eltern, sich an den Online-Aktivit\u00e4ten ihrer Kinder zu beteiligen, um zu vermeiden, dass Daten \u00fcber Kinder ohne die Zustimmung der Eltern gesammelt werden. Wenn Sie davon \u00fcberzeugt sind, dass wir personenbezogene Daten \u00fcber einen Minderj\u00e4hrigen ohne eine solche Zustimmung gesammelt haben, kontaktieren Sie uns bitte und wir werden diese Informationen l\u00f6schen.<\/p>\n<h2>Zu welchem Zweck und auf welcher Grundlage wir personenbezogene Daten verarbeiten<\/h2>\n<p>Wir verarbeiten Ihre personenbezogenen Daten f\u00fcr die folgenden Zwecke:<\/p>\n<p>&#8211; Sie anzurufen oder per E-Mail zu kontaktieren, wenn dies zur Erbringung unserer Dienstleistungen erforderlich ist<br \/>\n&#8211; Information \u00fcber \u00c4nderungen an unseren Dienstleistungen und Produkten<\/p>\n<h2>Automatisierte Entscheidungsfindung<\/h2>\n<p>Wir treffen keine Entscheidungen \u00fcber Angelegenheiten, die Einzelpersonen (erheblich) beeintr\u00e4chtigen k\u00f6nnten, auf der Grundlage einer automatisierten Verarbeitung. Dies sind Entscheidungen, die von Computerprogrammen oder -systemen getroffen werden, ohne dass ein Mensch (z. B. ein Angestellter) dazwischen sitzt.<\/p>\n<h2>Wie lange wir personenbezogene Daten aufbewahren<\/h2>\n<p>Wir werden Ihre personenbezogenen Daten nicht l\u00e4nger aufbewahren, als es f\u00fcr die Erf\u00fcllung der Zwecke, f\u00fcr die Ihre Daten erhoben wurden, unbedingt erforderlich ist. Wir verwenden die folgenden Aufbewahrungsfristen f\u00fcr die folgenden (Kategorien von) personenbezogenen Daten:<\/p>\n<p>&#8211; Vor- und Nachname: bis zu 5 Jahre, wenn nicht mehr rechtlich notwendig oder f\u00fcr die Erf\u00fcllung des Vertrages erforderlich;<br \/>\n&#8211; Adressdaten: bis zu 5 Jahre, wenn sie nicht mehr gesetzlich erforderlich oder f\u00fcr die Erf\u00fcllung des Vertrags notwendig sind;<br \/>\n&#8211; Telefonnummer: bis zu 5 Jahre, wenn nicht mehr gesetzlich erforderlich oder f\u00fcr die Erf\u00fcllung des Vertrags notwendig;<br \/>\n&#8211; E-Mail-Adresse: maximal 5 Jahre, wenn sie nicht mehr rechtlich notwendig oder f\u00fcr die Erf\u00fcllung des Vertrags erforderlich ist;<br \/>\n&#8211; Andere personenbezogene Daten, die Sie aktiv zur Verf\u00fcgung stellen, z. B. durch die Erstellung eines Profils auf dieser Website, in der Korrespondenz und am Telefon: bis zu 5 Jahre, wenn sie nicht mehr rechtlich notwendig oder f\u00fcr die Erf\u00fcllung des Vertrags erforderlich sind;<br \/>\n&#8211; Bankkontonummer: maximal 5 Jahre, wenn nicht mehr rechtlich notwendig oder f\u00fcr die Erf\u00fcllung des Vertrags erforderlich;<\/p>\n<h2>Weitergabe personenbezogener Daten an Dritte<\/h2>\n<p>Wir verkaufen Ihre Daten nicht an Dritte und stellen sie nur dann zur Verf\u00fcgung, wenn dies f\u00fcr die Erf\u00fcllung unseres Vertrages mit Ihnen oder zur Erf\u00fcllung einer gesetzlichen Verpflichtung erforderlich ist. Mit Unternehmen, die Ihre Daten in unserem Auftrag verarbeiten, schlie\u00dfen wir eine Vereinbarung zur Auftragsverarbeitung ab, um das gleiche Ma\u00df an Sicherheit und Vertraulichkeit Ihrer Daten zu gew\u00e4hrleisten. Wir bleiben f\u00fcr diese Verarbeitungsvorg\u00e4nge verantwortlich.<\/p>\n<h2>Cookies oder \u00e4hnliche Techniken, die wir verwenden<\/h2>\n<p>Wir verwenden funktionale, analytische und Tracking-Cookies. Ein Cookie ist eine kleine Textdatei, die im Browser Ihres Computers, Tablets oder Smartphones gespeichert wird, wenn Sie diese Website zum ersten Mal besuchen. Wir verwenden Cookies mit rein technischer Funktionalit\u00e4t. Diese sorgen daf\u00fcr, dass die Website ordnungsgem\u00e4\u00df funktioniert und dass beispielsweise Ihre Einstellungen gespeichert werden. Diese Cookies werden auch verwendet, um das Funktionieren der Website zu gew\u00e4hrleisten und sie zu optimieren. Wir setzen auch Cookies, die Ihr Surfverhalten verfolgen, damit wir Ihnen ma\u00dfgeschneiderte Inhalte und Werbung anbieten k\u00f6nnen. Bei Ihrem ersten Besuch auf unserer Website haben wir Sie bereits \u00fcber diese Cookies informiert und um Ihr Einverst\u00e4ndnis gebeten, sie zu setzen. Sie k\u00f6nnen die Verwendung von Cookies ablehnen, indem Sie Ihren Internet-Browser so einstellen, dass keine Cookies mehr gespeichert werden. Dar\u00fcber hinaus k\u00f6nnen Sie \u00fcber die Einstellungen Ihres Browsers alle zuvor gespeicherten Informationen l\u00f6schen. F\u00fcr eine Erkl\u00e4rung siehe: https:\/\/veiliginternetten.nl\/themes\/situatie\/cookies-wat-zijn-het-en-wat-doe-ik-ermee\/<\/p>\n<h2>Daten ansehen, \u00e4ndern oder l\u00f6schen<\/h2>\n<p>Sie haben das Recht auf Zugang, Berichtigung oder L\u00f6schung Ihrer personenbezogenen Daten. Dar\u00fcber hinaus haben Sie das Recht, Ihre etwaige Zustimmung zur Datenverarbeitung zu widerrufen oder der Verarbeitung Ihrer personenbezogenen Daten durch uns zu widersprechen, und Sie haben das Recht auf Daten\u00fcbertragbarkeit. Das bedeutet, dass Sie bei uns beantragen k\u00f6nnen, dass die personenbezogenen Daten, die wir \u00fcber Sie in einer Computerdatei gespeichert haben, an Sie oder eine andere von Ihnen benannte Organisation \u00fcbermittelt werden. Sie k\u00f6nnen uns einen Antrag auf Zugang, Berichtigung, L\u00f6schung oder \u00dcbertragung Ihrer personenbezogenen Daten oder einen Antrag auf Widerruf Ihrer Einwilligung oder Widerspruch gegen die Verarbeitung Ihrer personenbezogenen Daten \u00fcbermitteln. Um sicherzustellen, dass der Antrag auf Zugang von Ihnen gestellt wird, bitten wir Sie, dem Antrag eine Kopie Ihres Ausweises beizuf\u00fcgen. Schw\u00e4rzen Sie auf dieser Kopie Ihr Passfoto, die MRZ (maschinenlesbare Zone, der Zahlenstreifen am unteren Rand des Passes), die Passnummer und die B\u00fcrgerservicenummer (BSN). Dies dient dem Schutz Ihrer Privatsph\u00e4re. Wir werden Ihre Anfrage so schnell wie m\u00f6glich, jedoch innerhalb von vier Wochen beantworten. Wir m\u00f6chten Sie auch darauf hinweisen, dass Sie die M\u00f6glichkeit haben, eine Beschwerde bei der nationalen Aufsichtsbeh\u00f6rde, der Beh\u00f6rde f\u00fcr personenbezogene Daten, einzureichen. Sie k\u00f6nnen dies \u00fcber den folgenden Link tun: https:\/\/autoriteitpersoonsgegevens.nl\/nl\/contact-met-de-autoriteit-persoonsgegevens\/tip-ons<\/p>\n<h2>Wie wir personenbezogene Daten sch\u00fctzen<\/h2>\n<p>Wir nehmen den Schutz Ihrer Daten ernst und ergreifen geeignete Ma\u00dfnahmen, um Missbrauch, Verlust, unbefugtem Zugriff, unerw\u00fcnschter Offenlegung und unbefugter \u00c4nderung entgegenzuwirken. Sollten Sie dennoch den Eindruck haben, dass Ihre Daten nicht ordnungsgem\u00e4\u00df gesichert sind oder es Anzeichen f\u00fcr einen Missbrauch gibt, wenden Sie sich bitte an uns.<\/p>\n<p>[\/vc_column_text][\/vc_column][\/vc_row]<\/p>\n","protected":false},"excerpt":{"rendered":"<p>[vc_row][vc_column][vc_column_text] Von uns verarbeitete personenbezogene Daten Wir verarbeiten Ihre personenbezogenen Daten, weil Sie unsere Dienste nutzen und\/oder weil Sie uns diese Daten selbst zur Verf\u00fcgung<a class=\"moretag\" href=\"https:\/\/www.elektrofix.nl\/de\/erklaerung-zum-datenschutz\/\">&#8230;<\/a><\/p>\n","protected":false},"author":1,"featured_media":0,"parent":0,"menu_order":0,"comment_status":"closed","ping_status":"open","template":"","meta":{"footnotes":""},"class_list":["post-7531","page","type-page","status-publish","hentry"],"_links":{"self":[{"href":"https:\/\/www.elektrofix.nl\/de\/wp-json\/wp\/v2\/pages\/7531","targetHints":{"allow":["GET"]}}],"collection":[{"href":"https:\/\/www.elektrofix.nl\/de\/wp-json\/wp\/v2\/pages"}],"about":[{"href":"https:\/\/www.elektrofix.nl\/de\/wp-json\/wp\/v2\/types\/page"}],"author":[{"embeddable":true,"href":"https:\/\/www.elektrofix.nl\/de\/wp-json\/wp\/v2\/users\/1"}],"replies":[{"embeddable":true,"href":"https:\/\/www.elektrofix.nl\/de\/wp-json\/wp\/v2\/comments?post=7531"}],"version-history":[{"count":0,"href":"https:\/\/www.elektrofix.nl\/de\/wp-json\/wp\/v2\/pages\/7531\/revisions"}],"wp:attachment":[{"href":"https:\/\/www.elektrofix.nl\/de\/wp-json\/wp\/v2\/media?parent=7531"}],"curies":[{"name":"wp","href":"https:\/\/api.w.org\/{rel}","templated":true}]}}