{"id":7526,"date":"2024-02-16T13:17:59","date_gmt":"2024-02-16T12:17:59","guid":{"rendered":"https:\/\/www.elektrofix.nl\/kontakt\/"},"modified":"2024-02-16T13:17:59","modified_gmt":"2024-02-16T12:17:59","slug":"kontakt","status":"publish","type":"page","link":"https:\/\/www.elektrofix.nl\/de\/kontakt\/","title":{"rendered":"Kontakt"},"content":{"rendered":"<p>[vc_row][vc_column][vc_column_text]<\/p>\n<h2>Vereinbaren Sie noch heute einen Termin<\/h2>\n<p>[\/vc_column_text][vc_row_inner][vc_column_inner width=&#8220;1\/2&#8243;][vc_column_text]M\u00f6chten Sie mehr \u00fcber unsere Reparaturm\u00f6glichkeiten erfahren oder einen Termin f\u00fcr die Reparatur Ihrer Fahrzeugelektronik vereinbaren? Kontaktieren Sie uns noch heute![\/vc_column_text][vc_column_text] <strong><i class=\"fas fa-phone-alt\"><\/i> Telefon \/ WhatsApp<br \/>\n<\/strong><a title=\"\" href=\"tel:+31625387023\">+31 6 25387023<\/a><\/p>\n<p><strong><i class=\"fas fa-envelope\"><\/i>  E-Mail<\/strong><br \/>\n<a title=\"\" href=\"mailto:info@elektrofix.nl\">info@elektrofix.nl<\/a><\/p>\n<p><strong><i class=\"fas fa-map-marker-alt\"><\/i>  Besuchsadresse (nur nach Vereinbarung)<\/strong><br \/>\nDelta 141<br \/>\n6825MP Arnheim &#8211; NIEDERLANDE<\/p>\n<p><strong><i class=\"fas fa-landmark\"><\/i>  KVK<\/strong><br \/>\n88742962<\/p>\n<p><strong><i class=\"fas fa-paperclip\"><\/i>  Reparatur Formular<\/strong>[\/vc_column_text][vc_btn title=&#8220;Niederl\u00e4ndisch&#8220; style=&#8220;custom&#8220; custom_text=&#8220;#666666&#8243; align=&#8220;left&#8220; i_icon_fontawesome=&#8220;fas fa-download&#8220; add_icon=&#8220;true&#8220; link=&#8220;url:https%3A%2F%2Fwww.elektrofix.nl%2Fwp-content%2Fuploads%2FElektrofix-reparatieformulier-interactief-1.pdf|||&#8220; css=&#8220;.vc_custom_1687776672275{margin-right: 1rem !important;}&#8220; el_class=&#8220;blue-btn&#8220;][vc_btn title=&#8220;Englisch&#8220; style=&#8220;custom&#8220; custom_text=&#8220;#666666&#8243; align=&#8220;left&#8220; i_icon_fontawesome=&#8220;fas fa-download&#8220; add_icon=&#8220;true&#8220; link=&#8220;url:https%3A%2F%2Fwww.elektrofix.nl%2Fwp-content%2Fuploads%2FElektrofix-reparatieformulier-interactief-en-1.pdf|||&#8220; el_class=&#8220;blue-btn&#8220;][vc_btn title=&#8220;Deutsch&#8220; style=&#8220;custom&#8220; custom_text=&#8220;#666666&#8243; align=&#8220;left&#8220; i_icon_fontawesome=&#8220;fas fa-download&#8220; add_icon=&#8220;true&#8220; link=&#8220;url:https%3A%2F%2Fwww.elektrofix.nl%2Fwp-content%2Fuploads%2FElektrofix-reparatieformulier-interactief-de-1.pdf|||&#8220; el_class=&#8220;blue-btn&#8220; css=&#8220;.vc_custom_1687776702324{margin-right: 1rem !important;}&#8220;][vc_btn title=&#8220;Franz\u00f6sisch&#8220; style=&#8220;custom&#8220; custom_text=&#8220;#666666&#8243; align=&#8220;left&#8220; i_icon_fontawesome=&#8220;fas fa-download&#8220; add_icon=&#8220;true&#8220; link=&#8220;url:https%3A%2F%2Fwww.elektrofix.nl%2Fwp-content%2Fuploads%2FElektrofix-reparatieformulier-interactief-fr-1.pdf|||&#8220; el_id=&#8220;blue-btn&#8220; el_class=&#8220;blue-btn&#8220;][\/vc_column_inner][vc_column_inner width=&#8220;1\/2&#8243;][vc_gmaps link=&#8220;#E-8_JTNDaWZyYW1lJTIwc3JjJTNEJTIyaHR0cHMlM0ElMkYlMkZ3d3cuZ29vZ2xlLmNvbSUyRm1hcHMlMkZlbWJlZCUzRnBiJTNEJTIxMW0xOCUyMTFtMTIlMjExbTMlMjExZDI0NTcuNzYzMzkzNTAwNTg5MiUyMTJkNS45NjU2OTk2MTU3ODcyMDIlMjEzZDUxLjk3NDczODI3OTcxNDYxNCUyMTJtMyUyMTFmMCUyMTJmMCUyMTNmMCUyMTNtMiUyMTFpMTAyNCUyMTJpNzY4JTIxNGYxMy4xJTIxM20zJTIxMW0yJTIxMXMweDQ3YzdhM2Y0ZThhZGJmYTUlMjUzQTB4YzFhMDc2YWZhZDFiNzE5NyUyMTJzRGVsdGElMjUyMDE0MSUyNTJDJTI1MjA2ODI1JTI1MjBNUCUyNTIwQXJuaGVtJTIxNWUwJTIxM20yJTIxMXNubCUyMTJzbmwlMjE0djE2MjA5NzU1MDA2OTYlMjE1bTIlMjExc25sJTIxMnNubCUyMiUyMHdpZHRoJTNEJTIyNjAwJTIyJTIwaGVpZ2h0JTNEJTIyNDUwJTIyJTIwc3R5bGUlM0QlMjJib3JkZXIlM0EwJTNCJTIyJTIwYWxsb3dmdWxsc2NyZWVuJTNEJTIyJTIyJTIwbG9hZGluZyUzRCUyMmxhenklMjIlM0UlM0MlMkZpZnJhbWUlM0U=&#8220;][vc_empty_space][vc_single_image image=&#8220;2399&#8243; img_size=&#8220;full&#8220;][\/vc_column_inner][\/vc_row_inner][\/vc_column][\/vc_row][vc_row][vc_column][vc_column_text]<\/p>\n<h3>Erreichbarkeit<\/h3>\n<p><strong>Auto<\/strong><\/p>\n<p>Wenn Sie mit dem Auto kommen, stellen Sie das Navi auf unsere Adresse ein. Oder verwenden Sie die obige Karte von Google Maps.<\/p>\n<p><strong>\u00d6ffentliche Verkehrsmittel<\/strong><\/p>\n<p>Sie k\u00f6nnen mit dem Bus \u00fcber die Linie 12 anreisen. Steigen Sie an der Bushaltestelle Arnhem, Delta aus. Dann m\u00fcssen Sie zu Delta aufschlie\u00dfen. Biegen Sie dann in die erste Rechtskurve ein. Sie finden uns unter der Nummer 141. F\u00fcr die beste Route ist es am besten, einen Reiseplaner zu benutzen. <a title=\"\" href=\"https:\/\/9292.nl\/\" target=\"_blank\" rel=\"noopener\">9292.co.uk<\/a> und <a href=\"https:\/\/www.ns.nl\/reisplanner\/#\/\" target=\"_blank\" rel=\"noopener\">NS travel planner<\/a> funktionieren beide sehr gut.[\/vc_column_text][\/vc_column][\/vc_row][vc_row][vc_column][vc_column_text][trustindex no-registration=&#8220;google&#8220;][\/vc_column_text][\/vc_column][\/vc_row]<\/p>\n","protected":false},"excerpt":{"rendered":"<p>[vc_row][vc_column][vc_column_text] Vereinbaren Sie noch heute einen Termin [\/vc_column_text][vc_row_inner][vc_column_inner width=&#8220;1\/2&#8243;][vc_column_text]M\u00f6chten Sie mehr \u00fcber unsere Reparaturm\u00f6glichkeiten erfahren oder einen Termin f\u00fcr die Reparatur Ihrer Fahrzeugelektronik vereinbaren? Kontaktieren<a class=\"moretag\" href=\"https:\/\/www.elektrofix.nl\/de\/kontakt\/\">&#8230;<\/a><\/p>\n","protected":false},"author":2,"featured_media":0,"parent":0,"menu_order":0,"comment_status":"closed","ping_status":"closed","template":"","meta":{"footnotes":""},"class_list":["post-7526","page","type-page","status-publish","hentry"],"_links":{"self":[{"href":"https:\/\/www.elektrofix.nl\/de\/wp-json\/wp\/v2\/pages\/7526","targetHints":{"allow":["GET"]}}],"collection":[{"href":"https:\/\/www.elektrofix.nl\/de\/wp-json\/wp\/v2\/pages"}],"about":[{"href":"https:\/\/www.elektrofix.nl\/de\/wp-json\/wp\/v2\/types\/page"}],"author":[{"embeddable":true,"href":"https:\/\/www.elektrofix.nl\/de\/wp-json\/wp\/v2\/users\/2"}],"replies":[{"embeddable":true,"href":"https:\/\/www.elektrofix.nl\/de\/wp-json\/wp\/v2\/comments?post=7526"}],"version-history":[{"count":0,"href":"https:\/\/www.elektrofix.nl\/de\/wp-json\/wp\/v2\/pages\/7526\/revisions"}],"wp:attachment":[{"href":"https:\/\/www.elektrofix.nl\/de\/wp-json\/wp\/v2\/media?parent=7526"}],"curies":[{"name":"wp","href":"https:\/\/api.w.org\/{rel}","templated":true}]}}