{"id":7516,"date":"2024-02-16T13:17:56","date_gmt":"2024-02-16T12:17:56","guid":{"rendered":"https:\/\/www.elektrofix.nl\/installation-der-rueckfahrkamera\/"},"modified":"2024-02-16T13:17:56","modified_gmt":"2024-02-16T12:17:56","slug":"installation-der-rueckfahrkamera","status":"publish","type":"page","link":"https:\/\/www.elektrofix.nl\/de\/installation-der-rueckfahrkamera\/","title":{"rendered":"Installation der R\u00fcckfahrkamera"},"content":{"rendered":"<p>[vc_row full_width=&#8220;stretch_row&#8220; css=&#8220;.vc_custom_1612202182063{padding-top: 30px !important;padding-bottom: 15px !important;}&#8220;][vc_column][vc_column_text]<\/p>\n<h5>Elektrofix ist Ihr Partner von A bis Z<\/h5>\n<h2>R\u00fcckfahrkamera defekt? Gehen Sie zu Elektrofix!<\/h2>\n<p>[\/vc_column_text][\/vc_column][vc_column css=&#8220;.vc_custom_1612180223540{padding-top: 0px !important;padding-bottom: 0px !important;}&#8220;][vc_row_inner equal_height=&#8220;yes&#8220; content_placement=&#8220;middle&#8220; css=&#8220;.vc_custom_1612260120748{padding-top: 0px !important;padding-bottom: 0px !important;}&#8220;][vc_column_inner width=&#8220;1\/2&#8243; css=&#8220;.vc_custom_1612180239327{padding-top: 0px !important;padding-bottom: 0px !important;}&#8220;][vc_column_text]<img decoding=\"async\" class=\"alignnone size-full wp-image-247 lazyload\" data-src=\"\/wp-content\/uploads\/index-foto-2.jpg\" alt=\"Einbau einer R\u00fcckfahrkamera\" width=\"100%\" height=\"auto\" data-srcset=\"https:\/\/www.elektrofix.nl\/wp-content\/uploads\/index-foto-2.jpg 500w, https:\/\/www.elektrofix.nl\/wp-content\/uploads\/index-foto-2-300x286.jpg 300w\" data-sizes=\"(max-width: 500px) 100vw, 500px\" src=\"data:image\/svg+xml;base64,PHN2ZyB3aWR0aD0iMSIgaGVpZ2h0PSIxIiB4bWxucz0iaHR0cDovL3d3dy53My5vcmcvMjAwMC9zdmciPjwvc3ZnPg==\" style=\"--smush-placeholder-width: 500px; --smush-placeholder-aspect-ratio: 500\/476;\" \/>[\/vc_column_text][\/vc_column_inner][vc_column_inner width=&#8220;1\/2&#8243; css=&#8220;.vc_custom_1612180248955{padding-top: 0px !important;padding-bottom: 0px !important;}&#8220;][vc_column_text]Das Parken eines Autos ist nicht gerade das Lieblingshobby vieler Menschen. Ein kleiner Unfall mit Sch\u00e4den ist schnell passiert. Das liegt vor allem daran, dass man nicht immer gute Sicht um oder hinter dem Auto hat. Der Einbau einer R\u00fcckfahrkamera bietet dann eine L\u00f6sung. Mit einer R\u00fcckfahrkamera haben Sie viel mehr Kontrolle \u00fcber das Geschehen rund um das Auto.<\/p>\n<p>Nach dem Einbau einer R\u00fcckfahrkamera ist es viel einfacher, das Auto einzuparken oder einen Anh\u00e4nger anzuh\u00e4ngen. Wenden Sie sich f\u00fcr den Einbau einer R\u00fcckfahrkamera an Elektrofix, den Spezialisten f\u00fcr Autoelektronik![\/vc_column_text][vc_btn title=&#8220;Angebot anfordern&#8220; style=&#8220;custom&#8220; custom_text=&#8220;#666666&#8243; el_class=&#8220;blue-btn&#8220; link=&#8220;url:%23offerte|||&#8220;][\/vc_column_inner][\/vc_row_inner][\/vc_column][\/vc_row][vc_row full_width=&#8220;stretch_row&#8220; css=&#8220;.vc_custom_1612202018327{padding-top: 50px !important;padding-bottom: 15px !important;}&#8220;][vc_column css=&#8220;.vc_custom_1612180223540{padding-top: 0px !important;padding-bottom: 0px !important;}&#8220;][vc_column_text]<\/p>\n<h2>Montage der R\u00fcckfahrkamera am vorhandenen Monitor<\/h2>\n<p>Wenn Sie bereits einen Monitor oder ein Navigationssystem in Ihrem Auto haben, k\u00f6nnen wir in vielen F\u00e4llen eine R\u00fcckfahrkamera f\u00fcr Sie einbauen. Wir liefern eine spezielle Schnittstelle, an die eine Kamera angeschlossen werden kann. Auf diese Weise m\u00fcssen Sie keinen separaten Bildschirm einbauen lassen und alles sieht aus wie im Original.<br \/>\n[\/vc_column_text][\/vc_column][\/vc_row][vc_row full_width=&#8220;stretch_row&#8220; css=&#8220;.vc_custom_1612202018327{padding-top: 50px !important;padding-bottom: 15px !important;}&#8220;][vc_column css=&#8220;.vc_custom_1612180223540{padding-top: 0px !important;padding-bottom: 0px !important;}&#8220;][vc_column_text]<\/p>\n<h5>Reparieren bei Elektrofix ist billiger<\/h5>\n<h2>R\u00fcckfahrkamera defekt? Reparatur billiger als Neukauf<\/h2>\n<p>Ist Ihre R\u00fcckfahrkamera defekt? In vielen F\u00e4llen ist die Reparatur einer R\u00fcckfahrkamera dann eine wirtschaftliche L\u00f6sung. Wenn Sie Ihre Kamera von uns reparieren lassen, sparen Sie eine Menge Geld. Oft ist es sehr teuer, ein defektes Teil bei einem H\u00e4ndler zu kaufen. Au\u00dferdem berechnen die H\u00e4ndler oft hohe Stundens\u00e4tze f\u00fcr den Einbau und die Montage von R\u00fcckfahrkamerateilen. Ihre R\u00fcckfahrkamera funktioniert also nicht mehr? Dann gehen Sie zu Elektrofix. Mit einer R\u00fcckfahrkamera-Reparatur werden Sie bald viel billiger sein.<br \/>\n[\/vc_column_text][\/vc_column][\/vc_row][vc_row full_width=&#8220;stretch_row&#8220; css=&#8220;.vc_custom_1612199972923{margin-top: 50px !important;margin-bottom: 50px !important;padding-top: 0px !important;padding-bottom: 0px !important;background-image: url(https:\/\/www.elektrofix.nl\/wp-content\/uploads\/pexels-ingo-joseph-13781-1.png?id=250) !important;background-position: center !important;background-repeat: no-repeat !important;background-size: cover !important;}&#8220; el_class=&#8220;cta-box&#8220;][vc_column css=&#8220;.vc_custom_1612180223540{padding-top: 0px !important;padding-bottom: 0px !important;}&#8220;][vc_row_inner equal_height=&#8220;yes&#8220; content_placement=&#8220;middle&#8220; css=&#8220;.vc_custom_1612260422676{padding-top: 0px !important;padding-bottom: 0px !important;}&#8220;][vc_column_inner el_class=&#8220;cta-gradient-box&#8220; width=&#8220;1\/2&#8243; css=&#8220;.vc_custom_1612200066371{padding-top: 65px !important;padding-bottom: 35px !important;}&#8220;][vc_column_text]<\/p>\n<h2>Neugierig auf<br \/>\ndie M\u00f6glichkeiten?<\/h2>\n<p>Elektrofix ist ein Spezialist f\u00fcr die Reparatur von Autoelektronik und Softwarecodierung. Kontaktieren Sie uns noch heute f\u00fcr einen Termin![\/vc_column_text][vc_btn title=&#8220;Angebot anfordern&#8220; style=&#8220;custom&#8220; custom_text=&#8220;#666666&#8243; el_class=&#8220;white-btn&#8220; link=&#8220;url:%23offerte|||&#8220;][\/vc_column_inner][vc_column_inner width=&#8220;1\/2&#8243; css=&#8220;.vc_custom_1612180248955{padding-top: 0px !important;padding-bottom: 0px !important;}&#8220;][\/vc_column_inner][\/vc_row_inner][\/vc_column][\/vc_row][vc_row full_width=&#8220;stretch_row&#8220; css=&#8220;.vc_custom_1612199714486{padding-top: 50px !important;padding-bottom: 15px !important;}&#8220;][vc_column][vc_column_text]<\/p>\n<h2>Warum die Installation oder Reparatur einer R\u00fcckfahrkamera bei Elektrofix?<\/h2>\n<p>[\/vc_column_text][vc_row_inner][vc_column_inner width=&#8220;1\/2&#8243;][vc_column_text]Ist Ihre R\u00fcckfahrkamera defekt? Dann ist eine neue Kamera nicht gleich die wirtschaftlichste L\u00f6sung. Nach der Reparatur bei Elektrofix funktioniert Ihr Schl\u00fcssel in der Regel wieder wie vorher.<\/p>\n<p>Es gibt eine Reihe von guten Gr\u00fcnden, uns f\u00fcr die Installation oder Reparatur einer R\u00fcckfahrkamera zu w\u00e4hlen:<\/p>\n<ul>\n<li>Mehr als 20 Jahre Erfahrung<\/li>\n<li>Schnelle Reparatur (innerhalb von 2 Tagen)<\/li>\n<li>1 Jahr Garantie nach der Reparatur<\/li>\n<li>Einbau\/Erweiterung einschlie\u00dflich<\/li>\n<li>BMW-Spezialist<\/li>\n<\/ul>\n<p>[\/vc_column_text][vc_btn title=&#8220;Angebot anfordern&#8220; style=&#8220;custom&#8220; custom_text=&#8220;#666666&#8243; el_class=&#8220;blue-btn&#8220; link=&#8220;url:%23offerte|||&#8220;][\/vc_column_inner][vc_column_inner width=&#8220;1\/2&#8243;][vc_column_text]<img decoding=\"async\" class=\"alignnone size-full wp-image-493 lazyload\" data-src=\"\/wp-content\/uploads\/image-8.jpeg\" alt=\"R\u00fcckfahrkamera-Reparatur\" width=\"100%\" height=\"auto\" data-srcset=\"https:\/\/www.elektrofix.nl\/wp-content\/uploads\/image-8.jpeg 500w, https:\/\/www.elektrofix.nl\/wp-content\/uploads\/image-8-300x227.jpeg 300w\" data-sizes=\"(max-width: 500px) 100vw, 500px\" src=\"data:image\/svg+xml;base64,PHN2ZyB3aWR0aD0iMSIgaGVpZ2h0PSIxIiB4bWxucz0iaHR0cDovL3d3dy53My5vcmcvMjAwMC9zdmciPjwvc3ZnPg==\" style=\"--smush-placeholder-width: 500px; --smush-placeholder-aspect-ratio: 500\/379;\" \/>[\/vc_column_text][\/vc_column_inner][\/vc_row_inner][\/vc_column][\/vc_row][vc_row full_width=&#8220;stretch_row&#8220; css=&#8220;.vc_custom_1612202018327{padding-top: 50px !important;padding-bottom: 15px !important;}&#8220;][vc_column css=&#8220;.vc_custom_1612180223540{padding-top: 0px !important;padding-bottom: 0px !important;}&#8220;][vc_column_text]<\/p>\n<h5>Allround-Autoelektroniker\/in<\/h5>\n<h2>Sonstige Reparaturen von Autoelektronik<\/h2>\n<p>Bei Elektrofix k\u00f6nnen Sie mehr als nur R\u00fcckfahrkameras installieren und reparieren lassen. Wir reparieren fast alles im Bereich der Autoelektronik, einschlie\u00dflich:<br \/>\n[\/vc_column_text][vc_row_inner css=&#8220;.vc_custom_1612260131186{padding-top: 0px !important;padding-bottom: 0px !important;}&#8220;][vc_column_inner width=&#8220;1\/2&#8243; css=&#8220;.vc_custom_1612180239327{padding-top: 0px !important;padding-bottom: 0px !important;}&#8220;][vc_column_text]<\/p>\n<ul>\n<li>Reparatur von Autoalarmen<\/li>\n<li>DVD\/CD-Lesefehler<\/li>\n<li>Reparatur der Instrumententafel<\/li>\n<li>Autoschl\u00fcssel-Reparatur<\/li>\n<\/ul>\n<p>[\/vc_column_text][\/vc_column_inner][vc_column_inner width=&#8220;1\/2&#8243;][vc_column_text]<\/p>\n<ul>\n<li>Einbau\/Reparatur\/Montage von R\u00fcckfahrkameras<\/li>\n<li>Reparatur des Drehzahl-\/Kilometerz\u00e4hlers<\/li>\n<li>Alle Marken von Autoradios<\/li>\n<li>Einbau\/Reparatur\/Montage von Kfz-Baus\u00e4tzen<\/li>\n<\/ul>\n<p>[\/vc_column_text][\/vc_column_inner][\/vc_row_inner][vc_column_text]Ist das Teil, mit dem Sie elektronische Probleme in Ihrem Auto haben, nicht oben erw\u00e4hnt? Wenn ja, nehmen Sie bitte Kontakt mit uns auf. Die Chancen stehen gut, dass wir das Problem f\u00fcr Sie l\u00f6sen k\u00f6nnen.<br \/>\n[\/vc_column_text][\/vc_column][\/vc_row][vc_row][vc_column][vc_column_text]<\/p>\n<h2>Kontakt zu Elektrofix<\/h2>\n<p>Kommen Sie zu Elektrofix f\u00fcr die Installation einer R\u00fcckfahrkamera. Oder ist Ihre Kamera kaputt und muss repariert werden? Auch dabei k\u00f6nnen wir Ihnen helfen. Bitte vereinbaren Sie vorab einen Termin unter der Telefonnummer <a href=\"tel:0625387023\">06 25 38 70<\/a> 23, per E-Mail <a href=\"mailto:info@elektrofix.nl\">info@elektrofix.nl<\/a> oder \u00fcber das Kontaktformular hier auf der Website.<br \/>\n[\/vc_column_text][\/vc_column][\/vc_row]<\/p>\n","protected":false},"excerpt":{"rendered":"<p>[vc_row full_width=&#8220;stretch_row&#8220; css=&#8220;.vc_custom_1612202182063{padding-top: 30px !important;padding-bottom: 15px !important;}&#8220;][vc_column][vc_column_text] Elektrofix ist Ihr Partner von A bis Z R\u00fcckfahrkamera defekt? Gehen Sie zu Elektrofix! [\/vc_column_text][\/vc_column][vc_column css=&#8220;.vc_custom_1612180223540{padding-top: 0px !important;padding-bottom:<a class=\"moretag\" href=\"https:\/\/www.elektrofix.nl\/de\/installation-der-rueckfahrkamera\/\">&#8230;<\/a><\/p>\n","protected":false},"author":1,"featured_media":0,"parent":0,"menu_order":0,"comment_status":"closed","ping_status":"closed","template":"","meta":{"footnotes":""},"class_list":["post-7516","page","type-page","status-publish","hentry"],"_links":{"self":[{"href":"https:\/\/www.elektrofix.nl\/de\/wp-json\/wp\/v2\/pages\/7516","targetHints":{"allow":["GET"]}}],"collection":[{"href":"https:\/\/www.elektrofix.nl\/de\/wp-json\/wp\/v2\/pages"}],"about":[{"href":"https:\/\/www.elektrofix.nl\/de\/wp-json\/wp\/v2\/types\/page"}],"author":[{"embeddable":true,"href":"https:\/\/www.elektrofix.nl\/de\/wp-json\/wp\/v2\/users\/1"}],"replies":[{"embeddable":true,"href":"https:\/\/www.elektrofix.nl\/de\/wp-json\/wp\/v2\/comments?post=7516"}],"version-history":[{"count":0,"href":"https:\/\/www.elektrofix.nl\/de\/wp-json\/wp\/v2\/pages\/7516\/revisions"}],"wp:attachment":[{"href":"https:\/\/www.elektrofix.nl\/de\/wp-json\/wp\/v2\/media?parent=7516"}],"curies":[{"name":"wp","href":"https:\/\/api.w.org\/{rel}","templated":true}]}}