{"id":7486,"date":"2024-02-16T13:17:54","date_gmt":"2024-02-16T12:17:54","guid":{"rendered":"https:\/\/www.elektrofix.nl\/reparatur-der-instrumententafel\/"},"modified":"2024-02-16T13:17:54","modified_gmt":"2024-02-16T12:17:54","slug":"reparatur-der-instrumententafel","status":"publish","type":"page","link":"https:\/\/www.elektrofix.nl\/de\/reparatur-der-instrumententafel\/","title":{"rendered":"Reparatur der Instrumententafel"},"content":{"rendered":"<p>[vc_row full_width=&#8220;stretch_row&#8220; css=&#8220;.vc_custom_1612202182063{padding-top: 30px !important;padding-bottom: 15px !important;}&#8220;][vc_column css=&#8220;.vc_custom_1612180223540{padding-top: 0px !important;padding-bottom: 0px !important;}&#8220;][vc_column_text]<\/p>\n<h5>Elektrofix ist Ihr Partner von A bis Z<\/h5>\n<h2>F\u00fcr die Reparatur des Armaturenbretts wenden Sie sich an Elektrofix!<\/h2>\n<p>[\/vc_column_text][vc_row_inner equal_height=&#8220;yes&#8220; content_placement=&#8220;middle&#8220; css=&#8220;.vc_custom_1612260120748{padding-top: 0px !important;padding-bottom: 0px !important;}&#8220;][vc_column_inner width=&#8220;1\/2&#8243; css=&#8220;.vc_custom_1612180239327{padding-top: 0px !important;padding-bottom: 0px !important;}&#8220;][vc_column_text]<img decoding=\"async\" class=\"alignnone size-full wp-image-506 lazyload\" data-src=\"\/wp-content\/uploads\/display-BMW.jpeg\" alt=\"Reparatur der Instrumententafel\" width=\"100%\" height=\"auto\" data-srcset=\"https:\/\/www.elektrofix.nl\/wp-content\/uploads\/display-BMW.jpeg 500w, https:\/\/www.elektrofix.nl\/wp-content\/uploads\/display-BMW-300x221.jpeg 300w\" data-sizes=\"(max-width: 500px) 100vw, 500px\" src=\"data:image\/svg+xml;base64,PHN2ZyB3aWR0aD0iMSIgaGVpZ2h0PSIxIiB4bWxucz0iaHR0cDovL3d3dy53My5vcmcvMjAwMC9zdmciPjwvc3ZnPg==\" style=\"--smush-placeholder-width: 500px; --smush-placeholder-aspect-ratio: 500\/369;\" \/>[\/vc_column_text][\/vc_column_inner][vc_column_inner width=&#8220;1\/2&#8243; css=&#8220;.vc_custom_1612180248955{padding-top: 0px !important;padding-bottom: 0px !important;}&#8220;][vc_column_text]Ist die Instrumententafel in Ihrem Auto kaputt oder funktionieren einige der Instrumente nicht mehr richtig? Elektrofix ist die Adresse f\u00fcr die Reparatur von Instrumententafeln und Armaturenbrettern. Ein Armaturenbrett besteht aus dem bekannten Kilometerz\u00e4hler und anderen Komponenten. Neben diesen elektronischen Bauteilen fallen auch viele nicht-elektronische Komponenten aus.<\/p>\n<p>Denken Sie an Zahnr\u00e4der, Zifferbl\u00e4tter, Fenster und Kunststoffgeh\u00e4use. All diese Komponenten k\u00f6nnen dazu f\u00fchren, dass ein Armaturenbrett oder eine Instrumententafel nicht mehr richtig funktioniert. F\u00fcr eine Reparatur der Instrumententafel k\u00f6nnen Sie zu Elektrofix kommen. Wenden Sie sich direkt an uns oder lesen Sie unten mehr \u00fcber die Reparatur von Armaturenbrettern.[\/vc_column_text][vc_btn title=&#8220;Angebot anfordern&#8220; style=&#8220;custom&#8220; custom_text=&#8220;#666666&#8243; el_class=&#8220;blue-btn&#8220; link=&#8220;url:%23offerte|||&#8220;][\/vc_column_inner][\/vc_row_inner][\/vc_column][\/vc_row][vc_row][vc_column][vc_column_text]<\/p>\n<h2>H\u00e4ufige Probleme Instrumententafeln<\/h2>\n<p>Viele Armaturenbretter in Autos haben mehrere Konstruktionsfehler, Fertigungsm\u00e4ngel oder schwache Komponenten, die schnell versagen. Neben fehlerhaften Prozessoren sehen wir auch immer wieder minderwertige Schrittmotoren und schnell ausfallende Displays. Bei einer Reparatur des Armaturenbretts werden diese Bauteile in der Regel durch h\u00f6herwertige ersetzt. Die Reparatur des Armaturenbretts gew\u00e4hrleistet somit, dass es zuverl\u00e4ssiger funktioniert als ab Werk.[\/vc_column_text][\/vc_column][\/vc_row][vc_row full_width=&#8220;stretch_row&#8220; css=&#8220;.vc_custom_1612202018327{padding-top: 50px !important;padding-bottom: 15px !important;}&#8220;][vc_column css=&#8220;.vc_custom_1612180223540{padding-top: 0px !important;padding-bottom: 0px !important;}&#8220;][vc_column_text]<\/p>\n<h5>Reparieren bei Elektrofix ist billiger<\/h5>\n<h2>Reparatur der Instrumententafel wirtschaftlicher als Ersatz<\/h2>\n<p>[\/vc_column_text][vc_row_inner css=&#8220;.vc_custom_1612260131186{padding-top: 0px !important;padding-bottom: 0px !important;}&#8220;][vc_column_inner css=&#8220;.vc_custom_1612180239327{padding-top: 0px !important;padding-bottom: 0px !important;}&#8220;][vc_column_text]Bei Elektrofix bekommen Sie eine preiswerte, schnelle und gute Armaturenbrett-Reparatur. Wir reparieren die Module f\u00fcr einen Bruchteil des Neupreises, nat\u00fcrlich mit Garantie! Wenn Sie Ihre Autoelektronik bei uns reparieren lassen, sparen Sie eine Menge Geld. Oft ist es sehr teuer, ein defektes Teil bei einem H\u00e4ndler zu kaufen.<\/p>\n<p>Au\u00dferdem berechnen die H\u00e4ndler f\u00fcr den Ein- und Ausbau von Teilen einen angemessenen Stundensatz. Und oft wird dann auch noch eine Geb\u00fchr f\u00fcr das Erlernen des neuen Teils erhoben. Wir f\u00fchren die Reparatur von Armaturenbrettern in unserer eigenen Werkstatt durch.<br \/>\n[\/vc_column_text][\/vc_column_inner][\/vc_row_inner][\/vc_column][\/vc_row][vc_row full_width=&#8220;stretch_row&#8220; css=&#8220;.vc_custom_1612199972923{margin-top: 50px !important;margin-bottom: 50px !important;padding-top: 0px !important;padding-bottom: 0px !important;background-image: url(https:\/\/www.elektrofix.nl\/wp-content\/uploads\/pexels-ingo-joseph-13781-1.png?id=250) !important;background-position: center !important;background-repeat: no-repeat !important;background-size: cover !important;}&#8220; el_class=&#8220;cta-box&#8220;][vc_column css=&#8220;.vc_custom_1612180223540{padding-top: 0px !important;padding-bottom: 0px !important;}&#8220;][vc_row_inner equal_height=&#8220;yes&#8220; content_placement=&#8220;middle&#8220; css=&#8220;.vc_custom_1612260422676{padding-top: 0px !important;padding-bottom: 0px !important;}&#8220;][vc_column_inner el_class=&#8220;cta-gradient-box&#8220; width=&#8220;1\/2&#8243; css=&#8220;.vc_custom_1612200066371{padding-top: 65px !important;padding-bottom: 35px !important;}&#8220;][vc_column_text]<\/p>\n<h2>Neugierig auf<br \/>\ndie M\u00f6glichkeiten?<\/h2>\n<p>Elektrofix ist ein Spezialist f\u00fcr die Reparatur von Autoelektronik und Softwarecodierung. Kontaktieren Sie uns noch heute f\u00fcr einen Termin![\/vc_column_text][vc_btn title=&#8220;Angebot anfordern&#8220; style=&#8220;custom&#8220; custom_text=&#8220;#666666&#8243; el_class=&#8220;white-btn&#8220; link=&#8220;url:%23offerte|||&#8220;][\/vc_column_inner][vc_column_inner width=&#8220;1\/2&#8243; css=&#8220;.vc_custom_1612180248955{padding-top: 0px !important;padding-bottom: 0px !important;}&#8220;][\/vc_column_inner][\/vc_row_inner][\/vc_column][\/vc_row][vc_row full_width=&#8220;stretch_row&#8220; css=&#8220;.vc_custom_1612199714486{padding-top: 50px !important;padding-bottom: 15px !important;}&#8220;][vc_column][vc_column_text]<\/p>\n<h2>Warum die Reparatur der Instrumententafel durch Elektrofix?<\/h2>\n<p>[\/vc_column_text][vc_row_inner][vc_column_inner width=&#8220;1\/2&#8243;][vc_column_text]Der Austausch von (Teilen) der Instrumententafel ist nicht immer die beste oder wirtschaftlichste Option. Es gibt viele gute Gr\u00fcnde, Ihr Armaturenbrett von Elektrofix reparieren zu lassen:<\/p>\n<ul>\n<li>Reparatur von Armaturenbrettern fast aller Automarken<\/li>\n<li>Mehr als 20 Jahre Erfahrung<\/li>\n<li>Schnelle Reparatur (innerhalb von 2 Tagen)<\/li>\n<li>1 Jahr Garantie nach der Reparatur<\/li>\n<li>Einbau\/Erweiterung einschlie\u00dflich<\/li>\n<li>BMW-Spezialist<\/li>\n<\/ul>\n<p>[\/vc_column_text][vc_btn title=&#8220;Angebot anfordern&#8220; style=&#8220;custom&#8220; custom_text=&#8220;#666666&#8243; el_class=&#8220;blue-btn&#8220; link=&#8220;url:%23offerte|||&#8220;][\/vc_column_inner][vc_column_inner width=&#8220;1\/2&#8243;][vc_column_text]<img decoding=\"async\" class=\"alignnone size-full wp-image-498 lazyload\" data-src=\"\/wp-content\/uploads\/image-9.jpeg\" alt=\"Reparatur der Instrumententafel\" width=\"100%\" height=\"auto\" data-srcset=\"https:\/\/www.elektrofix.nl\/wp-content\/uploads\/image-9.jpeg 500w, https:\/\/www.elektrofix.nl\/wp-content\/uploads\/image-9-300x200.jpeg 300w\" data-sizes=\"(max-width: 500px) 100vw, 500px\" src=\"data:image\/svg+xml;base64,PHN2ZyB3aWR0aD0iMSIgaGVpZ2h0PSIxIiB4bWxucz0iaHR0cDovL3d3dy53My5vcmcvMjAwMC9zdmciPjwvc3ZnPg==\" style=\"--smush-placeholder-width: 500px; --smush-placeholder-aspect-ratio: 500\/334;\" \/>[\/vc_column_text][\/vc_column_inner][\/vc_row_inner][\/vc_column][\/vc_row][vc_row full_width=&#8220;stretch_row&#8220; css=&#8220;.vc_custom_1612202018327{padding-top: 50px !important;padding-bottom: 15px !important;}&#8220;][vc_column css=&#8220;.vc_custom_1612180223540{padding-top: 0px !important;padding-bottom: 0px !important;}&#8220;][vc_column_text]<\/p>\n<h5>Allround-Autoelektroniker\/in<\/h5>\n<h2>Sonstige Reparaturen von Autoelektronik<\/h2>\n<p>Bei Elektrofix k\u00f6nnen Sie mehr als nur eine Reparatur des Armaturenbretts in Anspruch nehmen. Wir reparieren fast alles im Bereich der Autoelektronik, einschlie\u00dflich:<br \/>\n[\/vc_column_text][vc_row_inner css=&#8220;.vc_custom_1612260131186{padding-top: 0px !important;padding-bottom: 0px !important;}&#8220;][vc_column_inner width=&#8220;1\/2&#8243; css=&#8220;.vc_custom_1612180239327{padding-top: 0px !important;padding-bottom: 0px !important;}&#8220;][vc_column_text]<\/p>\n<ul>\n<li>Reparatur von Autoalarmen<\/li>\n<li>DVD\/CD-Lesefehler<\/li>\n<li>CD-Wechsler-Reparatur<\/li>\n<li>Autoschl\u00fcssel-Reparatur<\/li>\n<\/ul>\n<p>[\/vc_column_text][\/vc_column_inner][vc_column_inner width=&#8220;1\/2&#8243;][vc_column_text]<\/p>\n<ul>\n<li>Einbau\/Reparatur\/Montage von R\u00fcckfahrkameras<\/li>\n<li>Reparatur des Drehzahl-\/Kilometerz\u00e4hlers<\/li>\n<li>Alle Marken von Autoradios<\/li>\n<li>Einbau\/Reparatur\/Montage von Kfz-Baus\u00e4tzen<\/li>\n<\/ul>\n<p>[\/vc_column_text][\/vc_column_inner][\/vc_row_inner][vc_column_text]Ist das Teil, mit dem Sie elektronische Probleme in Ihrem Fahrzeug haben, nicht oben aufgef\u00fchrt? Wenn ja, nehmen Sie bitte Kontakt mit uns auf. Die Chancen stehen gut, dass wir das Problem f\u00fcr Sie l\u00f6sen k\u00f6nnen.<br \/>\n[\/vc_column_text][\/vc_column][\/vc_row][vc_row][vc_column][vc_column_text]<\/p>\n<h2>Elektrofix direkt kontaktieren<\/h2>\n<p>Funktioniert Ihr Armaturenbrett nicht mehr richtig? Dann gehen Sie zu Elektrofix f\u00fcr die Reparatur der Instrumententafel. Bitte vereinbaren Sie vorab einen Termin unter der Telefonnummer <a href=\"tel:0625387023\">06 25 38 70<\/a> 23, per E-Mail <a href=\"mailto:info@elektrofix.nl\">info@elektrofix.nl<\/a> oder \u00fcber das Kontaktformular hier auf der Website.<br \/>\n[\/vc_column_text][\/vc_column][\/vc_row]<\/p>\n","protected":false},"excerpt":{"rendered":"<p>[vc_row full_width=&#8220;stretch_row&#8220; css=&#8220;.vc_custom_1612202182063{padding-top: 30px !important;padding-bottom: 15px !important;}&#8220;][vc_column css=&#8220;.vc_custom_1612180223540{padding-top: 0px !important;padding-bottom: 0px !important;}&#8220;][vc_column_text] Elektrofix ist Ihr Partner von A bis Z F\u00fcr die Reparatur des Armaturenbretts<a class=\"moretag\" href=\"https:\/\/www.elektrofix.nl\/de\/reparatur-der-instrumententafel\/\">&#8230;<\/a><\/p>\n","protected":false},"author":1,"featured_media":0,"parent":0,"menu_order":0,"comment_status":"closed","ping_status":"closed","template":"","meta":{"footnotes":""},"class_list":["post-7486","page","type-page","status-publish","hentry"],"_links":{"self":[{"href":"https:\/\/www.elektrofix.nl\/de\/wp-json\/wp\/v2\/pages\/7486","targetHints":{"allow":["GET"]}}],"collection":[{"href":"https:\/\/www.elektrofix.nl\/de\/wp-json\/wp\/v2\/pages"}],"about":[{"href":"https:\/\/www.elektrofix.nl\/de\/wp-json\/wp\/v2\/types\/page"}],"author":[{"embeddable":true,"href":"https:\/\/www.elektrofix.nl\/de\/wp-json\/wp\/v2\/users\/1"}],"replies":[{"embeddable":true,"href":"https:\/\/www.elektrofix.nl\/de\/wp-json\/wp\/v2\/comments?post=7486"}],"version-history":[{"count":0,"href":"https:\/\/www.elektrofix.nl\/de\/wp-json\/wp\/v2\/pages\/7486\/revisions"}],"wp:attachment":[{"href":"https:\/\/www.elektrofix.nl\/de\/wp-json\/wp\/v2\/media?parent=7486"}],"curies":[{"name":"wp","href":"https:\/\/api.w.org\/{rel}","templated":true}]}}