{"id":7484,"date":"2024-02-16T13:17:54","date_gmt":"2024-02-16T12:17:54","guid":{"rendered":"https:\/\/www.elektrofix.nl\/reparatur-von-autodisplays\/"},"modified":"2024-02-16T13:17:54","modified_gmt":"2024-02-16T12:17:54","slug":"reparatur-von-autodisplays","status":"publish","type":"page","link":"https:\/\/www.elektrofix.nl\/de\/reparatur-von-autodisplays\/","title":{"rendered":"Reparatur von Autodisplays"},"content":{"rendered":"<p>[vc_row full_width=&#8220;stretch_row&#8220; css=&#8220;.vc_custom_1612202182063{padding-top: 30px !important;padding-bottom: 15px !important;}&#8220;][vc_column css=&#8220;.vc_custom_1612180223540{padding-top: 0px !important;padding-bottom: 0px !important;}&#8220;][vc_row_inner equal_height=&#8220;yes&#8220; css=&#8220;.vc_custom_1614158015679{padding-top: 0px !important;padding-bottom: 0px !important;}&#8220;][vc_column_inner width=&#8220;1\/2&#8243; css=&#8220;.vc_custom_1612180239327{padding-top: 0px !important;padding-bottom: 0px !important;}&#8220;][vc_column_text]<img decoding=\"async\" class=\"alignnone size-full wp-image-247 lazyload\" data-src=\"\/wp-content\/uploads\/index-foto-2.jpg\" alt=\"Reparatur von Autodisplays\" width=\"100%\" height=\"auto\" data-srcset=\"https:\/\/www.elektrofix.nl\/wp-content\/uploads\/index-foto-2.jpg 500w, https:\/\/www.elektrofix.nl\/wp-content\/uploads\/index-foto-2-300x286.jpg 300w\" data-sizes=\"(max-width: 500px) 100vw, 500px\" src=\"data:image\/svg+xml;base64,PHN2ZyB3aWR0aD0iMSIgaGVpZ2h0PSIxIiB4bWxucz0iaHR0cDovL3d3dy53My5vcmcvMjAwMC9zdmciPjwvc3ZnPg==\" style=\"--smush-placeholder-width: 500px; --smush-placeholder-aspect-ratio: 500\/476;\" \/>[\/vc_column_text][\/vc_column_inner][vc_column_inner width=&#8220;1\/2&#8243; css=&#8220;.vc_custom_1612180248955{padding-top: 0px !important;padding-bottom: 0px !important;}&#8220;][vc_column_text]<\/p>\n<h5>Elektrofix ist Ihr Partner von A bis Z<\/h5>\n<h2>Head-up-Display defekt? Gehen Sie zu Elektrofix!<\/h2>\n<p>Verf\u00fcgt Ihr Fahrzeug \u00fcber ein Fahrzeugdisplay und haben Sie damit Probleme? Oder ist Ihr Head-up-Display defekt? Wir helfen Ihnen gerne, diese Probleme zu l\u00f6sen! Wenn Ihr Head-up-Display nicht funktioniert, sind Sie bei Elektrofix an der richtigen Adresse, wenn es um die Reparatur oder das Zur\u00fccksetzen Ihres Fahrzeugs geht. Wir sind auf die Analyse von Problemen und die Reparatur von Autoanzeigen spezialisiert. Wir k\u00f6nnen Ihr Auto auch zur\u00fccksetzen, pr\u00fcfen und umbauen.<br \/>\n[\/vc_column_text][vc_btn title=&#8220;Angebot anfordern&#8220; style=&#8220;custom&#8220; custom_text=&#8220;#666666&#8243; el_class=&#8220;blue-btn&#8220; link=&#8220;url:%23offerte|||&#8220;][\/vc_column_inner][\/vc_row_inner][\/vc_column][\/vc_row][vc_row full_width=&#8220;stretch_row&#8220; css=&#8220;.vc_custom_1612202018327{padding-top: 50px !important;padding-bottom: 15px !important;}&#8220;][vc_column css=&#8220;.vc_custom_1612180223540{padding-top: 0px !important;padding-bottom: 0px !important;}&#8220;][vc_column_text]<\/p>\n<h5>Reparieren bei Elektrofix ist billiger<\/h5>\n<h2>Einbau eines Autodisplays<\/h2>\n<p>Sie k\u00f6nnen auch zu Elektrofix kommen, um Ihr Smartphone in ein Head-up-Display (HUD) zu verwandeln. Mit den richtigen Apps k\u00f6nnen Sie mit diesem Produkt Ihr Smartphone-Display spiegeln, so dass Sie Geschwindigkeit, Drehzahl und vieles mehr auf Ihrer Windschutzscheibe ablesen k\u00f6nnen. Das bedeutet, dass Sie beim Fahren den Blick nicht von der Stra\u00dfe nehmen m\u00fcssen, um Ihre Geschwindigkeit, Drehzahl und viele andere Daten zu \u00fcberpr\u00fcfen. Die Montage von Autoanzeigen ist eine der Spezialit\u00e4ten von Elektrofix.<br \/>\n[\/vc_column_text][\/vc_column][\/vc_row][vc_row full_width=&#8220;stretch_row&#8220; css=&#8220;.vc_custom_1612202018327{padding-top: 50px !important;padding-bottom: 15px !important;}&#8220;][vc_column css=&#8220;.vc_custom_1612180223540{padding-top: 0px !important;padding-bottom: 0px !important;}&#8220;][vc_column_text]<\/p>\n<h2>Head-up-Display funktioniert nicht? Sehr wirtschaftliche Reparatur<\/h2>\n<p>Ist Ihr Head-up-Display defekt? In den meisten F\u00e4llen ist die Reparatur eines Autodisplays dann die wirtschaftlichere Option als der sofortige Kauf eines neuen. Oft ist der Kauf eines defekten Teils bei einem H\u00e4ndler sehr teuer. Dar\u00fcber hinaus berechnen die H\u00e4ndler oft hohe Stundens\u00e4tze f\u00fcr den Einbau und die Reparatur eines Autodisplays. Wenn also Ihr Head-up-Display nicht mehr funktioniert, besuchen Sie Elektrofix. Sie werden bald viel billiger sein.[\/vc_column_text][\/vc_column][\/vc_row][vc_row full_width=&#8220;stretch_row&#8220; css=&#8220;.vc_custom_1612199972923{margin-top: 50px !important;margin-bottom: 50px !important;padding-top: 0px !important;padding-bottom: 0px !important;background-image: url(https:\/\/www.elektrofix.nl\/wp-content\/uploads\/pexels-ingo-joseph-13781-1.png?id=250) !important;background-position: center !important;background-repeat: no-repeat !important;background-size: cover !important;}&#8220; el_class=&#8220;cta-box&#8220;][vc_column css=&#8220;.vc_custom_1612180223540{padding-top: 0px !important;padding-bottom: 0px !important;}&#8220;][vc_row_inner equal_height=&#8220;yes&#8220; content_placement=&#8220;middle&#8220; css=&#8220;.vc_custom_1612260422676{padding-top: 0px !important;padding-bottom: 0px !important;}&#8220;][vc_column_inner el_class=&#8220;cta-gradient-box&#8220; width=&#8220;1\/2&#8243; css=&#8220;.vc_custom_1612200066371{padding-top: 65px !important;padding-bottom: 35px !important;}&#8220;][vc_column_text]<\/p>\n<h2>Neugierig auf<br \/>\ndie M\u00f6glichkeiten?<\/h2>\n<p>Elektrofix ist ein Spezialist f\u00fcr die Reparatur von Autoelektronik und Softwarecodierung. Kontaktieren Sie uns noch heute f\u00fcr einen Termin![\/vc_column_text][vc_btn title=&#8220;Angebot anfordern&#8220; style=&#8220;custom&#8220; custom_text=&#8220;#666666&#8243; el_class=&#8220;white-btn&#8220; link=&#8220;url:%23offerte|||&#8220;][\/vc_column_inner][vc_column_inner width=&#8220;1\/2&#8243; css=&#8220;.vc_custom_1612180248955{padding-top: 0px !important;padding-bottom: 0px !important;}&#8220;][\/vc_column_inner][\/vc_row_inner][\/vc_column][\/vc_row][vc_row full_width=&#8220;stretch_row&#8220; css=&#8220;.vc_custom_1612199714486{padding-top: 50px !important;padding-bottom: 15px !important;}&#8220;][vc_column][vc_column_text]<\/p>\n<h2>Warum Head-up-Display Montage oder Reparatur bei Elektrofix?<\/h2>\n<p>[\/vc_column_text][vc_row_inner][vc_column_inner width=&#8220;1\/2&#8243;][vc_column_text]Ist Ihr Fahrzeugdisplay defekt? Dann ist der Kauf eines neuen Bildschirms nicht sofort die wirtschaftlichste L\u00f6sung. Nach der Reparatur bei Elektrofix wird Ihr Fahrzeugdisplay wieder einwandfrei funktionieren. Es gibt eine Reihe von guten Gr\u00fcnden, Elektrofix f\u00fcr uns zu w\u00e4hlen:<\/p>\n<ul>\n<li>Mehr als 20 Jahre Erfahrung<\/li>\n<li>Schnelle Reparatur (innerhalb von 2 Tagen)<\/li>\n<li>1 Jahr Garantie nach der Reparatur<\/li>\n<li>Einbau\/Erweiterung einschlie\u00dflich<\/li>\n<li>BMW-Spezialist<\/li>\n<\/ul>\n<p>[\/vc_column_text][vc_btn title=&#8220;Angebot anfordern&#8220; style=&#8220;custom&#8220; custom_text=&#8220;#666666&#8243; el_class=&#8220;blue-btn&#8220; link=&#8220;url:%23offerte|||&#8220;][\/vc_column_inner][vc_column_inner width=&#8220;1\/2&#8243;][vc_column_text]<img decoding=\"async\" class=\"alignnone size-full wp-image-493 lazyload\" data-src=\"https:\/\/www.elektrofix.nl\/wp-content\/uploads\/image-8.jpeg\" alt=\"Display-Montage\" width=\"100%\" height=\"auto\" data-srcset=\"https:\/\/www.elektrofix.nl\/wp-content\/uploads\/image-8.jpeg 500w, https:\/\/www.elektrofix.nl\/wp-content\/uploads\/image-8-300x227.jpeg 300w\" data-sizes=\"(max-width: 500px) 100vw, 500px\" src=\"data:image\/svg+xml;base64,PHN2ZyB3aWR0aD0iMSIgaGVpZ2h0PSIxIiB4bWxucz0iaHR0cDovL3d3dy53My5vcmcvMjAwMC9zdmciPjwvc3ZnPg==\" style=\"--smush-placeholder-width: 500px; --smush-placeholder-aspect-ratio: 500\/379;\" \/>[\/vc_column_text][\/vc_column_inner][\/vc_row_inner][\/vc_column][\/vc_row][vc_row full_width=&#8220;stretch_row&#8220; css=&#8220;.vc_custom_1612202018327{padding-top: 50px !important;padding-bottom: 15px !important;}&#8220;][vc_column css=&#8220;.vc_custom_1612180223540{padding-top: 0px !important;padding-bottom: 0px !important;}&#8220;][vc_column_text]<\/p>\n<h5>Reparatur von Funk, Navigation und Anzeigen<\/h5>\n<h2>Wir reparieren Radio, Navigation und Displays<\/h2>\n<p>Elektrofix repariert fast alle Automarken und Navigationssysteme<\/p>\n<p>[\/vc_column_text][vc_row_inner css=&#8220;.vc_custom_1612260131186{padding-top: 0px !important;padding-bottom: 0px !important;}&#8220;][vc_column_inner width=&#8220;1\/2&#8243; css=&#8220;.vc_custom_1612180239327{padding-top: 0px !important;padding-bottom: 0px !important;}&#8220;][vc_column_text]<\/p>\n<ul>\n<li>Audi: Navi Plus, RNS-E und MMI-Systeme<\/li>\n<li>BMW &amp; Mini: MK2, MK3, MK4, CCC und I-Drive Systeme<\/li>\n<li>Citro\u00ebn: RT3 und RT 4 Systeme<\/li>\n<li>Chrysler, Doge und Jeep: REC-Serie Navigation<\/li>\n<li>Ford Denso: Travelpilot DX und EX Systeme<\/li>\n<li>Jaguar: Denso Touchscreen-System f\u00fcr S-Type X, XJ, XR, XCL<\/li>\n<li>Mercedes: Comand und APS-Systeme<\/li>\n<li>Range Rover &amp; Land Rover: Freelander 3, Kenwood Dv3200<\/li>\n<\/ul>\n<p>[\/vc_column_text][\/vc_column_inner][vc_column_inner width=&#8220;1\/2&#8243;][vc_column_text]<\/p>\n<ul>\n<li>Opel: NCDR-Systeme, DvD90, DVD100 und CD CD70<\/li>\n<li>Peugeot: RT3- und RT4-System<\/li>\n<li>Renault: Carminat-System<\/li>\n<li>Skoda: Navigationssysteme<\/li>\n<li>Subaru: 6-CD-Wechsler-System<\/li>\n<li>Sitz: RCD, MCD, MFD1, MFD2, RNS 315 und RNS510 Systeme<\/li>\n<li>Volkswagen: RCD, MCD, MFD1, MFD2, RNS 315 und RNS510<\/li>\n<li>Volvo: RTI-Systeme C30, C70, S60, S80, V70, XC70, XC90, S70, V50 und S40<\/li>\n<\/ul>\n<p>[\/vc_column_text][\/vc_column_inner][\/vc_row_inner][\/vc_column][\/vc_row][vc_row full_width=&#8220;stretch_row&#8220; css=&#8220;.vc_custom_1612202018327{padding-top: 50px !important;padding-bottom: 15px !important;}&#8220;][vc_column css=&#8220;.vc_custom_1612180223540{padding-top: 0px !important;padding-bottom: 0px !important;}&#8220;][vc_column_text]<\/p>\n<h5>Allround-Autoelektroniker\/in<\/h5>\n<h2>Sonstige Reparaturen von Autoelektronik<\/h2>\n<p>Bei Elektrofix finden Sie mehr als nur die Installation und Reparatur von Autodisplays. Wir reparieren fast alles im Bereich der Autoelektronik, einschlie\u00dflich:<br \/>\n[\/vc_column_text][vc_row_inner css=&#8220;.vc_custom_1612260131186{padding-top: 0px !important;padding-bottom: 0px !important;}&#8220;][vc_column_inner width=&#8220;1\/2&#8243; css=&#8220;.vc_custom_1612180239327{padding-top: 0px !important;padding-bottom: 0px !important;}&#8220;][vc_column_text]<\/p>\n<ul>\n<li>Reparatur von Autoalarmen<\/li>\n<li>DVD\/CD-Lesefehler<\/li>\n<li>Reparatur der Instrumententafel<\/li>\n<li>Autoschl\u00fcssel-Reparatur<\/li>\n<\/ul>\n<p>[\/vc_column_text][\/vc_column_inner][vc_column_inner width=&#8220;1\/2&#8243;][vc_column_text]<\/p>\n<ul>\n<li>Einbau\/Reparatur\/Montage von R\u00fcckfahrkameras<\/li>\n<li>Reparatur des Drehzahl-\/Kilometerz\u00e4hlers<\/li>\n<li>Alle Marken von Autoradios<\/li>\n<li>Einbau\/Reparatur\/Montage von Kfz-Baus\u00e4tzen<\/li>\n<\/ul>\n<p>[\/vc_column_text][\/vc_column_inner][\/vc_row_inner][vc_column_text]Ist das Teil, mit dem Sie elektronische Probleme in Ihrem Auto haben, nicht oben erw\u00e4hnt? Kontaktieren Sie uns immer, um sicher zu sein. Die Chancen stehen gut, dass wir das Problem f\u00fcr Sie l\u00f6sen k\u00f6nnen.<br \/>\n[\/vc_column_text][\/vc_column][\/vc_row][vc_row][vc_column][vc_column_text]<\/p>\n<h2>Kontakt zu Elektrofix<\/h2>\n<p>Elektrofix ist die Adresse f\u00fcr den Einbau von Autodisplays und die Reparatur von Head-up-Displays, wenn diese kaputt sind. Vereinbaren Sie vorab einen Termin mit uns, indem Sie unter <a href=\"tel:0625387023\">06 25 38 70<\/a> 23 anrufen, eine E-Mail an <a href=\"mailto:info@elektrofix.nl\">info@elektrofix.nl<\/a> schicken oder eine Nachricht \u00fcber das Kontaktformular hier auf der Website hinterlassen.<br \/>\n[\/vc_column_text][\/vc_column][\/vc_row]<\/p>\n","protected":false},"excerpt":{"rendered":"<p>[vc_row full_width=&#8220;stretch_row&#8220; css=&#8220;.vc_custom_1612202182063{padding-top: 30px !important;padding-bottom: 15px !important;}&#8220;][vc_column css=&#8220;.vc_custom_1612180223540{padding-top: 0px !important;padding-bottom: 0px !important;}&#8220;][vc_row_inner equal_height=&#8220;yes&#8220; css=&#8220;.vc_custom_1614158015679{padding-top: 0px !important;padding-bottom: 0px !important;}&#8220;][vc_column_inner width=&#8220;1\/2&#8243; css=&#8220;.vc_custom_1612180239327{padding-top: 0px !important;padding-bottom: 0px !important;}&#8220;][vc_column_text][\/vc_column_text][\/vc_column_inner][vc_column_inner width=&#8220;1\/2&#8243;<a class=\"moretag\" href=\"https:\/\/www.elektrofix.nl\/de\/reparatur-von-autodisplays\/\">&#8230;<\/a><\/p>\n","protected":false},"author":1,"featured_media":0,"parent":0,"menu_order":0,"comment_status":"closed","ping_status":"closed","template":"","meta":{"footnotes":""},"class_list":["post-7484","page","type-page","status-publish","hentry"],"_links":{"self":[{"href":"https:\/\/www.elektrofix.nl\/de\/wp-json\/wp\/v2\/pages\/7484","targetHints":{"allow":["GET"]}}],"collection":[{"href":"https:\/\/www.elektrofix.nl\/de\/wp-json\/wp\/v2\/pages"}],"about":[{"href":"https:\/\/www.elektrofix.nl\/de\/wp-json\/wp\/v2\/types\/page"}],"author":[{"embeddable":true,"href":"https:\/\/www.elektrofix.nl\/de\/wp-json\/wp\/v2\/users\/1"}],"replies":[{"embeddable":true,"href":"https:\/\/www.elektrofix.nl\/de\/wp-json\/wp\/v2\/comments?post=7484"}],"version-history":[{"count":0,"href":"https:\/\/www.elektrofix.nl\/de\/wp-json\/wp\/v2\/pages\/7484\/revisions"}],"wp:attachment":[{"href":"https:\/\/www.elektrofix.nl\/de\/wp-json\/wp\/v2\/media?parent=7484"}],"curies":[{"name":"wp","href":"https:\/\/api.w.org\/{rel}","templated":true}]}}