{"id":7441,"date":"2024-02-16T13:14:40","date_gmt":"2024-02-16T12:14:40","guid":{"rendered":"https:\/\/www.elektrofix.nl\/reparatur-von-auto-lcd-bildschirmen\/"},"modified":"2024-02-16T13:14:40","modified_gmt":"2024-02-16T12:14:40","slug":"reparatur-von-auto-lcd-bildschirmen","status":"publish","type":"page","link":"https:\/\/www.elektrofix.nl\/de\/reparatur-von-auto-lcd-bildschirmen\/","title":{"rendered":"Reparatur von Auto-LCD-Bildschirmen"},"content":{"rendered":"<p>[vc_row full_width=&#8220;stretch_row&#8220; css=&#8220;.vc_custom_1612202182063{padding-top: 30px !important;padding-bottom: 15px !important;}&#8220;][vc_column css=&#8220;.vc_custom_1612180223540{padding-top: 0px !important;padding-bottom: 0px !important;}&#8220;][vc_column_text]<\/p>\n<h5>Elektrofix ist Ihr Partner von A bis Z<\/h5>\n<h2>Fachm\u00e4nnische Reparatur von Auto-LCD-Bildschirmen bei Elektrofix<\/h2>\n<p>[\/vc_column_text][vc_row_inner equal_height=&#8220;yes&#8220; content_placement=&#8220;middle&#8220; css=&#8220;.vc_custom_1612260120748{padding-top: 0px !important;padding-bottom: 0px !important;}&#8220;][vc_column_inner width=&#8220;2\/3&#8243; css=&#8220;.vc_custom_1612180239327{padding-top: 0px !important;padding-bottom: 0px !important;}&#8220;][vc_column_text]Ist ein LCD-Bildschirm in Ihrem Auto defekt? Und m\u00f6chten Sie, dass es schnell und professionell repariert wird? F\u00fcr eine fachm\u00e4nnische und schnelle Auto-LCD-Bildschirmreparatur sind die Spezialisten von Elektrofix die richtige Anlaufstelle. Unser Unternehmen hat \u00fcber 20 Jahre Erfahrung in der Reparatur von LCD-Bildschirmen, LED-Bildschirmen und Monitoren f\u00fcr Autos. Macht Ihr LCD-Bildschirm \u00fcberhaupt nichts mehr, oder haben Sie tote Pixel auf Ihrem Bildschirm? Wir k\u00f6nnen das alles reparieren. Rufen Sie uns an oder schicken Sie uns eine E-Mail, um einen Termin zu vereinbaren.[\/vc_column_text][vc_btn title=&#8220;Angebot anfordern&#8220; style=&#8220;custom&#8220; custom_text=&#8220;#666666&#8243; el_class=&#8220;blue-btn&#8220; link=&#8220;url:%23offerte|||&#8220;][\/vc_column_inner][vc_column_inner width=&#8220;1\/3&#8243; css=&#8220;.vc_custom_1612180248955{padding-top: 0px !important;padding-bottom: 0px !important;}&#8220;][vc_column_text]<img decoding=\"async\" class=\"alignnone size-full wp-image-4260 lazyload\" data-src=\"https:\/\/www.elektrofix.nl\/wp-content\/uploads\/auto-lcd-scherm-repareren.jpg\" alt=\"Auto-LCD-Bildschirm-Reparatur\" width=\"100%\" height=\"auto\" data-srcset=\"https:\/\/www.elektrofix.nl\/wp-content\/uploads\/auto-lcd-scherm-repareren.jpg 800w, https:\/\/www.elektrofix.nl\/wp-content\/uploads\/auto-lcd-scherm-repareren-300x200.jpg 300w, https:\/\/www.elektrofix.nl\/wp-content\/uploads\/auto-lcd-scherm-repareren-768x512.jpg 768w\" data-sizes=\"(max-width: 800px) 100vw, 800px\" src=\"data:image\/svg+xml;base64,PHN2ZyB3aWR0aD0iMSIgaGVpZ2h0PSIxIiB4bWxucz0iaHR0cDovL3d3dy53My5vcmcvMjAwMC9zdmciPjwvc3ZnPg==\" style=\"--smush-placeholder-width: 800px; --smush-placeholder-aspect-ratio: 800\/533;\" \/>[\/vc_column_text][\/vc_column_inner][\/vc_row_inner][\/vc_column][\/vc_row][vc_row full_width=&#8220;stretch_row&#8220; css=&#8220;.vc_custom_1612202018327{padding-top: 50px !important;padding-bottom: 15px !important;}&#8220;][vc_column css=&#8220;.vc_custom_1612180223540{padding-top: 0px !important;padding-bottom: 0px !important;}&#8220;][vc_column_text]<\/p>\n<h5>Reparieren bei Elektrofix ist billiger<\/h5>\n<h2>Reparatur von Auto-LCD-Bildschirmen, in der Regel billiger als ein neuer Bildschirm<\/h2>\n<p>Wenn der LCD-Bildschirm in Ihrem Auto kaputt geht, m\u00fcssen Sie ihn zum Gl\u00fcck nicht gleich wegwerfen und einen neuen kaufen. Ein Bildschirm kann schon einmal spontan den Geist aufgeben. Dies gilt f\u00fcr fast alle LCD-Bildschirme aller Marken. Der Bildschirm bricht auch zuf\u00e4llig zusammen. Ein kaputter Auto-LCD-Bildschirm l\u00e4sst sich also nicht immer vermeiden. Aber in der Regel reparabel! Bei Elektrofix sind wir Experten f\u00fcr die Reparatur von Auto-LCD-Bildschirmen. Egal, ob Sie einen gl\u00e4nzenden oder einen matten Bildschirm haben, wir reparieren Ihren Bildschirm schnell und fachm\u00e4nnisch. Wir k\u00f6nnen die meisten Auto-LCD-Bildschirme f\u00fcr Sie bestellen. Sie trauen sich nicht, den LCD-Bildschirm in Ihrem Auto selbst zu ersetzen? Dann \u00fcberlassen Sie es uns. Wir k\u00f6nnen Ihren defekten Bildschirm zu einem g\u00fcnstigen Preis ersetzen. Auf diese Weise k\u00f6nnen Sie schnell weitermachen.[\/vc_column_text][\/vc_column][\/vc_row][vc_row full_width=&#8220;stretch_row&#8220; css=&#8220;.vc_custom_1612199972923{margin-top: 50px !important;margin-bottom: 50px !important;padding-top: 0px !important;padding-bottom: 0px !important;background-image: url(https:\/\/www.elektrofix.nl\/wp-content\/uploads\/pexels-ingo-joseph-13781-1.png?id=250) !important;background-position: center !important;background-repeat: no-repeat !important;background-size: cover !important;}&#8220; el_class=&#8220;cta-box&#8220;][vc_column css=&#8220;.vc_custom_1612180223540{padding-top: 0px !important;padding-bottom: 0px !important;}&#8220;][vc_row_inner equal_height=&#8220;yes&#8220; content_placement=&#8220;middle&#8220; css=&#8220;.vc_custom_1612260422676{padding-top: 0px !important;padding-bottom: 0px !important;}&#8220;][vc_column_inner el_class=&#8220;cta-gradient-box&#8220; width=&#8220;1\/2&#8243; css=&#8220;.vc_custom_1612200066371{padding-top: 65px !important;padding-bottom: 35px !important;}&#8220;][vc_column_text]<\/p>\n<h2>Neugierig auf<br \/>\ndie M\u00f6glichkeiten?<\/h2>\n<p>Elektrofix ist ein Spezialist f\u00fcr die Reparatur von Autoelektronik und Softwarecodierung. Kontaktieren Sie uns noch heute f\u00fcr einen Termin![\/vc_column_text][vc_btn title=&#8220;Angebot anfordern&#8220; style=&#8220;custom&#8220; custom_text=&#8220;#666666&#8243; el_class=&#8220;white-btn&#8220; link=&#8220;url:%23offerte|||&#8220;][\/vc_column_inner][vc_column_inner width=&#8220;1\/2&#8243; css=&#8220;.vc_custom_1612180248955{padding-top: 0px !important;padding-bottom: 0px !important;}&#8220;][\/vc_column_inner][\/vc_row_inner][\/vc_column][\/vc_row][vc_row full_width=&#8220;stretch_row&#8220; css=&#8220;.vc_custom_1612199714486{padding-top: 50px !important;padding-bottom: 15px !important;}&#8220;][vc_column][vc_column_text]<\/p>\n<h2>Warum sollten Sie sich f\u00fcr die Reparatur von Auto LCD-Bildschirmen bei Elektrofix entscheiden?<\/h2>\n<p>[\/vc_column_text][vc_row_inner][vc_column_inner][vc_column_text]Ist der LCD-Bildschirm in Ihrem Auto kaputt oder muss er ersetzt werden? Die Anschaffung neuer Ger\u00e4te ist dann meist nicht die wirtschaftlichste L\u00f6sung. Nach einer Reparatur des Auto-LCD-Bildschirms bei Elektrofix funktioniert Ihr Ger\u00e4t wieder wie es soll. Es gibt eine Reihe von guten Gr\u00fcnden, sich f\u00fcr uns zu entscheiden:<\/p>\n<ul>\n<li>Mehr als 20 Jahre Erfahrung<\/li>\n<li>Schnelle Reparatur (innerhalb von 2 Tagen)<\/li>\n<li>6 Monate Garantie auf die Reparatur Ihres Auto-LCD-Bildschirms<\/li>\n<\/ul>\n<p>[\/vc_column_text][\/vc_column_inner][\/vc_row_inner][\/vc_column][\/vc_row][vc_row full_width=&#8220;stretch_row&#8220; css=&#8220;.vc_custom_1612199714486{padding-top: 50px !important;padding-bottom: 15px !important;}&#8220;][vc_column][vc_column_text]<\/p>\n<h2>Die h\u00e4ufigsten Probleme mit Auto-Monitoren und LCD-Bildschirmen<\/h2>\n<p>[\/vc_column_text][vc_row_inner][vc_column_inner width=&#8220;2\/3&#8243;][vc_column_text]<\/p>\n<ul>\n<li>Der Bildschirm leuchtet rot<\/li>\n<li>Kein Bild auf dem Bildschirm<\/li>\n<li>Der Bildschirm ist sehr dunkel<\/li>\n<li>Bildschirm blinkt ein und aus<\/li>\n<li>Der Bildschirm leuchtet rot auf und kehrt dann in den Normalzustand zur\u00fcck.<\/li>\n<li>Bildschirm nach Missgeschick gesprungen<\/li>\n<\/ul>\n<p>[\/vc_column_text][vc_btn title=&#8220;Angebot anfordern&#8220; style=&#8220;custom&#8220; custom_text=&#8220;#666666&#8243; el_class=&#8220;blue-btn&#8220; link=&#8220;url:%23offerte|||&#8220;][\/vc_column_inner][vc_column_inner width=&#8220;1\/3&#8243;][vc_column_text]<img decoding=\"async\" class=\"alignnone size-full wp-image-4259 lazyload\" data-src=\"https:\/\/www.elektrofix.nl\/wp-content\/uploads\/kapot-auto-lcd-scherm.jpg\" alt=\"gebrochener lcd-bildschirm im auto\" width=\"100%\" height=\"auto\" data-srcset=\"https:\/\/www.elektrofix.nl\/wp-content\/uploads\/kapot-auto-lcd-scherm.jpg 800w, https:\/\/www.elektrofix.nl\/wp-content\/uploads\/kapot-auto-lcd-scherm-300x193.jpg 300w, https:\/\/www.elektrofix.nl\/wp-content\/uploads\/kapot-auto-lcd-scherm-768x494.jpg 768w\" data-sizes=\"(max-width: 800px) 100vw, 800px\" src=\"data:image\/svg+xml;base64,PHN2ZyB3aWR0aD0iMSIgaGVpZ2h0PSIxIiB4bWxucz0iaHR0cDovL3d3dy53My5vcmcvMjAwMC9zdmciPjwvc3ZnPg==\" style=\"--smush-placeholder-width: 800px; --smush-placeholder-aspect-ratio: 800\/515;\" \/>[\/vc_column_text][\/vc_column_inner][\/vc_row_inner][\/vc_column][\/vc_row][vc_row][vc_column][vc_column_text]<\/p>\n<h2>Elektrofix direkt kontaktieren<\/h2>\n<p>Gehen Sie zu Elektrofix f\u00fcr die Reparatur von Auto-LCD-Bildschirmen! Bitte vereinbaren Sie vorab einen Termin unter der Telefonnummer <a href=\"tel:0625387023\">06 25 38 70<\/a> 23, per E-Mail <a href=\"mailto:info@elektrofix.nl\">info@elektrofix.nl<\/a> oder \u00fcber das Kontaktformular hier auf der Website.[\/vc_column_text][\/vc_column][\/vc_row]<\/p>\n","protected":false},"excerpt":{"rendered":"<p>[vc_row full_width=&#8220;stretch_row&#8220; css=&#8220;.vc_custom_1612202182063{padding-top: 30px !important;padding-bottom: 15px !important;}&#8220;][vc_column css=&#8220;.vc_custom_1612180223540{padding-top: 0px !important;padding-bottom: 0px !important;}&#8220;][vc_column_text] Elektrofix ist Ihr Partner von A bis Z Fachm\u00e4nnische Reparatur von Auto-LCD-Bildschirmen bei<a class=\"moretag\" href=\"https:\/\/www.elektrofix.nl\/de\/reparatur-von-auto-lcd-bildschirmen\/\">&#8230;<\/a><\/p>\n","protected":false},"author":1,"featured_media":0,"parent":0,"menu_order":0,"comment_status":"closed","ping_status":"closed","template":"","meta":{"footnotes":""},"class_list":["post-7441","page","type-page","status-publish","hentry"],"_links":{"self":[{"href":"https:\/\/www.elektrofix.nl\/de\/wp-json\/wp\/v2\/pages\/7441","targetHints":{"allow":["GET"]}}],"collection":[{"href":"https:\/\/www.elektrofix.nl\/de\/wp-json\/wp\/v2\/pages"}],"about":[{"href":"https:\/\/www.elektrofix.nl\/de\/wp-json\/wp\/v2\/types\/page"}],"author":[{"embeddable":true,"href":"https:\/\/www.elektrofix.nl\/de\/wp-json\/wp\/v2\/users\/1"}],"replies":[{"embeddable":true,"href":"https:\/\/www.elektrofix.nl\/de\/wp-json\/wp\/v2\/comments?post=7441"}],"version-history":[{"count":0,"href":"https:\/\/www.elektrofix.nl\/de\/wp-json\/wp\/v2\/pages\/7441\/revisions"}],"wp:attachment":[{"href":"https:\/\/www.elektrofix.nl\/de\/wp-json\/wp\/v2\/media?parent=7441"}],"curies":[{"name":"wp","href":"https:\/\/api.w.org\/{rel}","templated":true}]}}