{"id":7394,"date":"2024-02-16T13:14:25","date_gmt":"2024-02-16T12:14:25","guid":{"rendered":"https:\/\/www.elektrofix.nl\/bmw-ccc-reparatur\/"},"modified":"2024-02-16T13:14:25","modified_gmt":"2024-02-16T12:14:25","slug":"bmw-ccc-reparatur","status":"publish","type":"page","link":"https:\/\/www.elektrofix.nl\/de\/bmw-ccc-reparatur\/","title":{"rendered":"BMW CCC Reparatur"},"content":{"rendered":"<p>[vc_row full_width=&#8220;stretch_row&#8220; css=&#8220;.vc_custom_1612202182063{padding-top: 30px !important;padding-bottom: 15px !important;}&#8220;][vc_column css=&#8220;.vc_custom_1612180223540{padding-top: 0px !important;padding-bottom: 0px !important;}&#8220;][vc_column_text]<\/p>\n<h5>Elektrofix ist Ihr Partner von A bis Z<\/h5>\n<h2>BMW CCC-Reparaturen finden Sie bei Elektrofix<\/h2>\n<p>[\/vc_column_text][vc_row_inner equal_height=&#8220;yes&#8220; content_placement=&#8220;middle&#8220; css=&#8220;.vc_custom_1612260120748{padding-top: 0px !important;padding-bottom: 0px !important;}&#8220;][vc_column_inner width=&#8220;1\/2&#8243; css=&#8220;.vc_custom_1612180239327{padding-top: 0px !important;padding-bottom: 0px !important;}&#8220;][vc_single_image image=&#8220;875&#8243; img_size=&#8220;full&#8220;][\/vc_column_inner][vc_column_inner width=&#8220;1\/2&#8243; css=&#8220;.vc_custom_1612180248955{padding-top: 0px !important;padding-bottom: 0px !important;}&#8220;][vc_column_text]Ist Ihr BMW CCC Ger\u00e4t defekt? Bleibt es zum Beispiel beim BMW Logo h\u00e4ngen, startet es st\u00e4ndig neu oder startet das System gar nicht neu? Haben Sie auf bestimmten Lautsprechern keinen Ton mehr oder \u00fcberhaupt keinen Ton mehr? Werden DVDs oder CDs nicht mehr gelesen oder stecken sie fest? Oder haben Sie nicht einmal GPS-Empfang? Sie sehen: Ihrem BMW CCC Ger\u00e4t kann alles passieren. Das ist nat\u00fcrlich sehr \u00e4rgerlich. Zumal man manchmal sehr abh\u00e4ngig davon ist, wie bei einem Navigationssystem.<\/p>\n<p>Bei Elektrofix erhalten Sie eine fachm\u00e4nnische Reparatur des BMW CCC-Ger\u00e4ts. Vereinbaren Sie einen Termin mit uns und wir helfen Ihnen zu einem vern\u00fcnftigen Preis weiter.[\/vc_column_text][vc_btn title=&#8220;Angebot anfordern&#8220; style=&#8220;custom&#8220; custom_text=&#8220;#666666&#8243; el_class=&#8220;blue-btn&#8220; link=&#8220;url:%23offerte|||&#8220;][\/vc_column_inner][\/vc_row_inner][\/vc_column][\/vc_row][vc_row full_width=&#8220;stretch_row&#8220; css=&#8220;.vc_custom_1612202018327{padding-top: 50px !important;padding-bottom: 15px !important;}&#8220;][vc_column css=&#8220;.vc_custom_1612180223540{padding-top: 0px !important;padding-bottom: 0px !important;}&#8220;][vc_column_text]<\/p>\n<h5>Reparieren bei Elektrofix ist billiger<\/h5>\n<h2>BMW CCC Reparatur, wirtschaftlicher als Ersatz<\/h2>\n<p>F\u00fcr eine kosteng\u00fcnstige, schnelle und gute BMW Elektronik-Reparatur k\u00f6nnen Sie sich jederzeit an Elektrofix wenden. Darauf haben wir uns sogar spezialisiert. So reparieren wir auch die bekannten BMW CCC-Ger\u00e4te. Wir reparieren Module f\u00fcr einen Bruchteil des Neupreises, nat\u00fcrlich mit Garantie! Wenn Sie Ihre BMW Elektronikteile bei uns reparieren lassen, sparen Sie viel Geld. Oft ist es sehr teuer, ein defektes Teil bei einem H\u00e4ndler zu kaufen. Ein neues BMW CCC-Ger\u00e4t kostet rund tausend Euro, was den Geldbeutel stark belastet.<\/p>\n<p>Dar\u00fcber hinaus berechnen die H\u00e4ndler f\u00fcr den Ein- und Ausbau von Teilen oft einen angemessenen Stundensatz. Und oft verlangen sie auch eine Geb\u00fchr f\u00fcr das Erlernen des neuen Teils. Bei Elektrofix ist der Ein- und Ausbau Ihres BMW CCC-Navigationssystems immer kostenlos, und Sie m\u00fcssen nicht zum H\u00e4ndler gehen, um das reparierte Teil neu einlernen zu lassen. BMW CCC Reparaturen f\u00fchren wir in unserer eigenen Werkstatt durch.[\/vc_column_text][\/vc_column][\/vc_row][vc_row full_width=&#8220;stretch_row&#8220; css=&#8220;.vc_custom_1612199714486{padding-top: 50px !important;padding-bottom: 15px !important;}&#8220;][vc_column][vc_column_text]<\/p>\n<h2>Wann ist eine Reparatur des BMW CCC-Moduls erforderlich?<\/h2>\n<p>[\/vc_column_text][vc_row_inner][vc_column_inner width=&#8220;1\/2&#8243;][vc_column_text]Wie bereits erw\u00e4hnt, gibt es eine Reihe von Punkten, an denen eine BMW CCC-Einheit scheitern kann. Vor allem in der 5er-Reihe sind sie immer h\u00e4ufiger anzutreffen. Sie sind unten aufgef\u00fchrt:<\/p>\n<ul>\n<li>Bildschirm bleibt h\u00e4ngen oder startet mehrmals neu (BMW-Logo)<\/li>\n<li>Bildschirm bleibt schwarz<\/li>\n<li>Keine Verbindung oder R\u00fcckmeldung<\/li>\n<li>Stromverbrauch zu hoch<\/li>\n<li>Die Beleuchtung funktioniert nicht<\/li>\n<li>L\u00fcfter l\u00e4uft ununterbrochen<\/li>\n<li>Klangverlust<\/li>\n<li>Vollst\u00e4ndiges Versagen<\/li>\n<li>iDrive nicht in Betrieb<\/li>\n<\/ul>\n<p>[\/vc_column_text][vc_btn title=&#8220;Angebot anfordern&#8220; style=&#8220;custom&#8220; custom_text=&#8220;#666666&#8243; el_class=&#8220;blue-btn&#8220; link=&#8220;url:%23offerte|||&#8220;][\/vc_column_inner][vc_column_inner width=&#8220;1\/2&#8243;][vc_single_image image=&#8220;879&#8243; img_size=&#8220;full&#8220;][\/vc_column_inner][\/vc_row_inner][\/vc_column][\/vc_row][vc_row full_width=&#8220;stretch_row&#8220; css=&#8220;.vc_custom_1612199972923{margin-top: 50px !important;margin-bottom: 50px !important;padding-top: 0px !important;padding-bottom: 0px !important;background-image: url(https:\/\/www.elektrofix.nl\/wp-content\/uploads\/pexels-ingo-joseph-13781-1.png?id=250) !important;background-position: center !important;background-repeat: no-repeat !important;background-size: cover !important;}&#8220; el_class=&#8220;cta-box&#8220;][vc_column css=&#8220;.vc_custom_1612180223540{padding-top: 0px !important;padding-bottom: 0px !important;}&#8220;][vc_row_inner equal_height=&#8220;yes&#8220; content_placement=&#8220;middle&#8220; css=&#8220;.vc_custom_1612260422676{padding-top: 0px !important;padding-bottom: 0px !important;}&#8220;][vc_column_inner el_class=&#8220;cta-gradient-box&#8220; width=&#8220;1\/2&#8243; css=&#8220;.vc_custom_1612200066371{padding-top: 65px !important;padding-bottom: 35px !important;}&#8220;][vc_column_text]<\/p>\n<h2>Neugierig auf<br \/>\ndie M\u00f6glichkeiten?<\/h2>\n<p>Elektrofix ist ein Spezialist f\u00fcr die Reparatur von Autoelektronik und Softwarecodierung. Kontaktieren Sie uns noch heute f\u00fcr einen Termin![\/vc_column_text][vc_btn title=&#8220;Angebot anfordern&#8220; style=&#8220;custom&#8220; custom_text=&#8220;#666666&#8243; el_class=&#8220;white-btn&#8220; link=&#8220;url:%23offerte|||&#8220;][\/vc_column_inner][vc_column_inner width=&#8220;1\/2&#8243; css=&#8220;.vc_custom_1612180248955{padding-top: 0px !important;padding-bottom: 0px !important;}&#8220;][\/vc_column_inner][\/vc_row_inner][\/vc_column][\/vc_row][vc_row full_width=&#8220;stretch_row&#8220; css=&#8220;.vc_custom_1612202018327{padding-top: 50px !important;padding-bottom: 15px !important;}&#8220;][vc_column css=&#8220;.vc_custom_1612180223540{padding-top: 0px !important;padding-bottom: 0px !important;}&#8220;][vc_column_text]<\/p>\n<h2>BMW CCC professional M-ask II Business Navigation Reparatur<\/h2>\n<p>Haben Sie Probleme mit Ihrem BMW CCC und der M-ask2 Navigation? Dann sind Sie bei uns genau richtig.<br \/>\nWenn Sie mit Ihrem Auto kommen, wird das Problem wahrscheinlich zwischen 3 und 5 Uhr behoben sein. einschlie\u00dflich. Montage und Kodierung mit der Originalausr\u00fcstung.<\/p>\n<p>Ein Besuch ist nicht erforderlich. Eine weitere M\u00f6glichkeit ist die Einsendung der Ger\u00e4te. Der Versand ist per Post m\u00f6glich. Diese Reparatur dauert etwa zwei Tage.<\/p>\n<p>Wir reparieren CCC-Probleme f\u00fcr die folgenden Modelle<\/p>\n<ul>\n<li>BMW 1er-Reihe: e81, e82, e87, e88<\/li>\n<li>BMW 3er-Reihe: e90, e91, e92, e93<\/li>\n<li>BMW 5er-Reihe: e60, e61<\/li>\n<li>BMW 6er-Reihe: e63, e64<\/li>\n<li>BMW X5 E70<\/li>\n<\/ul>\n<p>[\/vc_column_text][\/vc_column][vc_column][vc_column_text]<\/p>\n<h2>Die h\u00e4ufigsten Probleme mit dem BMW CCC<\/h2>\n<p>[\/vc_column_text][vc_row_inner][vc_column_inner width=&#8220;1\/2&#8243;][vc_column_text]<\/p>\n<ul>\n<li>Jedes Mal neu starten<\/li>\n<li>BMW-Logo bleibt fixiert<\/li>\n<li>V\u00f6llig ohne Funktion<\/li>\n<li>Nicht ansprechbar<\/li>\n<li>Das Navigationssystem l\u00e4sst sich nicht starten<\/li>\n<li>K\u00fchlerl\u00fcfter l\u00e4sst sich nicht ausschalten<\/li>\n<li>Die Batterie ist schnell leer<\/li>\n<\/ul>\n<p>[\/vc_column_text][\/vc_column_inner][vc_column_inner width=&#8220;1\/2&#8243;][vc_column_text]<\/p>\n<ul>\n<li>CCC-Navigation wird sehr hei\u00df<\/li>\n<li>Bluetooth-Verbindung wird gest\u00f6rt<\/li>\n<li>Bluetooth kann nicht aktiviert werden<\/li>\n<li>Ton f\u00e4llt oft aus<\/li>\n<li>I Antriebsregler kann nicht ausw\u00e4hlen<\/li>\n<li>Code-Problem oder fehlerhaft codiert<\/li>\n<li>Die DVD oder CD wird nicht gelesen<\/li>\n<\/ul>\n<p>[\/vc_column_text][\/vc_column_inner][\/vc_row_inner][\/vc_column][\/vc_row][vc_row full_width=&#8220;stretch_row&#8220; css=&#8220;.vc_custom_1612202018327{padding-top: 50px !important;padding-bottom: 15px !important;}&#8220;][vc_column css=&#8220;.vc_custom_1612180223540{padding-top: 0px !important;padding-bottom: 0px !important;}&#8220;][vc_column_text]<\/p>\n<h2>BMW Navigation aktualisieren oder zur\u00fccksetzen<\/h2>\n<p>Braucht Ihr BMW Navigationssystem ein Update oder einen Reset? Auch darum k\u00f6nnen wir uns k\u00fcmmern. Sie m\u00f6chten die aktuellsten Navigationskarten nutzen? Dann k\u00f6nnen wir sie f\u00fcr Sie aktualisieren. Dazu geh\u00f6rt auch der erforderliche Freigabecode (FSC-Code). Die Aktualisierung der Navigationskarten dauert ca. 45-60 Minuten, w\u00e4hrend derer Sie das Infotainment-System wie gewohnt nutzen k\u00f6nnen. Sie k\u00f6nnen das Update auch auf einem USB-Stick (32 GB) erhalten, so dass Sie das Update selbst durchf\u00fchren k\u00f6nnen.[\/vc_column_text][\/vc_column][\/vc_row][vc_row][vc_column][vc_column_text]<\/p>\n<h2>Elektrofix direkt kontaktieren<\/h2>\n<p>F\u00fcr BMW CCC-Reparaturen wenden Sie sich bitte an Elektrofix. Schneller und billiger als beim H\u00e4ndler! Bitte vereinbaren Sie vorab einen Termin unter der Telefonnummer <a href=\"tel:0625387023\">06 25 38 70<\/a> 23, per E-Mail <a href=\"mailto:info@elektrofix.nl\">info@elektrofix.nl<\/a> oder \u00fcber das Kontaktformular hier auf der Website.[\/vc_column_text][\/vc_column][\/vc_row]<\/p>\n","protected":false},"excerpt":{"rendered":"<p>[vc_row full_width=&#8220;stretch_row&#8220; css=&#8220;.vc_custom_1612202182063{padding-top: 30px !important;padding-bottom: 15px !important;}&#8220;][vc_column css=&#8220;.vc_custom_1612180223540{padding-top: 0px !important;padding-bottom: 0px !important;}&#8220;][vc_column_text] Elektrofix ist Ihr Partner von A bis Z BMW CCC-Reparaturen finden Sie bei<a class=\"moretag\" href=\"https:\/\/www.elektrofix.nl\/de\/bmw-ccc-reparatur\/\">&#8230;<\/a><\/p>\n","protected":false},"author":1,"featured_media":0,"parent":0,"menu_order":0,"comment_status":"closed","ping_status":"closed","template":"","meta":{"footnotes":""},"class_list":["post-7394","page","type-page","status-publish","hentry"],"_links":{"self":[{"href":"https:\/\/www.elektrofix.nl\/de\/wp-json\/wp\/v2\/pages\/7394","targetHints":{"allow":["GET"]}}],"collection":[{"href":"https:\/\/www.elektrofix.nl\/de\/wp-json\/wp\/v2\/pages"}],"about":[{"href":"https:\/\/www.elektrofix.nl\/de\/wp-json\/wp\/v2\/types\/page"}],"author":[{"embeddable":true,"href":"https:\/\/www.elektrofix.nl\/de\/wp-json\/wp\/v2\/users\/1"}],"replies":[{"embeddable":true,"href":"https:\/\/www.elektrofix.nl\/de\/wp-json\/wp\/v2\/comments?post=7394"}],"version-history":[{"count":0,"href":"https:\/\/www.elektrofix.nl\/de\/wp-json\/wp\/v2\/pages\/7394\/revisions"}],"wp:attachment":[{"href":"https:\/\/www.elektrofix.nl\/de\/wp-json\/wp\/v2\/media?parent=7394"}],"curies":[{"name":"wp","href":"https:\/\/api.w.org\/{rel}","templated":true}]}}